{"id":391,"date":"2021-06-11T12:50:38","date_gmt":"2021-06-11T10:50:38","guid":{"rendered":"https:\/\/www.stag.pl\/?page_id=391"},"modified":"2021-12-16T08:53:59","modified_gmt":"2021-12-16T07:53:59","slug":"faq","status":"publish","type":"page","link":"https:\/\/www.stag.pl\/en\/faq\/","title":{"rendered":"Faq"},"content":{"rendered":"","protected":false},"excerpt":{"rendered":"","protected":false},"author":1,"featured_media":0,"parent":0,"menu_order":29,"comment_status":"closed","ping_status":"closed","template":"template-faq.php","meta":{"_acf_changed":false,"inline_featured_image":false,"footnotes":""},"class_list":["post-391","page","type-page","status-publish","hentry"],"acf":{"faq":[{"pytanie":"How much does an LPG system cost? ","odpowiedz":"<p>LPG system is selected individually for each car. Price of the installation depends on the components used, and the type of engine.<br \/>\nDetails of installation and pricing can be obtained at one of our RECOMMENDED GARAGES.<\/p>\n"},{"pytanie":"Is LPG dangerous?","odpowiedz":"<p>No. Despite the fact that the LPG mixture is flammable, a properly installed autogas system in the car is completely safe. Gas installations for cars undergo a number of specialized tests and meet very high quality standards. They are completely sealed, and equipped with a number of safeguards.<br \/>\nAs the market leader in LPG installations we have carried out numerous safety tests of our installations. The results were unequivocal \u2013 STAG LPG systems are safe even during an accident.<\/p>\n"},{"pytanie":"What's the durability of a gas installation?","odpowiedz":"<p>Good quality electronics, such as STAG components, should be functional for the rest of your car\u2019s life. The warranty for these components is 5 years. The expiration date of a gas cylinder is up to 10 years. Although technically it should work much longer, it needs to be replaced after a decade.<br \/>\nThe service life of operating elements, such as reducer and injectors, depends on operating conditions and the quality of fuel used. STAG reducers and injectors used on long journeys should last for 150-200 thousand km.<\/p>\n"},{"pytanie":"Can you smell the LPG gas?","odpowiedz":"<p>Yes. The propane\/butane mixture itself is odorless, but odor components are added during the manufacturing process. This makes it easy to detect a possible leak or leakage. The odor of the mixture is therefore critical to the safety of the installation.<br \/>\nOld-type installations, known as mixer installations, are associated with a characteristic smell of gas during everyday use. Modern STAG installations are completely leakproof, so you should not smell anything in everyday use.<\/p>\n"},{"pytanie":"Will my car lose power?","odpowiedz":"<p>No. Old-type mixing installations did cause a decrease in power, which drivers weren&#8217;t happy about. Modern STAG autogas systems cause a drop of less than 5% of power \u2013 a value unnoticeable in use.<br \/>\nIn order to work with ful efficiency, a computer-controlled LPG system has to be very precisely matched to the specific engine model. Such selection is carried out by a qualified gas fitter. It is worth choosing the place of installation carefully, so you can be sure they provide highest quality components, correct assembly and professional installation.<\/p>\n"},{"pytanie":"Does the cylinder take up space in my trunk?","odpowiedz":"<p>Not necessarily. When installing a STAG autogas system we can decide on the type of gas tank in our car. Large tanks mounted in the trunk are still popular, but drivers are increasingly opting for smaller toroidal tanks. These tanks are designed to fit in the spare wheel space. This solution allows you to keep the capacity of the trunk.<\/p>\n"},{"pytanie":"Does LPG have a negative effect on engine durability?","odpowiedz":"<p>No. Type of fuel has no effect on engine wear.<\/p>\n"},{"pytanie":"Can gas be installed in all gasoline engines?","odpowiedz":"<p>Yes, STAG Autogas Systems offers systems designed for both direct and indirect injection engines. Autogas systems for direct injection are dedicated to a specific engine code. Our installers precisely select the installation components for the code, type of engine and engine power. We also offer installations designed for diesel engines.<br \/>\nIt is advisable to entrust the selection of an installation suitable for your vehicle to experts from STAG Authorised Service Centres.<\/p>\n"},{"pytanie":"Does a car on gas burn more fuel?","odpowiedz":"<p>Yes. Gas has a lower calorific value than petrol, and it is supplied to the combustion chamber in the vaporized state. For this reason, a car powered by LPG burns about 10-20% more fuel per 100 kilometers than those powered by conventional fuel. Nevertheless, driving on LPG is more economical. The difference in fuel prices means that despite the seemingly unfavourable increase in combustion, fuel cost savings can reach up to 40%.<\/p>\n"},{"pytanie":"How much does a gas powered engine burn?","odpowiedz":"<p>An engine powered by gas burns more liters of fuel than an engine powered by conventional fuel. Depending on the type of engine and installation, the difference is 10-20%. Nevertheless, due to the significant difference in price between LPG and other fuels, running on LPG is much cheaper than running on petrol, despite the increase in combustion.<\/p>\n"},{"pytanie":"Does a gas-powered car also consume gasoline?","odpowiedz":"<p>Yes, petrol is necessary to start the engine.<br \/>\nModern STAG autogas controllers start LPG system only when the liquid in the cooling system reaches the temperature suitable for heating the reducer.<\/p>\n<p>In some car models petrol can be used for the so called petrol injection. This means that in certain ranges of engine speed the gas supply system works in parallel with the petrol supply system. In indirect injection systems, this may serve to protect the valve seats. In systems with direct injection, this is to protect the petrol injector \u2013 in these cases the petrol injection is constant and continuous.<br \/>\nThe percentage of petrol injection and individual petrol consumption depends on the type and class of installation and also on the type of engine.<\/p>\n"},{"pytanie":"Is it safe to install LPG system in an older car with high mileage?","odpowiedz":"<p>Yes. If the car has a well-working engine, installation of the system is not a problem. However, it should be taken into account that even minor faults that produce insignificant symptoms when running on petrol can seriously disrupt the operation of the LPG system. For this reason, in older cars it is worth to routinely replace high voltage cables and spark plugs. Special attention should also be paid to the engine\u2019s electrical harness. In the absence of hydraulic ignition clearance adjustment, valve adjustment is necessary.<\/p>\n"},{"pytanie":"Does the car have to pass any special inspection before LPG system installation?","odpowiedz":"<p>No. However, before installing the system you need to make sure that the ignition system of the engine is in perfect condition \u2013 gas combustion is more demanding for the ignition system than petrol combustion.<br \/>\nIn case of younger cars, a standard inspection and oil change is enough. In case of older cars, it is worth to check carefully if there are no more serious defects such as excessive blowing of gases to the crankcase due to wear of piston rings or cylinders. You should also check if the car does not consume too much oil.<\/p>\n"}]},"yoast_head":"<!-- This site is optimized with the Yoast SEO plugin v26.3 - https:\/\/yoast.com\/wordpress\/plugins\/seo\/ -->\n<title>Faq - Stag<\/title>\n<meta name=\"robots\" content=\"index, follow, max-snippet:-1, max-image-preview:large, max-video-preview:-1\" \/>\n<link rel=\"canonical\" href=\"https:\/\/www.stag.pl\/en\/faq\/\" \/>\n<meta property=\"og:locale\" content=\"en_US\" \/>\n<meta property=\"og:type\" content=\"article\" \/>\n<meta property=\"og:title\" content=\"Faq - Stag\" \/>\n<meta property=\"og:url\" content=\"https:\/\/www.stag.pl\/en\/faq\/\" \/>\n<meta property=\"og:site_name\" content=\"Stag\" \/>\n<meta property=\"article:modified_time\" content=\"2021-12-16T07:53:59+00:00\" \/>\n<meta property=\"og:image\" content=\"https:\/\/www.stag.pl\/wp-content\/uploads\/2021\/06\/stag.png\" \/>\n\t<meta property=\"og:image:width\" content=\"600\" \/>\n\t<meta property=\"og:image:height\" content=\"315\" \/>\n\t<meta property=\"og:image:type\" content=\"image\/png\" \/>\n<meta name=\"twitter:card\" content=\"summary_large_image\" \/>\n<script type=\"application\/ld+json\" class=\"yoast-schema-graph\">{\"@context\":\"https:\/\/schema.org\",\"@graph\":[{\"@type\":\"WebPage\",\"@id\":\"https:\/\/www.stag.pl\/en\/faq\/\",\"url\":\"https:\/\/www.stag.pl\/en\/faq\/\",\"name\":\"Faq - Stag\",\"isPartOf\":{\"@id\":\"https:\/\/www.stag.pl\/#website\"},\"datePublished\":\"2021-06-11T10:50:38+00:00\",\"dateModified\":\"2021-12-16T07:53:59+00:00\",\"breadcrumb\":{\"@id\":\"https:\/\/www.stag.pl\/en\/faq\/#breadcrumb\"},\"inLanguage\":\"en-US\",\"potentialAction\":[{\"@type\":\"ReadAction\",\"target\":[\"https:\/\/www.stag.pl\/en\/faq\/\"]}]},{\"@type\":\"BreadcrumbList\",\"@id\":\"https:\/\/www.stag.pl\/en\/faq\/#breadcrumb\",\"itemListElement\":[{\"@type\":\"ListItem\",\"position\":1,\"name\":\"Strona g\u0142\u00f3wna\",\"item\":\"https:\/\/www.stag.pl\/en\/\"},{\"@type\":\"ListItem\",\"position\":2,\"name\":\"Faq\"}]},{\"@type\":\"WebSite\",\"@id\":\"https:\/\/www.stag.pl\/#website\",\"url\":\"https:\/\/www.stag.pl\/\",\"name\":\"Stag\",\"description\":\"Interesuje Ci\u0119 instalacja autogazu w samochodzie? Instalacja gazowa do samochodu od STAG to gwarancja oszcz\u0119dno\u015bci i bezpiecze\u0144stwa. Sprawd\u017a!\",\"potentialAction\":[{\"@type\":\"SearchAction\",\"target\":{\"@type\":\"EntryPoint\",\"urlTemplate\":\"https:\/\/www.stag.pl\/?s={search_term_string}\"},\"query-input\":{\"@type\":\"PropertyValueSpecification\",\"valueRequired\":true,\"valueName\":\"search_term_string\"}}],\"inLanguage\":\"en-US\"}]}<\/script>\n<!-- \/ Yoast SEO plugin. -->","yoast_head_json":{"title":"Faq - Stag","robots":{"index":"index","follow":"follow","max-snippet":"max-snippet:-1","max-image-preview":"max-image-preview:large","max-video-preview":"max-video-preview:-1"},"canonical":"https:\/\/www.stag.pl\/en\/faq\/","og_locale":"en_US","og_type":"article","og_title":"Faq - Stag","og_url":"https:\/\/www.stag.pl\/en\/faq\/","og_site_name":"Stag","article_modified_time":"2021-12-16T07:53:59+00:00","og_image":[{"width":600,"height":315,"url":"https:\/\/www.stag.pl\/wp-content\/uploads\/2021\/06\/stag.png","type":"image\/png"}],"twitter_card":"summary_large_image","schema":{"@context":"https:\/\/schema.org","@graph":[{"@type":"WebPage","@id":"https:\/\/www.stag.pl\/en\/faq\/","url":"https:\/\/www.stag.pl\/en\/faq\/","name":"Faq - Stag","isPartOf":{"@id":"https:\/\/www.stag.pl\/#website"},"datePublished":"2021-06-11T10:50:38+00:00","dateModified":"2021-12-16T07:53:59+00:00","breadcrumb":{"@id":"https:\/\/www.stag.pl\/en\/faq\/#breadcrumb"},"inLanguage":"en-US","potentialAction":[{"@type":"ReadAction","target":["https:\/\/www.stag.pl\/en\/faq\/"]}]},{"@type":"BreadcrumbList","@id":"https:\/\/www.stag.pl\/en\/faq\/#breadcrumb","itemListElement":[{"@type":"ListItem","position":1,"name":"Strona g\u0142\u00f3wna","item":"https:\/\/www.stag.pl\/en\/"},{"@type":"ListItem","position":2,"name":"Faq"}]},{"@type":"WebSite","@id":"https:\/\/www.stag.pl\/#website","url":"https:\/\/www.stag.pl\/","name":"Stag","description":"Interesuje Ci\u0119 instalacja autogazu w samochodzie? Instalacja gazowa do samochodu od STAG to gwarancja oszcz\u0119dno\u015bci i bezpiecze\u0144stwa. Sprawd\u017a!","potentialAction":[{"@type":"SearchAction","target":{"@type":"EntryPoint","urlTemplate":"https:\/\/www.stag.pl\/?s={search_term_string}"},"query-input":{"@type":"PropertyValueSpecification","valueRequired":true,"valueName":"search_term_string"}}],"inLanguage":"en-US"}]}},"_links":{"self":[{"href":"https:\/\/www.stag.pl\/en\/wp-json\/wp\/v2\/pages\/391","targetHints":{"allow":["GET"]}}],"collection":[{"href":"https:\/\/www.stag.pl\/en\/wp-json\/wp\/v2\/pages"}],"about":[{"href":"https:\/\/www.stag.pl\/en\/wp-json\/wp\/v2\/types\/page"}],"author":[{"embeddable":true,"href":"https:\/\/www.stag.pl\/en\/wp-json\/wp\/v2\/users\/1"}],"replies":[{"embeddable":true,"href":"https:\/\/www.stag.pl\/en\/wp-json\/wp\/v2\/comments?post=391"}],"version-history":[{"count":5,"href":"https:\/\/www.stag.pl\/en\/wp-json\/wp\/v2\/pages\/391\/revisions"}],"predecessor-version":[{"id":2026,"href":"https:\/\/www.stag.pl\/en\/wp-json\/wp\/v2\/pages\/391\/revisions\/2026"}],"wp:attachment":[{"href":"https:\/\/www.stag.pl\/en\/wp-json\/wp\/v2\/media?parent=391"}],"curies":[{"name":"wp","href":"https:\/\/api.w.org\/{rel}","templated":true}]}}