{"id":46,"date":"2021-05-18T11:33:30","date_gmt":"2021-05-18T09:33:30","guid":{"rendered":"https:\/\/www.stag.pl\/?page_id=46"},"modified":"2023-03-17T11:44:36","modified_gmt":"2023-03-17T10:44:36","slug":"home","status":"publish","type":"page","link":"https:\/\/www.stag.pl\/en\/","title":{"rendered":"Home"},"content":{"rendered":"","protected":false},"excerpt":{"rendered":"","protected":false},"author":1,"featured_media":0,"parent":0,"menu_order":59,"comment_status":"closed","ping_status":"closed","template":"template-homepage.php","meta":{"_acf_changed":false,"inline_featured_image":false,"footnotes":""},"class_list":["post-46","page","type-page","status-publish","hentry"],"acf":{"cta_box":{"naglowek":"Start saving","link":"","tekst_przycisku":" Contact form"},"karta_1":{"tytul":"Authorised Service Centres","opis":"STAG Authorised Service Centres are a network of service points closely cooperating with the brand, all around Poland. We highly recommend them to customers looking for professional installation of autogas systems. In STAG network garages you will be provided with professional services guaranteed by the STAG.","tekst_przycisku":" Go to the map","url":""},"karta_2":{"tytul":"Any questions about STAG?","opis":"Do you have any questions regarding autogas installations? Look no further, as we're the leader! Please get in touch, and we will match your car with the optimal system and recommend the best place  for fitting STAG gas systems.  Our technicians will also advise you on how to service your LPG vehicle, so that it serves you as long as possible.","tekst_przycisku":" Check it out","url":""},"korzysci":[{"ikonka_biala":"https:\/\/www.stag.pl\/wp-content\/uploads\/2021\/05\/i1a.svg","ikonka_czerwona":"https:\/\/www.stag.pl\/wp-content\/uploads\/2021\/05\/i1.svg","tytul":" Savings","opis":"Travelling on LPG is up to 50% cheaper than travelling on conventional fuel. So LPG takes you twice as far!"},{"ikonka_biala":"https:\/\/www.stag.pl\/wp-content\/uploads\/2021\/05\/i2b-1.svg","ikonka_czerwona":"https:\/\/www.stag.pl\/wp-content\/uploads\/2021\/05\/i2-1.svg","tytul":" International warranty","opis":"We provide international warranty so you can feel safe on the road. STAG Extended Warranty provides warranty protection for components in new cars."},{"ikonka_biala":"https:\/\/www.stag.pl\/wp-content\/uploads\/2021\/05\/i3b.svg","ikonka_czerwona":"https:\/\/www.stag.pl\/wp-content\/uploads\/2021\/05\/i3.svg","tytul":" International AS network","opis":"Extensive STAG servicing network in Poland and all of Europe. Travel safely with us!"},{"ikonka_biala":"https:\/\/www.stag.pl\/wp-content\/uploads\/2021\/05\/i4b.svg","ikonka_czerwona":"https:\/\/www.stag.pl\/wp-content\/uploads\/2021\/05\/i4.svg","tytul":" Ecology","opis":"LPG produces lower level of harmful compounds emissions  into the atmosphere. Less exhaust fumes means less greenhouse gases, and cleaner air."},{"ikonka_biala":"https:\/\/www.stag.pl\/wp-content\/uploads\/2021\/05\/i6b.svg","ikonka_czerwona":"https:\/\/www.stag.pl\/wp-content\/uploads\/2021\/05\/i5.svg","tytul":" Polish producer","opis":"We have our own Research and Development Center, and all components are manufactured in Poland."},{"ikonka_biala":"https:\/\/www.stag.pl\/wp-content\/uploads\/2021\/05\/i5b.svg","ikonka_czerwona":"https:\/\/www.stag.pl\/wp-content\/uploads\/2021\/05\/i6.svg","tytul":"Quality and safety","opis":"We provide fast and professional customer service. A STAG garage will provide you with a professional service at a reasonable price.\r\n "}],"wybrane_strony":[{"ID":391,"post_author":"1","post_date":"2021-06-11 12:50:38","post_date_gmt":"2021-06-11 10:50:38","post_content":"","post_title":"Faq","post_excerpt":"","post_status":"publish","comment_status":"closed","ping_status":"closed","post_password":"","post_name":"faq","to_ping":"","pinged":"","post_modified":"2021-12-16 08:53:59","post_modified_gmt":"2021-12-16 07:53:59","post_content_filtered":"","post_parent":0,"guid":"https:\/\/www.stag.pl\/?page_id=391","menu_order":29,"post_type":"page","post_mime_type":"","comment_count":"0","filter":"raw"},{"ID":361,"post_author":"1","post_date":"2021-06-11 09:32:23","post_date_gmt":"2021-06-11 07:32:23","post_content":"","post_title":"LPG profitability calculator","post_excerpt":"","post_status":"publish","comment_status":"closed","ping_status":"closed","post_password":"","post_name":"lpg-profitability-calculator","to_ping":"","pinged":"","post_modified":"2023-03-17 16:15:29","post_modified_gmt":"2023-03-17 15:15:29","post_content_filtered":"","post_parent":0,"guid":"https:\/\/www.stag.pl\/?page_id=361","menu_order":31,"post_type":"page","post_mime_type":"","comment_count":"0","filter":"raw"},{"ID":374,"post_author":"1","post_date":"2021-06-11 11:47:37","post_date_gmt":"2021-06-11 09:47:37","post_content":"","post_title":"Contact","post_excerpt":"","post_status":"publish","comment_status":"closed","ping_status":"closed","post_password":"","post_name":"contact","to_ping":"","pinged":"","post_modified":"2021-06-11 12:40:51","post_modified_gmt":"2021-06-11 10:40:51","post_content_filtered":"","post_parent":0,"guid":"https:\/\/www.stag.pl\/?page_id=374","menu_order":37,"post_type":"page","post_mime_type":"","comment_count":"0","filter":"raw"},{"ID":364,"post_author":"1","post_date":"2021-06-11 10:21:04","post_date_gmt":"2021-06-11 08:21:04","post_content":"","post_title":"Products","post_excerpt":"","post_status":"publish","comment_status":"closed","ping_status":"closed","post_password":"","post_name":"products","to_ping":"","pinged":"","post_modified":"2021-06-11 10:45:57","post_modified_gmt":"2021-06-11 08:45:57","post_content_filtered":"","post_parent":0,"guid":"https:\/\/www.stag.pl\/shop\/","menu_order":53,"post_type":"page","post_mime_type":"","comment_count":"0","filter":"raw"}],"naglowek_sekcji_1":{"nad_tytulem":"Informations","tytul":"About brand","pod_tytulem":""},"naglowek_sekcji_2":{"nad_tytulem":"","tytul":"LPG system components","pod_tytulem":""},"naglowek_sekcji_3":{"nad_tytulem":"","tytul":"Products","pod_tytulem":""},"naglowek_sekcji_4":{"nad_tytulem":"","tytul":"","pod_tytulem":""},"naglowek_sekcji_5":{"nad_tytulem":"","tytul":"Find an installation point","pod_tytulem":""},"naglowek_sekcji_6":{"nad_tytulem":"","tytul":"Knowledge dose","pod_tytulem":""},"cta_o_firmie":{"tytul":"Learn more about the company","tekst_przycisku":"About us","link":"https:\/\/www.stag.pl\/en\/company\/"},"cta_kontakt":{"tytul":"Any questions?","tekst_przycisku":"Contact Form","link":"https:\/\/www.stag.pl\/en\/contact\/"},"historia_marki_tytul":"About Us","historia_marki_opis":"<p>STAG is the leader of gas installation in Poland. We have  over 30 years of experience, which makes us  pioneers in our industry. We are the leading producer of LPG systems in Poland, and our sales network covers over 50 countries on 6 continents. There are about 6 million cars fitted with STAG systems worldwide, including 1 million in Poland.<\/p>\n<p>STAG is focused on people. All our components are manufactured in Poland. With over 700 employees, we are one of the largest employers in the north-eastern region of Poland.<\/p>\n","baner_slider":[{"tlo":"https:\/\/www.stag.pl\/wp-content\/uploads\/2021\/10\/stag-instalacje1.png","tekst_bialy":"","tekst_czerwony":"Autogas Installations","opis":"A leader among manufacturers of autogas installations in Poland. We stand out by combining innovative thinking, continuous improvement and discovering new development perspectives.","link":{"title":"","url":"https:\/\/www.stag.pl\/o-firmie\/","target":""}},{"tlo":"https:\/\/www.stag.pl\/wp-content\/uploads\/2023\/02\/gwarancjawtryskiwacze.png","tekst_bialy":"","tekst_czerwony":"","opis":"","link":{"title":"Sprawd\u017a szczeg\u00f3\u0142y ","url":"https:\/\/www.stag.pl\/gwarancja-wtryskiwacze\/","target":""}},{"tlo":"https:\/\/www.stag.pl\/wp-content\/uploads\/2021\/10\/stag-instalacje2.png","tekst_bialy":"","tekst_czerwony":"Real Savings","opis":"Autogas is half the price of petrol. By installing a STAG system in your car, you can save up to 50% on fuel costs. The installation will pay for itself sooner than you think.","link":{"title":"","url":"https:\/\/www.stag.pl\/oszczedzanie_przez_tankowanie\/","target":""}},{"tlo":"https:\/\/www.stag.pl\/wp-content\/uploads\/2021\/10\/stag-instalacje3.png","tekst_bialy":"","tekst_czerwony":"Polish Producer","opis":"All STAG components are manufactured in Poland. By choosing the best STAG quality, you support the Polish economy.","link":{"title":"","url":"https:\/\/www.stag.pl\/o-firmie\/","target":""}}]},"yoast_head":"<!-- This site is optimized with the Yoast SEO plugin v26.3 - https:\/\/yoast.com\/wordpress\/plugins\/seo\/ -->\n<title>Home - Stag<\/title>\n<meta name=\"robots\" content=\"index, follow, max-snippet:-1, max-image-preview:large, max-video-preview:-1\" \/>\n<link rel=\"canonical\" href=\"https:\/\/www.stag.pl\/en\/\" \/>\n<meta property=\"og:locale\" content=\"en_US\" \/>\n<meta property=\"og:type\" content=\"article\" \/>\n<meta property=\"og:title\" content=\"Home - Stag\" \/>\n<meta property=\"og:url\" content=\"https:\/\/www.stag.pl\/en\/\" \/>\n<meta property=\"og:site_name\" content=\"Stag\" \/>\n<meta property=\"article:modified_time\" content=\"2023-03-17T10:44:36+00:00\" \/>\n<meta property=\"og:image\" content=\"https:\/\/www.stag.pl\/wp-content\/uploads\/2021\/06\/stag.png\" \/>\n\t<meta property=\"og:image:width\" content=\"600\" \/>\n\t<meta property=\"og:image:height\" content=\"315\" \/>\n\t<meta property=\"og:image:type\" content=\"image\/png\" \/>\n<meta name=\"twitter:card\" content=\"summary_large_image\" \/>\n<script type=\"application\/ld+json\" class=\"yoast-schema-graph\">{\"@context\":\"https:\/\/schema.org\",\"@graph\":[{\"@type\":\"WebPage\",\"@id\":\"https:\/\/www.stag.pl\/en\/\",\"url\":\"https:\/\/www.stag.pl\/en\/\",\"name\":\"Home - Stag\",\"isPartOf\":{\"@id\":\"https:\/\/www.stag.pl\/#website\"},\"datePublished\":\"2021-05-18T09:33:30+00:00\",\"dateModified\":\"2023-03-17T10:44:36+00:00\",\"breadcrumb\":{\"@id\":\"https:\/\/www.stag.pl\/en\/#breadcrumb\"},\"inLanguage\":\"en-US\",\"potentialAction\":[{\"@type\":\"ReadAction\",\"target\":[\"https:\/\/www.stag.pl\/en\/\"]}]},{\"@type\":\"BreadcrumbList\",\"@id\":\"https:\/\/www.stag.pl\/en\/#breadcrumb\",\"itemListElement\":[{\"@type\":\"ListItem\",\"position\":1,\"name\":\"Strona g\u0142\u00f3wna\",\"item\":\"https:\/\/www.stag.pl\/en\/\"},{\"@type\":\"ListItem\",\"position\":2,\"name\":\"Home\"}]},{\"@type\":\"WebSite\",\"@id\":\"https:\/\/www.stag.pl\/#website\",\"url\":\"https:\/\/www.stag.pl\/\",\"name\":\"Stag\",\"description\":\"Interesuje Ci\u0119 instalacja autogazu w samochodzie? Instalacja gazowa do samochodu od STAG to gwarancja oszcz\u0119dno\u015bci i bezpiecze\u0144stwa. Sprawd\u017a!\",\"potentialAction\":[{\"@type\":\"SearchAction\",\"target\":{\"@type\":\"EntryPoint\",\"urlTemplate\":\"https:\/\/www.stag.pl\/?s={search_term_string}\"},\"query-input\":{\"@type\":\"PropertyValueSpecification\",\"valueRequired\":true,\"valueName\":\"search_term_string\"}}],\"inLanguage\":\"en-US\"}]}<\/script>\n<!-- \/ Yoast SEO plugin. -->","yoast_head_json":{"title":"Home - Stag","robots":{"index":"index","follow":"follow","max-snippet":"max-snippet:-1","max-image-preview":"max-image-preview:large","max-video-preview":"max-video-preview:-1"},"canonical":"https:\/\/www.stag.pl\/en\/","og_locale":"en_US","og_type":"article","og_title":"Home - Stag","og_url":"https:\/\/www.stag.pl\/en\/","og_site_name":"Stag","article_modified_time":"2023-03-17T10:44:36+00:00","og_image":[{"width":600,"height":315,"url":"https:\/\/www.stag.pl\/wp-content\/uploads\/2021\/06\/stag.png","type":"image\/png"}],"twitter_card":"summary_large_image","schema":{"@context":"https:\/\/schema.org","@graph":[{"@type":"WebPage","@id":"https:\/\/www.stag.pl\/en\/","url":"https:\/\/www.stag.pl\/en\/","name":"Home - Stag","isPartOf":{"@id":"https:\/\/www.stag.pl\/#website"},"datePublished":"2021-05-18T09:33:30+00:00","dateModified":"2023-03-17T10:44:36+00:00","breadcrumb":{"@id":"https:\/\/www.stag.pl\/en\/#breadcrumb"},"inLanguage":"en-US","potentialAction":[{"@type":"ReadAction","target":["https:\/\/www.stag.pl\/en\/"]}]},{"@type":"BreadcrumbList","@id":"https:\/\/www.stag.pl\/en\/#breadcrumb","itemListElement":[{"@type":"ListItem","position":1,"name":"Strona g\u0142\u00f3wna","item":"https:\/\/www.stag.pl\/en\/"},{"@type":"ListItem","position":2,"name":"Home"}]},{"@type":"WebSite","@id":"https:\/\/www.stag.pl\/#website","url":"https:\/\/www.stag.pl\/","name":"Stag","description":"Interesuje Ci\u0119 instalacja autogazu w samochodzie? Instalacja gazowa do samochodu od STAG to gwarancja oszcz\u0119dno\u015bci i bezpiecze\u0144stwa. Sprawd\u017a!","potentialAction":[{"@type":"SearchAction","target":{"@type":"EntryPoint","urlTemplate":"https:\/\/www.stag.pl\/?s={search_term_string}"},"query-input":{"@type":"PropertyValueSpecification","valueRequired":true,"valueName":"search_term_string"}}],"inLanguage":"en-US"}]}},"_links":{"self":[{"href":"https:\/\/www.stag.pl\/en\/wp-json\/wp\/v2\/pages\/46","targetHints":{"allow":["GET"]}}],"collection":[{"href":"https:\/\/www.stag.pl\/en\/wp-json\/wp\/v2\/pages"}],"about":[{"href":"https:\/\/www.stag.pl\/en\/wp-json\/wp\/v2\/types\/page"}],"author":[{"embeddable":true,"href":"https:\/\/www.stag.pl\/en\/wp-json\/wp\/v2\/users\/1"}],"replies":[{"embeddable":true,"href":"https:\/\/www.stag.pl\/en\/wp-json\/wp\/v2\/comments?post=46"}],"version-history":[{"count":19,"href":"https:\/\/www.stag.pl\/en\/wp-json\/wp\/v2\/pages\/46\/revisions"}],"predecessor-version":[{"id":3935,"href":"https:\/\/www.stag.pl\/en\/wp-json\/wp\/v2\/pages\/46\/revisions\/3935"}],"wp:attachment":[{"href":"https:\/\/www.stag.pl\/en\/wp-json\/wp\/v2\/media?parent=46"}],"curies":[{"name":"wp","href":"https:\/\/api.w.org\/{rel}","templated":true}]}}