{"id":1865,"date":"2021-10-12T15:29:03","date_gmt":"2021-10-12T13:29:03","guid":{"rendered":"https:\/\/www.stag.pl\/produkt\/stag-ac-w031-std-eng\/"},"modified":"2021-11-09T10:04:24","modified_gmt":"2021-11-09T09:04:24","slug":"stag-ac-w031-std-eng","status":"publish","type":"product","link":"https:\/\/www.stag.pl\/en\/product\/stag-ac-w031-std-eng\/","title":{"rendered":"STAG AC W031 STD"},"content":{"rendered":"<h4>Application features<\/h4>\n<ul>\n<li style=\"list-style-type: none;\">\n<ul>\n<li>available in the system of connections with \u00d812 tees,<\/li>\n<li>possible section combinations with the use of adequate splitters,<\/li>\n<li>fast and easy mounting directly at the intake manifold,<\/li>\n<li>modern and fine-tuned design to guarantee excellent performance,<\/li>\n<li>high durability,<\/li>\n<li>innovative heat dissipation system with coil housing in a radiator style<\/li>\n<\/ul>\n<\/li>\n<\/ul>\n<p>&nbsp;<\/p>\n<div class=\"parameters\"><\/div>\n<div class=\"table-to-list\">\n<table class=\"table-hover table-striped\" border=\"1\" cellspacing=\"1\" cellpadding=\"1\">\n<thead>\n<tr>\n<th scope=\"col\">Features\u00a0<span class=\"fa-check faIconStyle\"> \u00a0<\/span><\/th>\n<th scope=\"col\"><span class=\"fa-check faIconStyle\">Benefits<\/span><\/th>\n<\/tr>\n<\/thead>\n<tbody>\n<tr>\n<td data-title=\"Cecha\">Single injector section design<\/td>\n<td data-title=\"Korzy\u015b\u0107\">Wide variety of installation configuration and settings<\/td>\n<\/tr>\n<tr>\n<td data-title=\"Cecha\">Heatsink-encased coil<\/td>\n<td data-title=\"Korzy\u015b\u0107\">Excellent heat removal from the gas injector coil<\/td>\n<\/tr>\n<tr>\n<td data-title=\"Cecha\">Simple and lightweight casing<\/td>\n<td data-title=\"Korzy\u015b\u0107\">Stable performance in varying ambient conditions, including temperature and pressure<\/td>\n<\/tr>\n<tr>\n<td data-title=\"Cecha\">Can be installed on any side of the PS-04 gas temp, vacuum and pressure sensor<\/td>\n<td data-title=\"Korzy\u015b\u0107\">\n<ul>\n<li>Low response inertia to fuel gas temperature variations<\/li>\n<li>360-rotatable, even when installed in the injector<\/li>\n<\/ul>\n<\/td>\n<\/tr>\n<\/tbody>\n<\/table>\n<\/div>\n<p><strong>\u00a0<\/strong><\/p>\n","protected":false},"excerpt":{"rendered":"<p>The <strong>STAG AC W031 STD<\/strong> injector is designed for LPG and CNG injection in any vehicle engine, including turbocharged ones. AC W031 STD ensures excellent operating parameters, possibility of installation directly at the intake manifold and unification with other AC S.A. products.<\/p>\n","protected":false},"featured_media":1031,"template":"","meta":{"_acf_changed":false,"inline_featured_image":false},"product_brand":[],"product_cat":[38],"product_tag":[90,92,93,91],"class_list":{"0":"post-1865","1":"product","2":"type-product","3":"status-publish","4":"has-post-thumbnail","6":"product_cat-injection-rails","7":"product_tag-cng-en","8":"product_tag-diesel-en","9":"product_tag-injector","10":"product_tag-lpg-en","12":"first","13":"instock","14":"shipping-taxable","15":"product-type-simple"},"acf":{"cechy_produktu":[]},"yoast_head":"<!-- This site is optimized with the Yoast SEO plugin v26.3 - https:\/\/yoast.com\/wordpress\/plugins\/seo\/ -->\n<title>STAG AC W031 STD - Stag<\/title>\n<meta name=\"robots\" content=\"index, follow, max-snippet:-1, max-image-preview:large, max-video-preview:-1\" \/>\n<link rel=\"canonical\" href=\"https:\/\/www.stag.pl\/en\/product\/stag-ac-w031-std-eng\/\" \/>\n<meta property=\"og:locale\" content=\"en_US\" \/>\n<meta property=\"og:type\" content=\"article\" \/>\n<meta property=\"og:title\" content=\"STAG AC W031 STD - Stag\" \/>\n<meta property=\"og:description\" content=\"The STAG AC W031 STD injector is designed for LPG and CNG injection in any vehicle engine, including turbocharged ones. AC W031 STD ensures excellent operating parameters, possibility of installation directly at the intake manifold and unification with other AC S.A. products.\" \/>\n<meta property=\"og:url\" content=\"https:\/\/www.stag.pl\/en\/product\/stag-ac-w031-std-eng\/\" \/>\n<meta property=\"og:site_name\" content=\"Stag\" \/>\n<meta property=\"article:modified_time\" content=\"2021-11-09T09:04:24+00:00\" \/>\n<meta property=\"og:image\" content=\"https:\/\/www.stag.pl\/wp-content\/uploads\/2021\/07\/W031-BFC.png\" \/>\n\t<meta property=\"og:image:width\" content=\"800\" \/>\n\t<meta property=\"og:image:height\" content=\"800\" \/>\n\t<meta property=\"og:image:type\" content=\"image\/png\" \/>\n<meta name=\"twitter:card\" content=\"summary_large_image\" \/>\n<meta name=\"twitter:label1\" content=\"Est. reading time\" \/>\n\t<meta name=\"twitter:data1\" content=\"1 minute\" \/>\n<script type=\"application\/ld+json\" class=\"yoast-schema-graph\">{\"@context\":\"https:\/\/schema.org\",\"@graph\":[{\"@type\":\"WebPage\",\"@id\":\"https:\/\/www.stag.pl\/en\/product\/stag-ac-w031-std-eng\/\",\"url\":\"https:\/\/www.stag.pl\/en\/product\/stag-ac-w031-std-eng\/\",\"name\":\"STAG AC W031 STD - Stag\",\"isPartOf\":{\"@id\":\"https:\/\/www.stag.pl\/#website\"},\"primaryImageOfPage\":{\"@id\":\"https:\/\/www.stag.pl\/en\/product\/stag-ac-w031-std-eng\/#primaryimage\"},\"image\":{\"@id\":\"https:\/\/www.stag.pl\/en\/product\/stag-ac-w031-std-eng\/#primaryimage\"},\"thumbnailUrl\":\"https:\/\/www.stag.pl\/wp-content\/uploads\/2021\/07\/W031-BFC.png\",\"datePublished\":\"2021-10-12T13:29:03+00:00\",\"dateModified\":\"2021-11-09T09:04:24+00:00\",\"breadcrumb\":{\"@id\":\"https:\/\/www.stag.pl\/en\/product\/stag-ac-w031-std-eng\/#breadcrumb\"},\"inLanguage\":\"en-US\",\"potentialAction\":[{\"@type\":\"ReadAction\",\"target\":[\"https:\/\/www.stag.pl\/en\/product\/stag-ac-w031-std-eng\/\"]}]},{\"@type\":\"ImageObject\",\"inLanguage\":\"en-US\",\"@id\":\"https:\/\/www.stag.pl\/en\/product\/stag-ac-w031-std-eng\/#primaryimage\",\"url\":\"https:\/\/www.stag.pl\/wp-content\/uploads\/2021\/07\/W031-BFC.png\",\"contentUrl\":\"https:\/\/www.stag.pl\/wp-content\/uploads\/2021\/07\/W031-BFC.png\",\"width\":800,\"height\":800},{\"@type\":\"BreadcrumbList\",\"@id\":\"https:\/\/www.stag.pl\/en\/product\/stag-ac-w031-std-eng\/#breadcrumb\",\"itemListElement\":[{\"@type\":\"ListItem\",\"position\":1,\"name\":\"Strona g\u0142\u00f3wna\",\"item\":\"https:\/\/www.stag.pl\/en\/\"},{\"@type\":\"ListItem\",\"position\":2,\"name\":\"Products\",\"item\":\"https:\/\/www.stag.pl\/en\/products\/\"},{\"@type\":\"ListItem\",\"position\":3,\"name\":\"STAG AC W031 STD\"}]},{\"@type\":\"WebSite\",\"@id\":\"https:\/\/www.stag.pl\/#website\",\"url\":\"https:\/\/www.stag.pl\/\",\"name\":\"Stag\",\"description\":\"Interesuje Ci\u0119 instalacja autogazu w samochodzie? Instalacja gazowa do samochodu od STAG to gwarancja oszcz\u0119dno\u015bci i bezpiecze\u0144stwa. Sprawd\u017a!\",\"potentialAction\":[{\"@type\":\"SearchAction\",\"target\":{\"@type\":\"EntryPoint\",\"urlTemplate\":\"https:\/\/www.stag.pl\/?s={search_term_string}\"},\"query-input\":{\"@type\":\"PropertyValueSpecification\",\"valueRequired\":true,\"valueName\":\"search_term_string\"}}],\"inLanguage\":\"en-US\"}]}<\/script>\n<!-- \/ Yoast SEO plugin. -->","yoast_head_json":{"title":"STAG AC W031 STD - Stag","robots":{"index":"index","follow":"follow","max-snippet":"max-snippet:-1","max-image-preview":"max-image-preview:large","max-video-preview":"max-video-preview:-1"},"canonical":"https:\/\/www.stag.pl\/en\/product\/stag-ac-w031-std-eng\/","og_locale":"en_US","og_type":"article","og_title":"STAG AC W031 STD - Stag","og_description":"The STAG AC W031 STD injector is designed for LPG and CNG injection in any vehicle engine, including turbocharged ones. AC W031 STD ensures excellent operating parameters, possibility of installation directly at the intake manifold and unification with other AC S.A. products.","og_url":"https:\/\/www.stag.pl\/en\/product\/stag-ac-w031-std-eng\/","og_site_name":"Stag","article_modified_time":"2021-11-09T09:04:24+00:00","og_image":[{"width":800,"height":800,"url":"https:\/\/www.stag.pl\/wp-content\/uploads\/2021\/07\/W031-BFC.png","type":"image\/png"}],"twitter_card":"summary_large_image","twitter_misc":{"Est. reading time":"1 minute"},"schema":{"@context":"https:\/\/schema.org","@graph":[{"@type":"WebPage","@id":"https:\/\/www.stag.pl\/en\/product\/stag-ac-w031-std-eng\/","url":"https:\/\/www.stag.pl\/en\/product\/stag-ac-w031-std-eng\/","name":"STAG AC W031 STD - Stag","isPartOf":{"@id":"https:\/\/www.stag.pl\/#website"},"primaryImageOfPage":{"@id":"https:\/\/www.stag.pl\/en\/product\/stag-ac-w031-std-eng\/#primaryimage"},"image":{"@id":"https:\/\/www.stag.pl\/en\/product\/stag-ac-w031-std-eng\/#primaryimage"},"thumbnailUrl":"https:\/\/www.stag.pl\/wp-content\/uploads\/2021\/07\/W031-BFC.png","datePublished":"2021-10-12T13:29:03+00:00","dateModified":"2021-11-09T09:04:24+00:00","breadcrumb":{"@id":"https:\/\/www.stag.pl\/en\/product\/stag-ac-w031-std-eng\/#breadcrumb"},"inLanguage":"en-US","potentialAction":[{"@type":"ReadAction","target":["https:\/\/www.stag.pl\/en\/product\/stag-ac-w031-std-eng\/"]}]},{"@type":"ImageObject","inLanguage":"en-US","@id":"https:\/\/www.stag.pl\/en\/product\/stag-ac-w031-std-eng\/#primaryimage","url":"https:\/\/www.stag.pl\/wp-content\/uploads\/2021\/07\/W031-BFC.png","contentUrl":"https:\/\/www.stag.pl\/wp-content\/uploads\/2021\/07\/W031-BFC.png","width":800,"height":800},{"@type":"BreadcrumbList","@id":"https:\/\/www.stag.pl\/en\/product\/stag-ac-w031-std-eng\/#breadcrumb","itemListElement":[{"@type":"ListItem","position":1,"name":"Strona g\u0142\u00f3wna","item":"https:\/\/www.stag.pl\/en\/"},{"@type":"ListItem","position":2,"name":"Products","item":"https:\/\/www.stag.pl\/en\/products\/"},{"@type":"ListItem","position":3,"name":"STAG AC W031 STD"}]},{"@type":"WebSite","@id":"https:\/\/www.stag.pl\/#website","url":"https:\/\/www.stag.pl\/","name":"Stag","description":"Interesuje Ci\u0119 instalacja autogazu w samochodzie? Instalacja gazowa do samochodu od STAG to gwarancja oszcz\u0119dno\u015bci i bezpiecze\u0144stwa. Sprawd\u017a!","potentialAction":[{"@type":"SearchAction","target":{"@type":"EntryPoint","urlTemplate":"https:\/\/www.stag.pl\/?s={search_term_string}"},"query-input":{"@type":"PropertyValueSpecification","valueRequired":true,"valueName":"search_term_string"}}],"inLanguage":"en-US"}]}},"_links":{"self":[{"href":"https:\/\/www.stag.pl\/en\/wp-json\/wp\/v2\/product\/1865","targetHints":{"allow":["GET"]}}],"collection":[{"href":"https:\/\/www.stag.pl\/en\/wp-json\/wp\/v2\/product"}],"about":[{"href":"https:\/\/www.stag.pl\/en\/wp-json\/wp\/v2\/types\/product"}],"wp:featuredmedia":[{"embeddable":true,"href":"https:\/\/www.stag.pl\/en\/wp-json\/wp\/v2\/media\/1031"}],"wp:attachment":[{"href":"https:\/\/www.stag.pl\/en\/wp-json\/wp\/v2\/media?parent=1865"}],"wp:term":[{"taxonomy":"product_brand","embeddable":true,"href":"https:\/\/www.stag.pl\/en\/wp-json\/wp\/v2\/product_brand?post=1865"},{"taxonomy":"product_cat","embeddable":true,"href":"https:\/\/www.stag.pl\/en\/wp-json\/wp\/v2\/product_cat?post=1865"},{"taxonomy":"product_tag","embeddable":true,"href":"https:\/\/www.stag.pl\/en\/wp-json\/wp\/v2\/product_tag?post=1865"}],"curies":[{"name":"wp","href":"https:\/\/api.w.org\/{rel}","templated":true}]}}