{"id":1880,"date":"2021-06-30T11:46:20","date_gmt":"2021-06-30T09:46:20","guid":{"rendered":"https:\/\/www.stag.pl\/produkt\/1880\/"},"modified":"2021-11-09T12:57:16","modified_gmt":"2021-11-09T11:57:16","slug":"led-300-eng","status":"publish","type":"product","link":"https:\/\/www.stag.pl\/en\/product\/led-300-eng\/","title":{"rendered":"LED 300"},"content":{"rendered":"<p>Analogue petrol\/gas switch<\/p>\n<div class=\"table-to-list\">\n<table class=\"table-hover table-striped\" border=\"1\" cellspacing=\"1\" cellpadding=\"1\">\n<thead>\n<tr>\n<th scope=\"col\">Features<\/th>\n<th scope=\"col\">Benefits<\/th>\n<\/tr>\n<\/thead>\n<tbody>\n<tr>\n<td data-title=\"Cecha\">LED ruler<\/td>\n<td data-title=\"Korzy\u015b\u0107\">Indicates the current gas level in the tank.<\/td>\n<\/tr>\n<tr>\n<td data-title=\"Cecha\">Diode LED<\/td>\n<td data-title=\"Korzy\u015b\u0107\">Indicates current engine status and fuel type.<\/td>\n<\/tr>\n<tr>\n<td data-title=\"Cecha\">External buzzer<\/td>\n<td data-title=\"Korzy\u015b\u0107\">Beeping sound generation<\/td>\n<\/tr>\n<\/tbody>\n<\/table>\n<\/div>\n","protected":false},"excerpt":{"rendered":"<p>Changeover switch  LED 300 with LPG  level gauge indicating operating mode.  External buzzer  produce sound and acustic eff  ects.<\/p>\n","protected":false},"featured_media":979,"template":"","meta":{"_acf_changed":false,"inline_featured_image":false},"product_brand":[],"product_cat":[39],"product_tag":[90,91,95],"class_list":{"0":"post-1880","1":"product","2":"type-product","3":"status-publish","4":"has-post-thumbnail","6":"product_cat-switches","7":"product_tag-cng-en","8":"product_tag-lpg-en","9":"product_tag-switches-petro-gas","11":"first","12":"instock","13":"shipping-taxable","14":"product-type-simple"},"acf":{"cechy_produktu":[]},"yoast_head":"<!-- This site is optimized with the Yoast SEO plugin v26.3 - https:\/\/yoast.com\/wordpress\/plugins\/seo\/ -->\n<title>LED 300 - Stag<\/title>\n<meta name=\"robots\" content=\"index, follow, max-snippet:-1, max-image-preview:large, max-video-preview:-1\" \/>\n<link rel=\"canonical\" href=\"https:\/\/www.stag.pl\/en\/product\/led-300-eng\/\" \/>\n<meta property=\"og:locale\" content=\"en_US\" \/>\n<meta property=\"og:type\" content=\"article\" \/>\n<meta property=\"og:title\" content=\"LED 300 - Stag\" \/>\n<meta property=\"og:description\" content=\"Changeover switch LED 300 with LPG level gauge indicating operating mode. External buzzer produce sound and acustic eff ects.\" \/>\n<meta property=\"og:url\" content=\"https:\/\/www.stag.pl\/en\/product\/led-300-eng\/\" \/>\n<meta property=\"og:site_name\" content=\"Stag\" \/>\n<meta property=\"article:modified_time\" content=\"2021-11-09T11:57:16+00:00\" \/>\n<meta property=\"og:image\" content=\"https:\/\/www.stag.pl\/wp-content\/uploads\/2021\/06\/W1Y-0197-.png\" \/>\n\t<meta property=\"og:image:width\" content=\"800\" \/>\n\t<meta property=\"og:image:height\" content=\"800\" \/>\n\t<meta property=\"og:image:type\" content=\"image\/png\" \/>\n<meta name=\"twitter:card\" content=\"summary_large_image\" \/>\n<script type=\"application\/ld+json\" class=\"yoast-schema-graph\">{\"@context\":\"https:\/\/schema.org\",\"@graph\":[{\"@type\":\"WebPage\",\"@id\":\"https:\/\/www.stag.pl\/en\/product\/led-300-eng\/\",\"url\":\"https:\/\/www.stag.pl\/en\/product\/led-300-eng\/\",\"name\":\"LED 300 - Stag\",\"isPartOf\":{\"@id\":\"https:\/\/www.stag.pl\/#website\"},\"primaryImageOfPage\":{\"@id\":\"https:\/\/www.stag.pl\/en\/product\/led-300-eng\/#primaryimage\"},\"image\":{\"@id\":\"https:\/\/www.stag.pl\/en\/product\/led-300-eng\/#primaryimage\"},\"thumbnailUrl\":\"https:\/\/www.stag.pl\/wp-content\/uploads\/2021\/06\/W1Y-0197-.png\",\"datePublished\":\"2021-06-30T09:46:20+00:00\",\"dateModified\":\"2021-11-09T11:57:16+00:00\",\"breadcrumb\":{\"@id\":\"https:\/\/www.stag.pl\/en\/product\/led-300-eng\/#breadcrumb\"},\"inLanguage\":\"en-US\",\"potentialAction\":[{\"@type\":\"ReadAction\",\"target\":[\"https:\/\/www.stag.pl\/en\/product\/led-300-eng\/\"]}]},{\"@type\":\"ImageObject\",\"inLanguage\":\"en-US\",\"@id\":\"https:\/\/www.stag.pl\/en\/product\/led-300-eng\/#primaryimage\",\"url\":\"https:\/\/www.stag.pl\/wp-content\/uploads\/2021\/06\/W1Y-0197-.png\",\"contentUrl\":\"https:\/\/www.stag.pl\/wp-content\/uploads\/2021\/06\/W1Y-0197-.png\",\"width\":800,\"height\":800,\"caption\":\"Centralka STAG LED 300\"},{\"@type\":\"BreadcrumbList\",\"@id\":\"https:\/\/www.stag.pl\/en\/product\/led-300-eng\/#breadcrumb\",\"itemListElement\":[{\"@type\":\"ListItem\",\"position\":1,\"name\":\"Strona g\u0142\u00f3wna\",\"item\":\"https:\/\/www.stag.pl\/en\/\"},{\"@type\":\"ListItem\",\"position\":2,\"name\":\"Products\",\"item\":\"https:\/\/www.stag.pl\/en\/products\/\"},{\"@type\":\"ListItem\",\"position\":3,\"name\":\"LED 300\"}]},{\"@type\":\"WebSite\",\"@id\":\"https:\/\/www.stag.pl\/#website\",\"url\":\"https:\/\/www.stag.pl\/\",\"name\":\"Stag\",\"description\":\"Interesuje Ci\u0119 instalacja autogazu w samochodzie? Instalacja gazowa do samochodu od STAG to gwarancja oszcz\u0119dno\u015bci i bezpiecze\u0144stwa. Sprawd\u017a!\",\"potentialAction\":[{\"@type\":\"SearchAction\",\"target\":{\"@type\":\"EntryPoint\",\"urlTemplate\":\"https:\/\/www.stag.pl\/?s={search_term_string}\"},\"query-input\":{\"@type\":\"PropertyValueSpecification\",\"valueRequired\":true,\"valueName\":\"search_term_string\"}}],\"inLanguage\":\"en-US\"}]}<\/script>\n<!-- \/ Yoast SEO plugin. -->","yoast_head_json":{"title":"LED 300 - Stag","robots":{"index":"index","follow":"follow","max-snippet":"max-snippet:-1","max-image-preview":"max-image-preview:large","max-video-preview":"max-video-preview:-1"},"canonical":"https:\/\/www.stag.pl\/en\/product\/led-300-eng\/","og_locale":"en_US","og_type":"article","og_title":"LED 300 - Stag","og_description":"Changeover switch LED 300 with LPG level gauge indicating operating mode. External buzzer produce sound and acustic eff ects.","og_url":"https:\/\/www.stag.pl\/en\/product\/led-300-eng\/","og_site_name":"Stag","article_modified_time":"2021-11-09T11:57:16+00:00","og_image":[{"width":800,"height":800,"url":"https:\/\/www.stag.pl\/wp-content\/uploads\/2021\/06\/W1Y-0197-.png","type":"image\/png"}],"twitter_card":"summary_large_image","schema":{"@context":"https:\/\/schema.org","@graph":[{"@type":"WebPage","@id":"https:\/\/www.stag.pl\/en\/product\/led-300-eng\/","url":"https:\/\/www.stag.pl\/en\/product\/led-300-eng\/","name":"LED 300 - Stag","isPartOf":{"@id":"https:\/\/www.stag.pl\/#website"},"primaryImageOfPage":{"@id":"https:\/\/www.stag.pl\/en\/product\/led-300-eng\/#primaryimage"},"image":{"@id":"https:\/\/www.stag.pl\/en\/product\/led-300-eng\/#primaryimage"},"thumbnailUrl":"https:\/\/www.stag.pl\/wp-content\/uploads\/2021\/06\/W1Y-0197-.png","datePublished":"2021-06-30T09:46:20+00:00","dateModified":"2021-11-09T11:57:16+00:00","breadcrumb":{"@id":"https:\/\/www.stag.pl\/en\/product\/led-300-eng\/#breadcrumb"},"inLanguage":"en-US","potentialAction":[{"@type":"ReadAction","target":["https:\/\/www.stag.pl\/en\/product\/led-300-eng\/"]}]},{"@type":"ImageObject","inLanguage":"en-US","@id":"https:\/\/www.stag.pl\/en\/product\/led-300-eng\/#primaryimage","url":"https:\/\/www.stag.pl\/wp-content\/uploads\/2021\/06\/W1Y-0197-.png","contentUrl":"https:\/\/www.stag.pl\/wp-content\/uploads\/2021\/06\/W1Y-0197-.png","width":800,"height":800,"caption":"Centralka STAG LED 300"},{"@type":"BreadcrumbList","@id":"https:\/\/www.stag.pl\/en\/product\/led-300-eng\/#breadcrumb","itemListElement":[{"@type":"ListItem","position":1,"name":"Strona g\u0142\u00f3wna","item":"https:\/\/www.stag.pl\/en\/"},{"@type":"ListItem","position":2,"name":"Products","item":"https:\/\/www.stag.pl\/en\/products\/"},{"@type":"ListItem","position":3,"name":"LED 300"}]},{"@type":"WebSite","@id":"https:\/\/www.stag.pl\/#website","url":"https:\/\/www.stag.pl\/","name":"Stag","description":"Interesuje Ci\u0119 instalacja autogazu w samochodzie? Instalacja gazowa do samochodu od STAG to gwarancja oszcz\u0119dno\u015bci i bezpiecze\u0144stwa. Sprawd\u017a!","potentialAction":[{"@type":"SearchAction","target":{"@type":"EntryPoint","urlTemplate":"https:\/\/www.stag.pl\/?s={search_term_string}"},"query-input":{"@type":"PropertyValueSpecification","valueRequired":true,"valueName":"search_term_string"}}],"inLanguage":"en-US"}]}},"_links":{"self":[{"href":"https:\/\/www.stag.pl\/en\/wp-json\/wp\/v2\/product\/1880","targetHints":{"allow":["GET"]}}],"collection":[{"href":"https:\/\/www.stag.pl\/en\/wp-json\/wp\/v2\/product"}],"about":[{"href":"https:\/\/www.stag.pl\/en\/wp-json\/wp\/v2\/types\/product"}],"wp:featuredmedia":[{"embeddable":true,"href":"https:\/\/www.stag.pl\/en\/wp-json\/wp\/v2\/media\/979"}],"wp:attachment":[{"href":"https:\/\/www.stag.pl\/en\/wp-json\/wp\/v2\/media?parent=1880"}],"wp:term":[{"taxonomy":"product_brand","embeddable":true,"href":"https:\/\/www.stag.pl\/en\/wp-json\/wp\/v2\/product_brand?post=1880"},{"taxonomy":"product_cat","embeddable":true,"href":"https:\/\/www.stag.pl\/en\/wp-json\/wp\/v2\/product_cat?post=1880"},{"taxonomy":"product_tag","embeddable":true,"href":"https:\/\/www.stag.pl\/en\/wp-json\/wp\/v2\/product_tag?post=1880"}],"curies":[{"name":"wp","href":"https:\/\/api.w.org\/{rel}","templated":true}]}}