{"id":1884,"date":"2021-06-30T11:26:26","date_gmt":"2021-06-30T09:26:26","guid":{"rendered":"https:\/\/www.stag.pl\/produkt\/stag-led-600-eng\/"},"modified":"2021-11-09T14:36:49","modified_gmt":"2021-11-09T13:36:49","slug":"stag-led-600-eng","status":"publish","type":"product","link":"https:\/\/www.stag.pl\/en\/product\/stag-led-600-eng\/","title":{"rendered":"LED 600"},"content":{"rendered":"<h3>Functions:<\/h3>\n<ul>\n<li>Selection of the fuel type.<\/li>\n<li>Gas level indication with 4 green LEDs.<\/li>\n<li>Low fuel level indication with 1 red LED.<\/li>\n<li>Optical and acoustic signals.<\/li>\n<li>Adjustable buzzer volume.<\/li>\n<li>Optional emergency engine start on gas fuel.<\/li>\n<li><\/li>\n<\/ul>\n<article class=\"product\">\n<div class=\"table-to-list\">\n<table class=\"table-hover table-striped\" border=\"1\" cellspacing=\"1\" cellpadding=\"1\">\n<thead>\n<tr>\n<th scope=\"col\">Feature<\/th>\n<th scope=\"col\">Benefit<\/th>\n<\/tr>\n<\/thead>\n<tbody>\n<tr>\n<td data-title=\"Cecha\">New, rounded shape<\/td>\n<td data-title=\"Korzy\u015b\u0107\">Two mounting options: standard attachment on the surface of the dashboard panel or a built-in (flush-mount) method.<\/td>\n<\/tr>\n<tr>\n<td data-title=\"Cecha\">LEDs<\/td>\n<td data-title=\"Korzy\u015b\u0107\">Indication of fuel type, fuel level and controller errors.<\/td>\n<\/tr>\n<tr>\n<td data-title=\"Cecha\">Buzzer<\/td>\n<td data-title=\"Korzy\u015b\u0107\">Indication of fuel switching or system fault.<\/td>\n<\/tr>\n<tr>\n<td data-title=\"Cecha\">Backlighting of the switch button ring<\/td>\n<td data-title=\"Korzy\u015b\u0107\">Decorative features with a choice of RGB colors.<\/td>\n<\/tr>\n<\/tbody>\n<\/table>\n<\/div>\n<\/article>\n","protected":false},"excerpt":{"rendered":"<p>Digital petrol\/gas (P\/G) switch. The main element for the driver&#8217;s communication with the gas controller, used to switch engine fuel types.<\/p>\n","protected":false},"featured_media":989,"template":"","meta":{"_acf_changed":false,"inline_featured_image":false},"product_brand":[],"product_cat":[39],"product_tag":[90,92,91,95],"class_list":{"0":"post-1884","1":"product","2":"type-product","3":"status-publish","4":"has-post-thumbnail","6":"product_cat-switches","7":"product_tag-cng-en","8":"product_tag-diesel-en","9":"product_tag-lpg-en","10":"product_tag-switches-petro-gas","12":"first","13":"instock","14":"shipping-taxable","15":"product-type-simple"},"acf":{"cechy_produktu":[]},"yoast_head":"<!-- This site is optimized with the Yoast SEO plugin v26.3 - https:\/\/yoast.com\/wordpress\/plugins\/seo\/ -->\n<title>LED 600 - Stag<\/title>\n<meta name=\"robots\" content=\"index, follow, max-snippet:-1, max-image-preview:large, max-video-preview:-1\" \/>\n<link rel=\"canonical\" href=\"https:\/\/www.stag.pl\/en\/product\/stag-led-600-eng\/\" \/>\n<meta property=\"og:locale\" content=\"en_US\" \/>\n<meta property=\"og:type\" content=\"article\" \/>\n<meta property=\"og:title\" content=\"LED 600 - Stag\" \/>\n<meta property=\"og:description\" content=\"Digital petrol\/gas (P\/G) switch. The main element for the driver&#039;s communication with the gas controller, used to switch engine fuel types.\" \/>\n<meta property=\"og:url\" content=\"https:\/\/www.stag.pl\/en\/product\/stag-led-600-eng\/\" \/>\n<meta property=\"og:site_name\" content=\"Stag\" \/>\n<meta property=\"article:modified_time\" content=\"2021-11-09T13:36:49+00:00\" \/>\n<meta property=\"og:image\" content=\"https:\/\/www.stag.pl\/wp-content\/uploads\/2021\/06\/LED-600.png\" \/>\n\t<meta property=\"og:image:width\" content=\"800\" \/>\n\t<meta property=\"og:image:height\" content=\"800\" \/>\n\t<meta property=\"og:image:type\" content=\"image\/png\" \/>\n<meta name=\"twitter:card\" content=\"summary_large_image\" \/>\n<script type=\"application\/ld+json\" class=\"yoast-schema-graph\">{\"@context\":\"https:\/\/schema.org\",\"@graph\":[{\"@type\":\"WebPage\",\"@id\":\"https:\/\/www.stag.pl\/en\/product\/stag-led-600-eng\/\",\"url\":\"https:\/\/www.stag.pl\/en\/product\/stag-led-600-eng\/\",\"name\":\"LED 600 - Stag\",\"isPartOf\":{\"@id\":\"https:\/\/www.stag.pl\/#website\"},\"primaryImageOfPage\":{\"@id\":\"https:\/\/www.stag.pl\/en\/product\/stag-led-600-eng\/#primaryimage\"},\"image\":{\"@id\":\"https:\/\/www.stag.pl\/en\/product\/stag-led-600-eng\/#primaryimage\"},\"thumbnailUrl\":\"https:\/\/www.stag.pl\/wp-content\/uploads\/2021\/06\/LED-600.png\",\"datePublished\":\"2021-06-30T09:26:26+00:00\",\"dateModified\":\"2021-11-09T13:36:49+00:00\",\"breadcrumb\":{\"@id\":\"https:\/\/www.stag.pl\/en\/product\/stag-led-600-eng\/#breadcrumb\"},\"inLanguage\":\"en-US\",\"potentialAction\":[{\"@type\":\"ReadAction\",\"target\":[\"https:\/\/www.stag.pl\/en\/product\/stag-led-600-eng\/\"]}]},{\"@type\":\"ImageObject\",\"inLanguage\":\"en-US\",\"@id\":\"https:\/\/www.stag.pl\/en\/product\/stag-led-600-eng\/#primaryimage\",\"url\":\"https:\/\/www.stag.pl\/wp-content\/uploads\/2021\/06\/LED-600.png\",\"contentUrl\":\"https:\/\/www.stag.pl\/wp-content\/uploads\/2021\/06\/LED-600.png\",\"width\":800,\"height\":800},{\"@type\":\"BreadcrumbList\",\"@id\":\"https:\/\/www.stag.pl\/en\/product\/stag-led-600-eng\/#breadcrumb\",\"itemListElement\":[{\"@type\":\"ListItem\",\"position\":1,\"name\":\"Strona g\u0142\u00f3wna\",\"item\":\"https:\/\/www.stag.pl\/en\/\"},{\"@type\":\"ListItem\",\"position\":2,\"name\":\"Products\",\"item\":\"https:\/\/www.stag.pl\/en\/products\/\"},{\"@type\":\"ListItem\",\"position\":3,\"name\":\"LED 600\"}]},{\"@type\":\"WebSite\",\"@id\":\"https:\/\/www.stag.pl\/#website\",\"url\":\"https:\/\/www.stag.pl\/\",\"name\":\"Stag\",\"description\":\"Interesuje Ci\u0119 instalacja autogazu w samochodzie? Instalacja gazowa do samochodu od STAG to gwarancja oszcz\u0119dno\u015bci i bezpiecze\u0144stwa. Sprawd\u017a!\",\"potentialAction\":[{\"@type\":\"SearchAction\",\"target\":{\"@type\":\"EntryPoint\",\"urlTemplate\":\"https:\/\/www.stag.pl\/?s={search_term_string}\"},\"query-input\":{\"@type\":\"PropertyValueSpecification\",\"valueRequired\":true,\"valueName\":\"search_term_string\"}}],\"inLanguage\":\"en-US\"}]}<\/script>\n<!-- \/ Yoast SEO plugin. -->","yoast_head_json":{"title":"LED 600 - Stag","robots":{"index":"index","follow":"follow","max-snippet":"max-snippet:-1","max-image-preview":"max-image-preview:large","max-video-preview":"max-video-preview:-1"},"canonical":"https:\/\/www.stag.pl\/en\/product\/stag-led-600-eng\/","og_locale":"en_US","og_type":"article","og_title":"LED 600 - Stag","og_description":"Digital petrol\/gas (P\/G) switch. The main element for the driver's communication with the gas controller, used to switch engine fuel types.","og_url":"https:\/\/www.stag.pl\/en\/product\/stag-led-600-eng\/","og_site_name":"Stag","article_modified_time":"2021-11-09T13:36:49+00:00","og_image":[{"width":800,"height":800,"url":"https:\/\/www.stag.pl\/wp-content\/uploads\/2021\/06\/LED-600.png","type":"image\/png"}],"twitter_card":"summary_large_image","schema":{"@context":"https:\/\/schema.org","@graph":[{"@type":"WebPage","@id":"https:\/\/www.stag.pl\/en\/product\/stag-led-600-eng\/","url":"https:\/\/www.stag.pl\/en\/product\/stag-led-600-eng\/","name":"LED 600 - Stag","isPartOf":{"@id":"https:\/\/www.stag.pl\/#website"},"primaryImageOfPage":{"@id":"https:\/\/www.stag.pl\/en\/product\/stag-led-600-eng\/#primaryimage"},"image":{"@id":"https:\/\/www.stag.pl\/en\/product\/stag-led-600-eng\/#primaryimage"},"thumbnailUrl":"https:\/\/www.stag.pl\/wp-content\/uploads\/2021\/06\/LED-600.png","datePublished":"2021-06-30T09:26:26+00:00","dateModified":"2021-11-09T13:36:49+00:00","breadcrumb":{"@id":"https:\/\/www.stag.pl\/en\/product\/stag-led-600-eng\/#breadcrumb"},"inLanguage":"en-US","potentialAction":[{"@type":"ReadAction","target":["https:\/\/www.stag.pl\/en\/product\/stag-led-600-eng\/"]}]},{"@type":"ImageObject","inLanguage":"en-US","@id":"https:\/\/www.stag.pl\/en\/product\/stag-led-600-eng\/#primaryimage","url":"https:\/\/www.stag.pl\/wp-content\/uploads\/2021\/06\/LED-600.png","contentUrl":"https:\/\/www.stag.pl\/wp-content\/uploads\/2021\/06\/LED-600.png","width":800,"height":800},{"@type":"BreadcrumbList","@id":"https:\/\/www.stag.pl\/en\/product\/stag-led-600-eng\/#breadcrumb","itemListElement":[{"@type":"ListItem","position":1,"name":"Strona g\u0142\u00f3wna","item":"https:\/\/www.stag.pl\/en\/"},{"@type":"ListItem","position":2,"name":"Products","item":"https:\/\/www.stag.pl\/en\/products\/"},{"@type":"ListItem","position":3,"name":"LED 600"}]},{"@type":"WebSite","@id":"https:\/\/www.stag.pl\/#website","url":"https:\/\/www.stag.pl\/","name":"Stag","description":"Interesuje Ci\u0119 instalacja autogazu w samochodzie? Instalacja gazowa do samochodu od STAG to gwarancja oszcz\u0119dno\u015bci i bezpiecze\u0144stwa. Sprawd\u017a!","potentialAction":[{"@type":"SearchAction","target":{"@type":"EntryPoint","urlTemplate":"https:\/\/www.stag.pl\/?s={search_term_string}"},"query-input":{"@type":"PropertyValueSpecification","valueRequired":true,"valueName":"search_term_string"}}],"inLanguage":"en-US"}]}},"_links":{"self":[{"href":"https:\/\/www.stag.pl\/en\/wp-json\/wp\/v2\/product\/1884","targetHints":{"allow":["GET"]}}],"collection":[{"href":"https:\/\/www.stag.pl\/en\/wp-json\/wp\/v2\/product"}],"about":[{"href":"https:\/\/www.stag.pl\/en\/wp-json\/wp\/v2\/types\/product"}],"wp:featuredmedia":[{"embeddable":true,"href":"https:\/\/www.stag.pl\/en\/wp-json\/wp\/v2\/media\/989"}],"wp:attachment":[{"href":"https:\/\/www.stag.pl\/en\/wp-json\/wp\/v2\/media?parent=1884"}],"wp:term":[{"taxonomy":"product_brand","embeddable":true,"href":"https:\/\/www.stag.pl\/en\/wp-json\/wp\/v2\/product_brand?post=1884"},{"taxonomy":"product_cat","embeddable":true,"href":"https:\/\/www.stag.pl\/en\/wp-json\/wp\/v2\/product_cat?post=1884"},{"taxonomy":"product_tag","embeddable":true,"href":"https:\/\/www.stag.pl\/en\/wp-json\/wp\/v2\/product_tag?post=1884"}],"curies":[{"name":"wp","href":"https:\/\/api.w.org\/{rel}","templated":true}]}}