{"id":1885,"date":"2021-06-30T11:23:07","date_gmt":"2021-06-30T09:23:07","guid":{"rendered":"https:\/\/www.stag.pl\/produkt\/stag-r14-eng\/"},"modified":"2021-11-09T14:40:24","modified_gmt":"2021-11-09T13:40:24","slug":"stag-r14-eng","status":"publish","type":"product","link":"https:\/\/www.stag.pl\/en\/product\/stag-r14-eng\/","title":{"rendered":"STAG R14"},"content":{"rendered":"<p><strong>Constant pressure of body components regardless of reducer working temperature and ambient temperature.<\/strong><\/p>\n<p>The reducer is made of two aluminium castings joined together with bolts and disk springs, thus providing a compact design and constant pressure of both body parts.<\/p>\n<p><strong>Exceptional tightness.<\/strong><\/p>\n<p>By using disk springs to join the casing body, the reducer tightness has been significantly improved.<\/p>\n<p><strong>High-strength diaphragms<\/strong><\/p>\n<p>The use of superior materials provides high resistance to extreme conditions inside the reducer (mechanical and thermal loads).<\/p>\n<p><strong>Two-stage control<\/strong><\/p>\n<p>Due to the two-stage control system used in the reducer, the dependence of outlet pressure on the level in the tank is reduced to a minimum. In the first chamber, the pressure is reduced to a safe level with a lever loaded valve, and then in the low pressure chamber the pressure is adjusted smoothly with a stem valve between 1.6 and 2.4 bar.<br \/>\n<strong><br \/>\nIntegrated solenoid valve.<\/strong><\/p>\n<p>Being placed\u00a0 between the reducer chambers ensures very low pressure drops at high loads and allows gas supply to be quickly cut off in an emergency.<\/p>\n<p><strong>360<sup>o<\/sup>\u00a0fixture \u2013 central fitting<\/strong><\/p>\n<p>The dedicated mounting bracket allows the reducer to be mounted securely in any angular position (within 360\u00b0) by using just one screw This is a great advantage in more and more \u201ctight\u201d engine compartments.<\/p>\n<p><strong>Safety<\/strong><\/p>\n<p>The high pressure of CNG\u00a0 at the reducer inlet is significantly reduced\u00a0 with a lever loaded valve, thus providing a high level of safety.<\/p>\n","protected":false},"excerpt":{"rendered":"<p><strong>STAG R14<\/strong> is dedicated for vehicles equipped with the CNG (so-called methane) sequential injection systems.<\/p>\n","protected":false},"featured_media":994,"template":"","meta":{"_acf_changed":false,"inline_featured_image":false},"product_brand":[],"product_cat":[40],"product_tag":[90,92,94],"class_list":{"0":"post-1885","1":"product","2":"type-product","3":"status-publish","4":"has-post-thumbnail","6":"product_cat-reducers","7":"product_tag-cng-en","8":"product_tag-diesel-en","9":"product_tag-reducer","11":"first","12":"instock","13":"shipping-taxable","14":"product-type-simple"},"acf":{"cechy_produktu":[]},"yoast_head":"<!-- This site is optimized with the Yoast SEO plugin v26.3 - https:\/\/yoast.com\/wordpress\/plugins\/seo\/ -->\n<title>STAG R14 - Stag<\/title>\n<meta name=\"robots\" content=\"index, follow, max-snippet:-1, max-image-preview:large, max-video-preview:-1\" \/>\n<link rel=\"canonical\" href=\"https:\/\/www.stag.pl\/en\/product\/stag-r14-eng\/\" \/>\n<meta property=\"og:locale\" content=\"en_US\" \/>\n<meta property=\"og:type\" content=\"article\" \/>\n<meta property=\"og:title\" content=\"STAG R14 - Stag\" \/>\n<meta property=\"og:description\" content=\"STAG R14 is dedicated for vehicles equipped with the CNG (so-called methane) sequential injection systems.\" \/>\n<meta property=\"og:url\" content=\"https:\/\/www.stag.pl\/en\/product\/stag-r14-eng\/\" \/>\n<meta property=\"og:site_name\" content=\"Stag\" \/>\n<meta property=\"article:modified_time\" content=\"2021-11-09T13:40:24+00:00\" \/>\n<meta property=\"og:image\" content=\"https:\/\/www.stag.pl\/wp-content\/uploads\/2021\/06\/R14.png\" \/>\n\t<meta property=\"og:image:width\" content=\"800\" \/>\n\t<meta property=\"og:image:height\" content=\"800\" \/>\n\t<meta property=\"og:image:type\" content=\"image\/png\" \/>\n<meta name=\"twitter:card\" content=\"summary_large_image\" \/>\n<meta name=\"twitter:label1\" content=\"Est. reading time\" \/>\n\t<meta name=\"twitter:data1\" content=\"1 minute\" \/>\n<script type=\"application\/ld+json\" class=\"yoast-schema-graph\">{\"@context\":\"https:\/\/schema.org\",\"@graph\":[{\"@type\":\"WebPage\",\"@id\":\"https:\/\/www.stag.pl\/en\/product\/stag-r14-eng\/\",\"url\":\"https:\/\/www.stag.pl\/en\/product\/stag-r14-eng\/\",\"name\":\"STAG R14 - Stag\",\"isPartOf\":{\"@id\":\"https:\/\/www.stag.pl\/#website\"},\"primaryImageOfPage\":{\"@id\":\"https:\/\/www.stag.pl\/en\/product\/stag-r14-eng\/#primaryimage\"},\"image\":{\"@id\":\"https:\/\/www.stag.pl\/en\/product\/stag-r14-eng\/#primaryimage\"},\"thumbnailUrl\":\"https:\/\/www.stag.pl\/wp-content\/uploads\/2021\/06\/R14.png\",\"datePublished\":\"2021-06-30T09:23:07+00:00\",\"dateModified\":\"2021-11-09T13:40:24+00:00\",\"breadcrumb\":{\"@id\":\"https:\/\/www.stag.pl\/en\/product\/stag-r14-eng\/#breadcrumb\"},\"inLanguage\":\"en-US\",\"potentialAction\":[{\"@type\":\"ReadAction\",\"target\":[\"https:\/\/www.stag.pl\/en\/product\/stag-r14-eng\/\"]}]},{\"@type\":\"ImageObject\",\"inLanguage\":\"en-US\",\"@id\":\"https:\/\/www.stag.pl\/en\/product\/stag-r14-eng\/#primaryimage\",\"url\":\"https:\/\/www.stag.pl\/wp-content\/uploads\/2021\/06\/R14.png\",\"contentUrl\":\"https:\/\/www.stag.pl\/wp-content\/uploads\/2021\/06\/R14.png\",\"width\":800,\"height\":800},{\"@type\":\"BreadcrumbList\",\"@id\":\"https:\/\/www.stag.pl\/en\/product\/stag-r14-eng\/#breadcrumb\",\"itemListElement\":[{\"@type\":\"ListItem\",\"position\":1,\"name\":\"Strona g\u0142\u00f3wna\",\"item\":\"https:\/\/www.stag.pl\/en\/\"},{\"@type\":\"ListItem\",\"position\":2,\"name\":\"Products\",\"item\":\"https:\/\/www.stag.pl\/en\/products\/\"},{\"@type\":\"ListItem\",\"position\":3,\"name\":\"STAG R14\"}]},{\"@type\":\"WebSite\",\"@id\":\"https:\/\/www.stag.pl\/#website\",\"url\":\"https:\/\/www.stag.pl\/\",\"name\":\"Stag\",\"description\":\"Interesuje Ci\u0119 instalacja autogazu w samochodzie? Instalacja gazowa do samochodu od STAG to gwarancja oszcz\u0119dno\u015bci i bezpiecze\u0144stwa. Sprawd\u017a!\",\"potentialAction\":[{\"@type\":\"SearchAction\",\"target\":{\"@type\":\"EntryPoint\",\"urlTemplate\":\"https:\/\/www.stag.pl\/?s={search_term_string}\"},\"query-input\":{\"@type\":\"PropertyValueSpecification\",\"valueRequired\":true,\"valueName\":\"search_term_string\"}}],\"inLanguage\":\"en-US\"}]}<\/script>\n<!-- \/ Yoast SEO plugin. -->","yoast_head_json":{"title":"STAG R14 - Stag","robots":{"index":"index","follow":"follow","max-snippet":"max-snippet:-1","max-image-preview":"max-image-preview:large","max-video-preview":"max-video-preview:-1"},"canonical":"https:\/\/www.stag.pl\/en\/product\/stag-r14-eng\/","og_locale":"en_US","og_type":"article","og_title":"STAG R14 - Stag","og_description":"STAG R14 is dedicated for vehicles equipped with the CNG (so-called methane) sequential injection systems.","og_url":"https:\/\/www.stag.pl\/en\/product\/stag-r14-eng\/","og_site_name":"Stag","article_modified_time":"2021-11-09T13:40:24+00:00","og_image":[{"width":800,"height":800,"url":"https:\/\/www.stag.pl\/wp-content\/uploads\/2021\/06\/R14.png","type":"image\/png"}],"twitter_card":"summary_large_image","twitter_misc":{"Est. reading time":"1 minute"},"schema":{"@context":"https:\/\/schema.org","@graph":[{"@type":"WebPage","@id":"https:\/\/www.stag.pl\/en\/product\/stag-r14-eng\/","url":"https:\/\/www.stag.pl\/en\/product\/stag-r14-eng\/","name":"STAG R14 - Stag","isPartOf":{"@id":"https:\/\/www.stag.pl\/#website"},"primaryImageOfPage":{"@id":"https:\/\/www.stag.pl\/en\/product\/stag-r14-eng\/#primaryimage"},"image":{"@id":"https:\/\/www.stag.pl\/en\/product\/stag-r14-eng\/#primaryimage"},"thumbnailUrl":"https:\/\/www.stag.pl\/wp-content\/uploads\/2021\/06\/R14.png","datePublished":"2021-06-30T09:23:07+00:00","dateModified":"2021-11-09T13:40:24+00:00","breadcrumb":{"@id":"https:\/\/www.stag.pl\/en\/product\/stag-r14-eng\/#breadcrumb"},"inLanguage":"en-US","potentialAction":[{"@type":"ReadAction","target":["https:\/\/www.stag.pl\/en\/product\/stag-r14-eng\/"]}]},{"@type":"ImageObject","inLanguage":"en-US","@id":"https:\/\/www.stag.pl\/en\/product\/stag-r14-eng\/#primaryimage","url":"https:\/\/www.stag.pl\/wp-content\/uploads\/2021\/06\/R14.png","contentUrl":"https:\/\/www.stag.pl\/wp-content\/uploads\/2021\/06\/R14.png","width":800,"height":800},{"@type":"BreadcrumbList","@id":"https:\/\/www.stag.pl\/en\/product\/stag-r14-eng\/#breadcrumb","itemListElement":[{"@type":"ListItem","position":1,"name":"Strona g\u0142\u00f3wna","item":"https:\/\/www.stag.pl\/en\/"},{"@type":"ListItem","position":2,"name":"Products","item":"https:\/\/www.stag.pl\/en\/products\/"},{"@type":"ListItem","position":3,"name":"STAG R14"}]},{"@type":"WebSite","@id":"https:\/\/www.stag.pl\/#website","url":"https:\/\/www.stag.pl\/","name":"Stag","description":"Interesuje Ci\u0119 instalacja autogazu w samochodzie? Instalacja gazowa do samochodu od STAG to gwarancja oszcz\u0119dno\u015bci i bezpiecze\u0144stwa. Sprawd\u017a!","potentialAction":[{"@type":"SearchAction","target":{"@type":"EntryPoint","urlTemplate":"https:\/\/www.stag.pl\/?s={search_term_string}"},"query-input":{"@type":"PropertyValueSpecification","valueRequired":true,"valueName":"search_term_string"}}],"inLanguage":"en-US"}]}},"_links":{"self":[{"href":"https:\/\/www.stag.pl\/en\/wp-json\/wp\/v2\/product\/1885","targetHints":{"allow":["GET"]}}],"collection":[{"href":"https:\/\/www.stag.pl\/en\/wp-json\/wp\/v2\/product"}],"about":[{"href":"https:\/\/www.stag.pl\/en\/wp-json\/wp\/v2\/types\/product"}],"wp:featuredmedia":[{"embeddable":true,"href":"https:\/\/www.stag.pl\/en\/wp-json\/wp\/v2\/media\/994"}],"wp:attachment":[{"href":"https:\/\/www.stag.pl\/en\/wp-json\/wp\/v2\/media?parent=1885"}],"wp:term":[{"taxonomy":"product_brand","embeddable":true,"href":"https:\/\/www.stag.pl\/en\/wp-json\/wp\/v2\/product_brand?post=1885"},{"taxonomy":"product_cat","embeddable":true,"href":"https:\/\/www.stag.pl\/en\/wp-json\/wp\/v2\/product_cat?post=1885"},{"taxonomy":"product_tag","embeddable":true,"href":"https:\/\/www.stag.pl\/en\/wp-json\/wp\/v2\/product_tag?post=1885"}],"curies":[{"name":"wp","href":"https:\/\/api.w.org\/{rel}","templated":true}]}}