{"id":1886,"date":"2021-06-30T11:20:53","date_gmt":"2021-06-30T09:20:53","guid":{"rendered":"https:\/\/www.stag.pl\/produkt\/stag-r01-eng\/"},"modified":"2021-11-09T14:42:11","modified_gmt":"2021-11-09T13:42:11","slug":"stag-r01-eng","status":"publish","type":"product","link":"https:\/\/www.stag.pl\/en\/product\/stag-r01-eng\/","title":{"rendered":"STAG R01"},"content":{"rendered":"<p>The reducer can be easily fitted in all cars with engines of up to 150 HP (black) or up to 250 HP (red), particularly turbocharged.<\/p>\n<p><strong>The high efficiency and thermal stability of the STAG R01 reducer ensure:<\/strong><\/p>\n<ul>\n<li>stable pressure and precise fuel dosage under sudden acceleration and engine load increase,<\/li>\n<li>correct gas temperature regardless of driving conditions,<\/li>\n<li>correct vaporization of gas, even in uncommonly low ambient temperatures.<\/li>\n<\/ul>\n<p>LPG systems equipped with the\u00a0<strong>STAG R01<\/strong>\u00a0reducer work perfectly with the vehicle power transmission system, ensuring trouble-free operation for years.<br \/>\nThe reducer works perfectly regardless of LPG parameters, driving style or vehicle load.<br \/>\nThe modified version of the\u00a0<strong>STAG R01<\/strong>\u00a0includes enhanced internal components for the adjustment of exit pressure, which has improved the operational stability of the unit.<\/p>\n<p>The stable working pressure of the\u00a0<strong>STAG R01<\/strong>\u00a0enables:<\/p>\n<ul>\n<li>very smooth and dynamic driving with optimized fuel consumption,<\/li>\n<li>steady engine operation,<\/li>\n<li>safe and comfortable driving.<\/li>\n<\/ul>\n<p>The reducer quickly responds to sudden load changes. It provides the correct fuel dosing even at temporary high demand and prevents an excessive pressure rise and engine stuttering at the same time.<\/p>\n<p><strong>Benefits of STAG R01 reducers:<\/strong><\/p>\n<ul>\n<li>stable pressure,<\/li>\n<li>works excellently with turbocharged engines,<\/li>\n<li>tested in all conditions,<\/li>\n<li>gas inlet elbow connection \u00d812,<\/li>\n<li>increased durability,<\/li>\n<li>modern construction solutions,<\/li>\n<li>small size to allow easier installation in tight engine sections,<\/li>\n<li>rotating connections,<\/li>\n<li>stable working parameters.<\/li>\n<\/ul>\n<p><strong>Design of STAG R01 reducers<\/strong><br \/>\nWith the use of unique design solutions, the single-stage, diaphragm-type\u00a0<strong>STAG R01<\/strong>\u00a0with a heat exchange (water\/gas), combines the benefits of two types of reducers:<\/p>\n<ul>\n<li>single-stage: fast and efficient management of sudden temporary increase in the load,<\/li>\n<li>two-stage: no risk of excessive pressure.<\/li>\n<\/ul>\n<p>The unique design of the\u00a0<strong>STAG R01<\/strong>\u00a0ensures sufficient performance in both low and high pressure gas inflow. Therefore, the unit is more resistant to pressure drops resulting from a reduced LPG level in the cylinder and fuel impurities than other marketed products.<\/p>\n<p>The use of an innovative heat exchange system in the\u00a0<strong>STAG R01<\/strong>\u00a0reducer, significantly minimizes the release of LPG impurities which cause \u201creducer plugging\u201d.<br \/>\nIn this respect, the\u00a0<strong>STAG R01<\/strong> is much better and more reliable than other competitive solutions.<\/p>\n<p><strong>Materials used for construction and technical specification<\/strong><\/p>\n<p>The\u00a0<strong>STAG R01<\/strong>\u00a0reducer is made of aluminum alloy processed under strict chemical control and the manufacturing technology ensures:<\/p>\n<ul>\n<li>tight casting up to 70 bar,<\/li>\n<li>uniform formulation of casting to ensure high durability and resistance to mechanical damage<\/li>\n<\/ul>\n","protected":false},"excerpt":{"rendered":"<p>The reducer is designed for Autogas vapor phase sequential injection systems. The reducer vaporizes the liquid petroleum gas supplied to the cylinders. The\u00a0<strong>STAG R01<\/strong>\u00a0reducer ensures continuous stable pressure while supplying the precise fuel dosage to the gas injectors.<\/p>\n","protected":false},"featured_media":2604,"template":"","meta":{"_acf_changed":false,"inline_featured_image":false},"product_brand":[],"product_cat":[40],"product_tag":[92,91,94],"class_list":{"0":"post-1886","1":"product","2":"type-product","3":"status-publish","4":"has-post-thumbnail","6":"product_cat-reducers","7":"product_tag-diesel-en","8":"product_tag-lpg-en","9":"product_tag-reducer","11":"first","12":"instock","13":"shipping-taxable","14":"product-type-simple"},"acf":{"cechy_produktu":[]},"yoast_head":"<!-- This site is optimized with the Yoast SEO plugin v26.3 - https:\/\/yoast.com\/wordpress\/plugins\/seo\/ -->\n<title>STAG R01 - Stag<\/title>\n<meta name=\"robots\" content=\"index, follow, max-snippet:-1, max-image-preview:large, max-video-preview:-1\" \/>\n<link rel=\"canonical\" href=\"https:\/\/www.stag.pl\/en\/product\/stag-r01-eng\/\" \/>\n<meta property=\"og:locale\" content=\"en_US\" \/>\n<meta property=\"og:type\" content=\"article\" \/>\n<meta property=\"og:title\" content=\"STAG R01 - Stag\" \/>\n<meta property=\"og:description\" content=\"The reducer is designed for Autogas vapor phase sequential injection systems. The reducer vaporizes the liquid petroleum gas supplied to the cylinders. The\u00a0STAG R01\u00a0reducer ensures continuous stable pressure while supplying the precise fuel dosage to the gas injectors.\" \/>\n<meta property=\"og:url\" content=\"https:\/\/www.stag.pl\/en\/product\/stag-r01-eng\/\" \/>\n<meta property=\"og:site_name\" content=\"Stag\" \/>\n<meta property=\"article:modified_time\" content=\"2021-11-09T13:42:11+00:00\" \/>\n<meta property=\"og:image\" content=\"https:\/\/www.stag.pl\/wp-content\/uploads\/2021\/06\/R01-180net.png\" \/>\n\t<meta property=\"og:image:width\" content=\"800\" \/>\n\t<meta property=\"og:image:height\" content=\"800\" \/>\n\t<meta property=\"og:image:type\" content=\"image\/png\" \/>\n<meta name=\"twitter:card\" content=\"summary_large_image\" \/>\n<meta name=\"twitter:label1\" content=\"Est. reading time\" \/>\n\t<meta name=\"twitter:data1\" content=\"2 minutes\" \/>\n<script type=\"application\/ld+json\" class=\"yoast-schema-graph\">{\"@context\":\"https:\/\/schema.org\",\"@graph\":[{\"@type\":\"WebPage\",\"@id\":\"https:\/\/www.stag.pl\/en\/product\/stag-r01-eng\/\",\"url\":\"https:\/\/www.stag.pl\/en\/product\/stag-r01-eng\/\",\"name\":\"STAG R01 - Stag\",\"isPartOf\":{\"@id\":\"https:\/\/www.stag.pl\/#website\"},\"primaryImageOfPage\":{\"@id\":\"https:\/\/www.stag.pl\/en\/product\/stag-r01-eng\/#primaryimage\"},\"image\":{\"@id\":\"https:\/\/www.stag.pl\/en\/product\/stag-r01-eng\/#primaryimage\"},\"thumbnailUrl\":\"https:\/\/www.stag.pl\/wp-content\/uploads\/2021\/06\/R01-180net.png\",\"datePublished\":\"2021-06-30T09:20:53+00:00\",\"dateModified\":\"2021-11-09T13:42:11+00:00\",\"breadcrumb\":{\"@id\":\"https:\/\/www.stag.pl\/en\/product\/stag-r01-eng\/#breadcrumb\"},\"inLanguage\":\"en-US\",\"potentialAction\":[{\"@type\":\"ReadAction\",\"target\":[\"https:\/\/www.stag.pl\/en\/product\/stag-r01-eng\/\"]}]},{\"@type\":\"ImageObject\",\"inLanguage\":\"en-US\",\"@id\":\"https:\/\/www.stag.pl\/en\/product\/stag-r01-eng\/#primaryimage\",\"url\":\"https:\/\/www.stag.pl\/wp-content\/uploads\/2021\/06\/R01-180net.png\",\"contentUrl\":\"https:\/\/www.stag.pl\/wp-content\/uploads\/2021\/06\/R01-180net.png\",\"width\":800,\"height\":800,\"caption\":\"Reduktor R01 180 hp\"},{\"@type\":\"BreadcrumbList\",\"@id\":\"https:\/\/www.stag.pl\/en\/product\/stag-r01-eng\/#breadcrumb\",\"itemListElement\":[{\"@type\":\"ListItem\",\"position\":1,\"name\":\"Strona g\u0142\u00f3wna\",\"item\":\"https:\/\/www.stag.pl\/en\/\"},{\"@type\":\"ListItem\",\"position\":2,\"name\":\"Products\",\"item\":\"https:\/\/www.stag.pl\/en\/products\/\"},{\"@type\":\"ListItem\",\"position\":3,\"name\":\"STAG R01\"}]},{\"@type\":\"WebSite\",\"@id\":\"https:\/\/www.stag.pl\/#website\",\"url\":\"https:\/\/www.stag.pl\/\",\"name\":\"Stag\",\"description\":\"Interesuje Ci\u0119 instalacja autogazu w samochodzie? Instalacja gazowa do samochodu od STAG to gwarancja oszcz\u0119dno\u015bci i bezpiecze\u0144stwa. Sprawd\u017a!\",\"potentialAction\":[{\"@type\":\"SearchAction\",\"target\":{\"@type\":\"EntryPoint\",\"urlTemplate\":\"https:\/\/www.stag.pl\/?s={search_term_string}\"},\"query-input\":{\"@type\":\"PropertyValueSpecification\",\"valueRequired\":true,\"valueName\":\"search_term_string\"}}],\"inLanguage\":\"en-US\"}]}<\/script>\n<!-- \/ Yoast SEO plugin. -->","yoast_head_json":{"title":"STAG R01 - Stag","robots":{"index":"index","follow":"follow","max-snippet":"max-snippet:-1","max-image-preview":"max-image-preview:large","max-video-preview":"max-video-preview:-1"},"canonical":"https:\/\/www.stag.pl\/en\/product\/stag-r01-eng\/","og_locale":"en_US","og_type":"article","og_title":"STAG R01 - Stag","og_description":"The reducer is designed for Autogas vapor phase sequential injection systems. The reducer vaporizes the liquid petroleum gas supplied to the cylinders. The\u00a0STAG R01\u00a0reducer ensures continuous stable pressure while supplying the precise fuel dosage to the gas injectors.","og_url":"https:\/\/www.stag.pl\/en\/product\/stag-r01-eng\/","og_site_name":"Stag","article_modified_time":"2021-11-09T13:42:11+00:00","og_image":[{"width":800,"height":800,"url":"https:\/\/www.stag.pl\/wp-content\/uploads\/2021\/06\/R01-180net.png","type":"image\/png"}],"twitter_card":"summary_large_image","twitter_misc":{"Est. reading time":"2 minutes"},"schema":{"@context":"https:\/\/schema.org","@graph":[{"@type":"WebPage","@id":"https:\/\/www.stag.pl\/en\/product\/stag-r01-eng\/","url":"https:\/\/www.stag.pl\/en\/product\/stag-r01-eng\/","name":"STAG R01 - Stag","isPartOf":{"@id":"https:\/\/www.stag.pl\/#website"},"primaryImageOfPage":{"@id":"https:\/\/www.stag.pl\/en\/product\/stag-r01-eng\/#primaryimage"},"image":{"@id":"https:\/\/www.stag.pl\/en\/product\/stag-r01-eng\/#primaryimage"},"thumbnailUrl":"https:\/\/www.stag.pl\/wp-content\/uploads\/2021\/06\/R01-180net.png","datePublished":"2021-06-30T09:20:53+00:00","dateModified":"2021-11-09T13:42:11+00:00","breadcrumb":{"@id":"https:\/\/www.stag.pl\/en\/product\/stag-r01-eng\/#breadcrumb"},"inLanguage":"en-US","potentialAction":[{"@type":"ReadAction","target":["https:\/\/www.stag.pl\/en\/product\/stag-r01-eng\/"]}]},{"@type":"ImageObject","inLanguage":"en-US","@id":"https:\/\/www.stag.pl\/en\/product\/stag-r01-eng\/#primaryimage","url":"https:\/\/www.stag.pl\/wp-content\/uploads\/2021\/06\/R01-180net.png","contentUrl":"https:\/\/www.stag.pl\/wp-content\/uploads\/2021\/06\/R01-180net.png","width":800,"height":800,"caption":"Reduktor R01 180 hp"},{"@type":"BreadcrumbList","@id":"https:\/\/www.stag.pl\/en\/product\/stag-r01-eng\/#breadcrumb","itemListElement":[{"@type":"ListItem","position":1,"name":"Strona g\u0142\u00f3wna","item":"https:\/\/www.stag.pl\/en\/"},{"@type":"ListItem","position":2,"name":"Products","item":"https:\/\/www.stag.pl\/en\/products\/"},{"@type":"ListItem","position":3,"name":"STAG R01"}]},{"@type":"WebSite","@id":"https:\/\/www.stag.pl\/#website","url":"https:\/\/www.stag.pl\/","name":"Stag","description":"Interesuje Ci\u0119 instalacja autogazu w samochodzie? Instalacja gazowa do samochodu od STAG to gwarancja oszcz\u0119dno\u015bci i bezpiecze\u0144stwa. Sprawd\u017a!","potentialAction":[{"@type":"SearchAction","target":{"@type":"EntryPoint","urlTemplate":"https:\/\/www.stag.pl\/?s={search_term_string}"},"query-input":{"@type":"PropertyValueSpecification","valueRequired":true,"valueName":"search_term_string"}}],"inLanguage":"en-US"}]}},"_links":{"self":[{"href":"https:\/\/www.stag.pl\/en\/wp-json\/wp\/v2\/product\/1886","targetHints":{"allow":["GET"]}}],"collection":[{"href":"https:\/\/www.stag.pl\/en\/wp-json\/wp\/v2\/product"}],"about":[{"href":"https:\/\/www.stag.pl\/en\/wp-json\/wp\/v2\/types\/product"}],"wp:featuredmedia":[{"embeddable":true,"href":"https:\/\/www.stag.pl\/en\/wp-json\/wp\/v2\/media\/2604"}],"wp:attachment":[{"href":"https:\/\/www.stag.pl\/en\/wp-json\/wp\/v2\/media?parent=1886"}],"wp:term":[{"taxonomy":"product_brand","embeddable":true,"href":"https:\/\/www.stag.pl\/en\/wp-json\/wp\/v2\/product_brand?post=1886"},{"taxonomy":"product_cat","embeddable":true,"href":"https:\/\/www.stag.pl\/en\/wp-json\/wp\/v2\/product_cat?post=1886"},{"taxonomy":"product_tag","embeddable":true,"href":"https:\/\/www.stag.pl\/en\/wp-json\/wp\/v2\/product_tag?post=1886"}],"curies":[{"name":"wp","href":"https:\/\/api.w.org\/{rel}","templated":true}]}}