{"id":1889,"date":"2021-06-30T11:10:54","date_gmt":"2021-06-30T09:10:54","guid":{"rendered":"https:\/\/www.stag.pl\/produkt\/stag-r02-eng\/"},"modified":"2021-11-09T14:46:36","modified_gmt":"2021-11-09T13:46:36","slug":"stag-r02-eng","status":"publish","type":"product","link":"https:\/\/www.stag.pl\/en\/product\/stag-r02-eng\/","title":{"rendered":"STAG R02"},"content":{"rendered":"<p><strong>Thermal insulation system<\/strong><br \/>\nReducer features include compact size and unique design comprising two aluminium castings and a cover made in the ACtherm system preventing gas cooling, thus, providing excellent thermal insulation. Due to its unique design, the AC R02 heats up very quickly, so switching to gas is also performed quickly. Therefore, no additional work of the controller, such as temperature correction, is required. Its high thermal efficiency and resistance to LPG contamination makes the reducer the best option when selecting autogas system components.<\/p>\n<p><strong>Pressure stabilizing system<\/strong><br \/>\nThe AC R02 reducer is equipped with the unique ACPress system that provides constant pressure\u00a0 supplying injector rails in various road conditions. It should be also noted that stability is guaranteed regardless of inlet pressure at the gas cylinder.<\/p>\n<p><strong>Universal mounting system<\/strong><br \/>\nIt is quite new that the unit is fixed with a single, centrally located bolt only, enabling the reducer to be installed practically in any position. Reducer versatility is complemented with the\u00a0 TriACflex elbow connector system that can be configured in any arrangement.<br \/>\nAn elbow arrangement may be shown here with a caption: straight pipe connector, 90 and 60 degree elbows.<\/p>\n<p><strong>Advantages:<\/strong><\/p>\n<p>\u2022 small dimensions,<br \/>\n\u2022 compact design,<br \/>\n\u2022 excellent thermal efficiency,<br \/>\n\u2022 stable adjustments,<br \/>\n\u2022 resistance to LPG contamination,<br \/>\n\u2022 stable feeding independent of gas cylinder inlet pressure,<br \/>\n\u2022 low pressure drops at high loads,<br \/>\n\u2022 mounting with a single, centrally located bolt,<br \/>\n\u2022 elbow connector system.<\/p>\n","protected":false},"excerpt":{"rendered":"<p>The <strong>AC R02<\/strong> single-stage reducer is designed for car sequential injection systems. The device is used to reduce the pressure of liquid LPG flowing from the tank and turn it into a gas phase (vaporisation).<\/p>\n","protected":false},"featured_media":992,"template":"","meta":{"_acf_changed":false,"inline_featured_image":false},"product_brand":[],"product_cat":[40],"product_tag":[92,91,94],"class_list":{"0":"post-1889","1":"product","2":"type-product","3":"status-publish","4":"has-post-thumbnail","6":"product_cat-reducers","7":"product_tag-diesel-en","8":"product_tag-lpg-en","9":"product_tag-reducer","11":"first","12":"instock","13":"shipping-taxable","14":"product-type-simple"},"acf":{"cechy_produktu":[]},"yoast_head":"<!-- This site is optimized with the Yoast SEO plugin v26.3 - https:\/\/yoast.com\/wordpress\/plugins\/seo\/ -->\n<title>STAG R02 - Stag<\/title>\n<meta name=\"robots\" content=\"index, follow, max-snippet:-1, max-image-preview:large, max-video-preview:-1\" \/>\n<link rel=\"canonical\" href=\"https:\/\/www.stag.pl\/en\/product\/stag-r02-eng\/\" \/>\n<meta property=\"og:locale\" content=\"en_US\" \/>\n<meta property=\"og:type\" content=\"article\" \/>\n<meta property=\"og:title\" content=\"STAG R02 - Stag\" \/>\n<meta property=\"og:description\" content=\"The AC R02 single-stage reducer is designed for car sequential injection systems. The device is used to reduce the pressure of liquid LPG flowing from the tank and turn it into a gas phase (vaporisation).\" \/>\n<meta property=\"og:url\" content=\"https:\/\/www.stag.pl\/en\/product\/stag-r02-eng\/\" \/>\n<meta property=\"og:site_name\" content=\"Stag\" \/>\n<meta property=\"article:modified_time\" content=\"2021-11-09T13:46:36+00:00\" \/>\n<meta property=\"og:image\" content=\"https:\/\/www.stag.pl\/wp-content\/uploads\/2021\/06\/R02.png\" \/>\n\t<meta property=\"og:image:width\" content=\"800\" \/>\n\t<meta property=\"og:image:height\" content=\"800\" \/>\n\t<meta property=\"og:image:type\" content=\"image\/png\" \/>\n<meta name=\"twitter:card\" content=\"summary_large_image\" \/>\n<meta name=\"twitter:label1\" content=\"Est. reading time\" \/>\n\t<meta name=\"twitter:data1\" content=\"1 minute\" \/>\n<script type=\"application\/ld+json\" class=\"yoast-schema-graph\">{\"@context\":\"https:\/\/schema.org\",\"@graph\":[{\"@type\":\"WebPage\",\"@id\":\"https:\/\/www.stag.pl\/en\/product\/stag-r02-eng\/\",\"url\":\"https:\/\/www.stag.pl\/en\/product\/stag-r02-eng\/\",\"name\":\"STAG R02 - Stag\",\"isPartOf\":{\"@id\":\"https:\/\/www.stag.pl\/#website\"},\"primaryImageOfPage\":{\"@id\":\"https:\/\/www.stag.pl\/en\/product\/stag-r02-eng\/#primaryimage\"},\"image\":{\"@id\":\"https:\/\/www.stag.pl\/en\/product\/stag-r02-eng\/#primaryimage\"},\"thumbnailUrl\":\"https:\/\/www.stag.pl\/wp-content\/uploads\/2021\/06\/R02.png\",\"datePublished\":\"2021-06-30T09:10:54+00:00\",\"dateModified\":\"2021-11-09T13:46:36+00:00\",\"breadcrumb\":{\"@id\":\"https:\/\/www.stag.pl\/en\/product\/stag-r02-eng\/#breadcrumb\"},\"inLanguage\":\"en-US\",\"potentialAction\":[{\"@type\":\"ReadAction\",\"target\":[\"https:\/\/www.stag.pl\/en\/product\/stag-r02-eng\/\"]}]},{\"@type\":\"ImageObject\",\"inLanguage\":\"en-US\",\"@id\":\"https:\/\/www.stag.pl\/en\/product\/stag-r02-eng\/#primaryimage\",\"url\":\"https:\/\/www.stag.pl\/wp-content\/uploads\/2021\/06\/R02.png\",\"contentUrl\":\"https:\/\/www.stag.pl\/wp-content\/uploads\/2021\/06\/R02.png\",\"width\":800,\"height\":800},{\"@type\":\"BreadcrumbList\",\"@id\":\"https:\/\/www.stag.pl\/en\/product\/stag-r02-eng\/#breadcrumb\",\"itemListElement\":[{\"@type\":\"ListItem\",\"position\":1,\"name\":\"Strona g\u0142\u00f3wna\",\"item\":\"https:\/\/www.stag.pl\/en\/\"},{\"@type\":\"ListItem\",\"position\":2,\"name\":\"Products\",\"item\":\"https:\/\/www.stag.pl\/en\/products\/\"},{\"@type\":\"ListItem\",\"position\":3,\"name\":\"STAG R02\"}]},{\"@type\":\"WebSite\",\"@id\":\"https:\/\/www.stag.pl\/#website\",\"url\":\"https:\/\/www.stag.pl\/\",\"name\":\"Stag\",\"description\":\"Interesuje Ci\u0119 instalacja autogazu w samochodzie? Instalacja gazowa do samochodu od STAG to gwarancja oszcz\u0119dno\u015bci i bezpiecze\u0144stwa. Sprawd\u017a!\",\"potentialAction\":[{\"@type\":\"SearchAction\",\"target\":{\"@type\":\"EntryPoint\",\"urlTemplate\":\"https:\/\/www.stag.pl\/?s={search_term_string}\"},\"query-input\":{\"@type\":\"PropertyValueSpecification\",\"valueRequired\":true,\"valueName\":\"search_term_string\"}}],\"inLanguage\":\"en-US\"}]}<\/script>\n<!-- \/ Yoast SEO plugin. -->","yoast_head_json":{"title":"STAG R02 - Stag","robots":{"index":"index","follow":"follow","max-snippet":"max-snippet:-1","max-image-preview":"max-image-preview:large","max-video-preview":"max-video-preview:-1"},"canonical":"https:\/\/www.stag.pl\/en\/product\/stag-r02-eng\/","og_locale":"en_US","og_type":"article","og_title":"STAG R02 - Stag","og_description":"The AC R02 single-stage reducer is designed for car sequential injection systems. The device is used to reduce the pressure of liquid LPG flowing from the tank and turn it into a gas phase (vaporisation).","og_url":"https:\/\/www.stag.pl\/en\/product\/stag-r02-eng\/","og_site_name":"Stag","article_modified_time":"2021-11-09T13:46:36+00:00","og_image":[{"width":800,"height":800,"url":"https:\/\/www.stag.pl\/wp-content\/uploads\/2021\/06\/R02.png","type":"image\/png"}],"twitter_card":"summary_large_image","twitter_misc":{"Est. reading time":"1 minute"},"schema":{"@context":"https:\/\/schema.org","@graph":[{"@type":"WebPage","@id":"https:\/\/www.stag.pl\/en\/product\/stag-r02-eng\/","url":"https:\/\/www.stag.pl\/en\/product\/stag-r02-eng\/","name":"STAG R02 - Stag","isPartOf":{"@id":"https:\/\/www.stag.pl\/#website"},"primaryImageOfPage":{"@id":"https:\/\/www.stag.pl\/en\/product\/stag-r02-eng\/#primaryimage"},"image":{"@id":"https:\/\/www.stag.pl\/en\/product\/stag-r02-eng\/#primaryimage"},"thumbnailUrl":"https:\/\/www.stag.pl\/wp-content\/uploads\/2021\/06\/R02.png","datePublished":"2021-06-30T09:10:54+00:00","dateModified":"2021-11-09T13:46:36+00:00","breadcrumb":{"@id":"https:\/\/www.stag.pl\/en\/product\/stag-r02-eng\/#breadcrumb"},"inLanguage":"en-US","potentialAction":[{"@type":"ReadAction","target":["https:\/\/www.stag.pl\/en\/product\/stag-r02-eng\/"]}]},{"@type":"ImageObject","inLanguage":"en-US","@id":"https:\/\/www.stag.pl\/en\/product\/stag-r02-eng\/#primaryimage","url":"https:\/\/www.stag.pl\/wp-content\/uploads\/2021\/06\/R02.png","contentUrl":"https:\/\/www.stag.pl\/wp-content\/uploads\/2021\/06\/R02.png","width":800,"height":800},{"@type":"BreadcrumbList","@id":"https:\/\/www.stag.pl\/en\/product\/stag-r02-eng\/#breadcrumb","itemListElement":[{"@type":"ListItem","position":1,"name":"Strona g\u0142\u00f3wna","item":"https:\/\/www.stag.pl\/en\/"},{"@type":"ListItem","position":2,"name":"Products","item":"https:\/\/www.stag.pl\/en\/products\/"},{"@type":"ListItem","position":3,"name":"STAG R02"}]},{"@type":"WebSite","@id":"https:\/\/www.stag.pl\/#website","url":"https:\/\/www.stag.pl\/","name":"Stag","description":"Interesuje Ci\u0119 instalacja autogazu w samochodzie? Instalacja gazowa do samochodu od STAG to gwarancja oszcz\u0119dno\u015bci i bezpiecze\u0144stwa. Sprawd\u017a!","potentialAction":[{"@type":"SearchAction","target":{"@type":"EntryPoint","urlTemplate":"https:\/\/www.stag.pl\/?s={search_term_string}"},"query-input":{"@type":"PropertyValueSpecification","valueRequired":true,"valueName":"search_term_string"}}],"inLanguage":"en-US"}]}},"_links":{"self":[{"href":"https:\/\/www.stag.pl\/en\/wp-json\/wp\/v2\/product\/1889","targetHints":{"allow":["GET"]}}],"collection":[{"href":"https:\/\/www.stag.pl\/en\/wp-json\/wp\/v2\/product"}],"about":[{"href":"https:\/\/www.stag.pl\/en\/wp-json\/wp\/v2\/types\/product"}],"wp:featuredmedia":[{"embeddable":true,"href":"https:\/\/www.stag.pl\/en\/wp-json\/wp\/v2\/media\/992"}],"wp:attachment":[{"href":"https:\/\/www.stag.pl\/en\/wp-json\/wp\/v2\/media?parent=1889"}],"wp:term":[{"taxonomy":"product_brand","embeddable":true,"href":"https:\/\/www.stag.pl\/en\/wp-json\/wp\/v2\/product_brand?post=1889"},{"taxonomy":"product_cat","embeddable":true,"href":"https:\/\/www.stag.pl\/en\/wp-json\/wp\/v2\/product_cat?post=1889"},{"taxonomy":"product_tag","embeddable":true,"href":"https:\/\/www.stag.pl\/en\/wp-json\/wp\/v2\/product_tag?post=1889"}],"curies":[{"name":"wp","href":"https:\/\/api.w.org\/{rel}","templated":true}]}}