{"id":1890,"date":"2021-06-30T11:04:41","date_gmt":"2021-06-30T09:04:41","guid":{"rendered":"https:\/\/www.stag.pl\/produkt\/stag-gofast-eng\/"},"modified":"2021-11-09T14:50:41","modified_gmt":"2021-11-09T13:50:41","slug":"stag-gofast-eng","status":"publish","type":"product","link":"https:\/\/www.stag.pl\/en\/product\/stag-gofast-eng\/","title":{"rendered":"STAG GoFast"},"content":{"rendered":"<h3>Application features<\/h3>\n<ul>\n<li>\u00a0Easy calibration: all functions are shown on two panels only; no need to switch between window tabs<\/li>\n<li>\u00a0Built-in Standard and Expert modes. The Standard mode features the minimum of essential configuration tuning functions. Just one click of a button switches to the Expert mode with extensive ECU module features<\/li>\n<li>\u00a0The ECU module resumes data transmission automatically when disconnected from the PC data cable<\/li>\n<li>\u00a0Firmware with functionality upgradeability<\/li>\n<li>\u00a0Demo mode without an ECU module connected<\/li>\n<li>\u00a0Straight connection port: 32 pin<\/li>\n<li>\u00a0Supports Bluetooth connectivity<\/li>\n<li>\u00a0Supports parameter recorders<\/li>\n<\/ul>\n<div class=\"table-to-list\">\n<table class=\"table-hover table-striped\" border=\"1\" cellspacing=\"1\" cellpadding=\"1\">\n<thead>\n<tr>\n<th scope=\"col\">Features<\/th>\n<th scope=\"col\">Benefits<\/th>\n<\/tr>\n<\/thead>\n<tbody>\n<tr>\n<td data-title=\"Cecha\">Few connections<\/td>\n<td data-title=\"Korzy\u015b\u0107\">Easy installation with maximum functionality<\/td>\n<\/tr>\n<tr>\n<td data-title=\"Cecha\">Short installation time<\/td>\n<td data-title=\"Korzy\u015b\u0107\">Minimized wiring<\/td>\n<\/tr>\n<tr>\n<td data-title=\"Cecha\">Compact size<\/td>\n<td data-title=\"Korzy\u015b\u0107\">Easier installation<\/td>\n<\/tr>\n<tr>\n<td data-title=\"Cecha\">One-window software<\/td>\n<td data-title=\"Korzy\u015b\u0107\">Easier ECU module programming<\/td>\n<\/tr>\n<\/tbody>\n<\/table>\n<\/div>\n","protected":false},"excerpt":{"rendered":"<div class=\"parameters\"><strong>STAG GoFast<\/strong> is an all-round ECU module intended for most automotive vehicles (with sequential and semi-sequential injection and full-group injection). It has been developed to simplify the autogas fuel system installation as much as possible and reduce the overall installation and calibration time.<\/div>\n<p>&nbsp;<\/p>\n","protected":false},"featured_media":972,"template":"","meta":{"_acf_changed":false,"inline_featured_image":false},"product_brand":[],"product_cat":[41],"product_tag":[90,97,98,91],"class_list":{"0":"post-1890","1":"product","2":"type-product","3":"status-publish","4":"has-post-thumbnail","6":"product_cat-controllers","7":"product_tag-cng-en","8":"product_tag-controller","9":"product_tag-direct-petrol-injection","10":"product_tag-lpg-en","12":"first","13":"instock","14":"shipping-taxable","15":"product-type-simple"},"acf":{"cechy_produktu":[]},"yoast_head":"<!-- This site is optimized with the Yoast SEO plugin v26.3 - https:\/\/yoast.com\/wordpress\/plugins\/seo\/ -->\n<title>STAG GoFast - Stag<\/title>\n<meta name=\"robots\" content=\"index, follow, max-snippet:-1, max-image-preview:large, max-video-preview:-1\" \/>\n<link rel=\"canonical\" href=\"https:\/\/www.stag.pl\/en\/product\/stag-gofast-eng\/\" \/>\n<meta property=\"og:locale\" content=\"en_US\" \/>\n<meta property=\"og:type\" content=\"article\" \/>\n<meta property=\"og:title\" content=\"STAG GoFast - Stag\" \/>\n<meta property=\"og:description\" content=\"STAG GoFast is an all-round ECU module intended for most automotive vehicles (with sequential and semi-sequential injection and full-group injection). It has been developed to simplify the autogas fuel system installation as much as possible and reduce the overall installation and calibration time. &nbsp;\" \/>\n<meta property=\"og:url\" content=\"https:\/\/www.stag.pl\/en\/product\/stag-gofast-eng\/\" \/>\n<meta property=\"og:site_name\" content=\"Stag\" \/>\n<meta property=\"article:modified_time\" content=\"2021-11-09T13:50:41+00:00\" \/>\n<meta property=\"og:image\" content=\"https:\/\/www.stag.pl\/wp-content\/uploads\/2021\/06\/STAG-200-GoFast.png\" \/>\n\t<meta property=\"og:image:width\" content=\"800\" \/>\n\t<meta property=\"og:image:height\" content=\"800\" \/>\n\t<meta property=\"og:image:type\" content=\"image\/png\" \/>\n<meta name=\"twitter:card\" content=\"summary_large_image\" \/>\n<meta name=\"twitter:label1\" content=\"Est. reading time\" \/>\n\t<meta name=\"twitter:data1\" content=\"1 minute\" \/>\n<script type=\"application\/ld+json\" class=\"yoast-schema-graph\">{\"@context\":\"https:\/\/schema.org\",\"@graph\":[{\"@type\":\"WebPage\",\"@id\":\"https:\/\/www.stag.pl\/en\/product\/stag-gofast-eng\/\",\"url\":\"https:\/\/www.stag.pl\/en\/product\/stag-gofast-eng\/\",\"name\":\"STAG GoFast - Stag\",\"isPartOf\":{\"@id\":\"https:\/\/www.stag.pl\/#website\"},\"primaryImageOfPage\":{\"@id\":\"https:\/\/www.stag.pl\/en\/product\/stag-gofast-eng\/#primaryimage\"},\"image\":{\"@id\":\"https:\/\/www.stag.pl\/en\/product\/stag-gofast-eng\/#primaryimage\"},\"thumbnailUrl\":\"https:\/\/www.stag.pl\/wp-content\/uploads\/2021\/06\/STAG-200-GoFast.png\",\"datePublished\":\"2021-06-30T09:04:41+00:00\",\"dateModified\":\"2021-11-09T13:50:41+00:00\",\"breadcrumb\":{\"@id\":\"https:\/\/www.stag.pl\/en\/product\/stag-gofast-eng\/#breadcrumb\"},\"inLanguage\":\"en-US\",\"potentialAction\":[{\"@type\":\"ReadAction\",\"target\":[\"https:\/\/www.stag.pl\/en\/product\/stag-gofast-eng\/\"]}]},{\"@type\":\"ImageObject\",\"inLanguage\":\"en-US\",\"@id\":\"https:\/\/www.stag.pl\/en\/product\/stag-gofast-eng\/#primaryimage\",\"url\":\"https:\/\/www.stag.pl\/wp-content\/uploads\/2021\/06\/STAG-200-GoFast.png\",\"contentUrl\":\"https:\/\/www.stag.pl\/wp-content\/uploads\/2021\/06\/STAG-200-GoFast.png\",\"width\":800,\"height\":800,\"caption\":\"Sterowni STAG 200 GoFast\"},{\"@type\":\"BreadcrumbList\",\"@id\":\"https:\/\/www.stag.pl\/en\/product\/stag-gofast-eng\/#breadcrumb\",\"itemListElement\":[{\"@type\":\"ListItem\",\"position\":1,\"name\":\"Strona g\u0142\u00f3wna\",\"item\":\"https:\/\/www.stag.pl\/en\/\"},{\"@type\":\"ListItem\",\"position\":2,\"name\":\"Products\",\"item\":\"https:\/\/www.stag.pl\/en\/products\/\"},{\"@type\":\"ListItem\",\"position\":3,\"name\":\"STAG GoFast\"}]},{\"@type\":\"WebSite\",\"@id\":\"https:\/\/www.stag.pl\/#website\",\"url\":\"https:\/\/www.stag.pl\/\",\"name\":\"Stag\",\"description\":\"Interesuje Ci\u0119 instalacja autogazu w samochodzie? Instalacja gazowa do samochodu od STAG to gwarancja oszcz\u0119dno\u015bci i bezpiecze\u0144stwa. Sprawd\u017a!\",\"potentialAction\":[{\"@type\":\"SearchAction\",\"target\":{\"@type\":\"EntryPoint\",\"urlTemplate\":\"https:\/\/www.stag.pl\/?s={search_term_string}\"},\"query-input\":{\"@type\":\"PropertyValueSpecification\",\"valueRequired\":true,\"valueName\":\"search_term_string\"}}],\"inLanguage\":\"en-US\"}]}<\/script>\n<!-- \/ Yoast SEO plugin. -->","yoast_head_json":{"title":"STAG GoFast - Stag","robots":{"index":"index","follow":"follow","max-snippet":"max-snippet:-1","max-image-preview":"max-image-preview:large","max-video-preview":"max-video-preview:-1"},"canonical":"https:\/\/www.stag.pl\/en\/product\/stag-gofast-eng\/","og_locale":"en_US","og_type":"article","og_title":"STAG GoFast - Stag","og_description":"STAG GoFast is an all-round ECU module intended for most automotive vehicles (with sequential and semi-sequential injection and full-group injection). It has been developed to simplify the autogas fuel system installation as much as possible and reduce the overall installation and calibration time. &nbsp;","og_url":"https:\/\/www.stag.pl\/en\/product\/stag-gofast-eng\/","og_site_name":"Stag","article_modified_time":"2021-11-09T13:50:41+00:00","og_image":[{"width":800,"height":800,"url":"https:\/\/www.stag.pl\/wp-content\/uploads\/2021\/06\/STAG-200-GoFast.png","type":"image\/png"}],"twitter_card":"summary_large_image","twitter_misc":{"Est. reading time":"1 minute"},"schema":{"@context":"https:\/\/schema.org","@graph":[{"@type":"WebPage","@id":"https:\/\/www.stag.pl\/en\/product\/stag-gofast-eng\/","url":"https:\/\/www.stag.pl\/en\/product\/stag-gofast-eng\/","name":"STAG GoFast - Stag","isPartOf":{"@id":"https:\/\/www.stag.pl\/#website"},"primaryImageOfPage":{"@id":"https:\/\/www.stag.pl\/en\/product\/stag-gofast-eng\/#primaryimage"},"image":{"@id":"https:\/\/www.stag.pl\/en\/product\/stag-gofast-eng\/#primaryimage"},"thumbnailUrl":"https:\/\/www.stag.pl\/wp-content\/uploads\/2021\/06\/STAG-200-GoFast.png","datePublished":"2021-06-30T09:04:41+00:00","dateModified":"2021-11-09T13:50:41+00:00","breadcrumb":{"@id":"https:\/\/www.stag.pl\/en\/product\/stag-gofast-eng\/#breadcrumb"},"inLanguage":"en-US","potentialAction":[{"@type":"ReadAction","target":["https:\/\/www.stag.pl\/en\/product\/stag-gofast-eng\/"]}]},{"@type":"ImageObject","inLanguage":"en-US","@id":"https:\/\/www.stag.pl\/en\/product\/stag-gofast-eng\/#primaryimage","url":"https:\/\/www.stag.pl\/wp-content\/uploads\/2021\/06\/STAG-200-GoFast.png","contentUrl":"https:\/\/www.stag.pl\/wp-content\/uploads\/2021\/06\/STAG-200-GoFast.png","width":800,"height":800,"caption":"Sterowni STAG 200 GoFast"},{"@type":"BreadcrumbList","@id":"https:\/\/www.stag.pl\/en\/product\/stag-gofast-eng\/#breadcrumb","itemListElement":[{"@type":"ListItem","position":1,"name":"Strona g\u0142\u00f3wna","item":"https:\/\/www.stag.pl\/en\/"},{"@type":"ListItem","position":2,"name":"Products","item":"https:\/\/www.stag.pl\/en\/products\/"},{"@type":"ListItem","position":3,"name":"STAG GoFast"}]},{"@type":"WebSite","@id":"https:\/\/www.stag.pl\/#website","url":"https:\/\/www.stag.pl\/","name":"Stag","description":"Interesuje Ci\u0119 instalacja autogazu w samochodzie? Instalacja gazowa do samochodu od STAG to gwarancja oszcz\u0119dno\u015bci i bezpiecze\u0144stwa. Sprawd\u017a!","potentialAction":[{"@type":"SearchAction","target":{"@type":"EntryPoint","urlTemplate":"https:\/\/www.stag.pl\/?s={search_term_string}"},"query-input":{"@type":"PropertyValueSpecification","valueRequired":true,"valueName":"search_term_string"}}],"inLanguage":"en-US"}]}},"_links":{"self":[{"href":"https:\/\/www.stag.pl\/en\/wp-json\/wp\/v2\/product\/1890","targetHints":{"allow":["GET"]}}],"collection":[{"href":"https:\/\/www.stag.pl\/en\/wp-json\/wp\/v2\/product"}],"about":[{"href":"https:\/\/www.stag.pl\/en\/wp-json\/wp\/v2\/types\/product"}],"wp:featuredmedia":[{"embeddable":true,"href":"https:\/\/www.stag.pl\/en\/wp-json\/wp\/v2\/media\/972"}],"wp:attachment":[{"href":"https:\/\/www.stag.pl\/en\/wp-json\/wp\/v2\/media?parent=1890"}],"wp:term":[{"taxonomy":"product_brand","embeddable":true,"href":"https:\/\/www.stag.pl\/en\/wp-json\/wp\/v2\/product_brand?post=1890"},{"taxonomy":"product_cat","embeddable":true,"href":"https:\/\/www.stag.pl\/en\/wp-json\/wp\/v2\/product_cat?post=1890"},{"taxonomy":"product_tag","embeddable":true,"href":"https:\/\/www.stag.pl\/en\/wp-json\/wp\/v2\/product_tag?post=1890"}],"curies":[{"name":"wp","href":"https:\/\/api.w.org\/{rel}","templated":true}]}}