{"id":1891,"date":"2021-06-30T11:01:26","date_gmt":"2021-06-30T09:01:26","guid":{"rendered":"https:\/\/www.stag.pl\/produkt\/stag-diesel-eng\/"},"modified":"2021-11-09T14:59:29","modified_gmt":"2021-11-09T13:59:29","slug":"stag-diesel-eng","status":"publish","type":"product","link":"https:\/\/www.stag.pl\/en\/product\/stag-diesel-eng\/","title":{"rendered":"STAG DIESEL"},"content":{"rendered":"<h3>Application features<\/h3>\n<ul>\n<li>\u00a0Supports Diesel engines with up to 8 cylinders in the sequential mode<\/li>\n<li>\u00a0Supports Diesel engines with up to 16 cylinders in the non-sequential mode<\/li>\n<li>\u00a0Supports additional LPG&amp;CNG injection<\/li>\n<li>\u00a0Advanced sequential fuel gas injection algorithm<\/li>\n<li>\u00a0Accurate gas dosing based on current engine fuel demand<\/li>\n<li>\u00a0Exhaust gas temperature monitoring for engine safety<\/li>\n<li>\u00a0Supports broadband O2 sensor reading: the fuel mix is monitored with an independent broadband O2 sensor, dedicated for Diesel engines (optionally available for Diesel engines without O2 sensors)<\/li>\n<li>\u00a0Supports cruise-control enabled vehicles<\/li>\n<li>\u00a0Full common rail engine output retained after the conversion<\/li>\n<li>\u00a0Auto-calibration system<\/li>\n<\/ul>\n<table class=\"table-hover table-striped\" border=\"1\" cellspacing=\"1\" cellpadding=\"1\">\n<thead>\n<tr>\n<th scope=\"col\">Fetures<\/th>\n<th scope=\"col\">Benefits<\/th>\n<\/tr>\n<\/thead>\n<tbody>\n<tr>\n<td data-title=\"Cecha\">Innovative<\/td>\n<td data-title=\"Korzy\u015b\u0107\">Boost the ecology and efficiency of Diesel engine performance<\/td>\n<\/tr>\n<tr>\n<td data-title=\"Cecha\">Supports O2, knock and temp sensors<\/td>\n<td data-title=\"Korzy\u015b\u0107\">Engine-safe<\/td>\n<\/tr>\n<tr>\n<td data-title=\"Cecha\">One for all<\/td>\n<td data-title=\"Korzy\u015b\u0107\">Supports all Diesel engine types<\/td>\n<\/tr>\n<tr>\n<td data-title=\"Cecha\">Increased engine output<\/td>\n<td data-title=\"Korzy\u015b\u0107\">Improved Diesel fuel combustion with LPG<\/td>\n<\/tr>\n<tr>\n<td data-title=\"Cecha\">Increased Diesel fuel combustion efficiency<\/td>\n<td data-title=\"Korzy\u015b\u0107\">The LPG injection promotes better combustion of Diesel fuel<\/td>\n<\/tr>\n<\/tbody>\n<\/table>\n","protected":false},"excerpt":{"rendered":"<p><strong>STAG Diesel<\/strong> is an alternative fuel system for Diesel engines which feature 2 to 16 cylinders. The whole fuel gas system is based on technical solutions for supplying fuel with air, which are mixed in the cylinders with Diesel fuel. STAG Diesel supports switching to the Diesel fuel supply, since the solution does not modify the engine internals.<\/p>\n","protected":false},"featured_media":970,"template":"","meta":{"_acf_changed":false,"inline_featured_image":false},"product_brand":[],"product_cat":[41],"product_tag":[90,97,92,91],"class_list":{"0":"post-1891","1":"product","2":"type-product","3":"status-publish","4":"has-post-thumbnail","6":"product_cat-controllers","7":"product_tag-cng-en","8":"product_tag-controller","9":"product_tag-diesel-en","10":"product_tag-lpg-en","12":"first","13":"instock","14":"shipping-taxable","15":"product-type-simple"},"acf":{"cechy_produktu":[]},"yoast_head":"<!-- This site is optimized with the Yoast SEO plugin v26.3 - https:\/\/yoast.com\/wordpress\/plugins\/seo\/ -->\n<title>STAG DIESEL - Stag<\/title>\n<meta name=\"robots\" content=\"index, follow, max-snippet:-1, max-image-preview:large, max-video-preview:-1\" \/>\n<link rel=\"canonical\" href=\"https:\/\/www.stag.pl\/en\/product\/stag-diesel-eng\/\" \/>\n<meta property=\"og:locale\" content=\"en_US\" \/>\n<meta property=\"og:type\" content=\"article\" \/>\n<meta property=\"og:title\" content=\"STAG DIESEL - Stag\" \/>\n<meta property=\"og:description\" content=\"STAG Diesel is an alternative fuel system for Diesel engines which feature 2 to 16 cylinders. The whole fuel gas system is based on technical solutions for supplying fuel with air, which are mixed in the cylinders with Diesel fuel. STAG Diesel supports switching to the Diesel fuel supply, since the solution does not modify the engine internals.\" \/>\n<meta property=\"og:url\" content=\"https:\/\/www.stag.pl\/en\/product\/stag-diesel-eng\/\" \/>\n<meta property=\"og:site_name\" content=\"Stag\" \/>\n<meta property=\"article:modified_time\" content=\"2021-11-09T13:59:29+00:00\" \/>\n<meta property=\"og:image\" content=\"https:\/\/www.stag.pl\/wp-content\/uploads\/2021\/06\/STAG-DIESEL-8.png\" \/>\n\t<meta property=\"og:image:width\" content=\"800\" \/>\n\t<meta property=\"og:image:height\" content=\"800\" \/>\n\t<meta property=\"og:image:type\" content=\"image\/png\" \/>\n<meta name=\"twitter:card\" content=\"summary_large_image\" \/>\n<meta name=\"twitter:label1\" content=\"Est. reading time\" \/>\n\t<meta name=\"twitter:data1\" content=\"1 minute\" \/>\n<script type=\"application\/ld+json\" class=\"yoast-schema-graph\">{\"@context\":\"https:\/\/schema.org\",\"@graph\":[{\"@type\":\"WebPage\",\"@id\":\"https:\/\/www.stag.pl\/en\/product\/stag-diesel-eng\/\",\"url\":\"https:\/\/www.stag.pl\/en\/product\/stag-diesel-eng\/\",\"name\":\"STAG DIESEL - Stag\",\"isPartOf\":{\"@id\":\"https:\/\/www.stag.pl\/#website\"},\"primaryImageOfPage\":{\"@id\":\"https:\/\/www.stag.pl\/en\/product\/stag-diesel-eng\/#primaryimage\"},\"image\":{\"@id\":\"https:\/\/www.stag.pl\/en\/product\/stag-diesel-eng\/#primaryimage\"},\"thumbnailUrl\":\"https:\/\/www.stag.pl\/wp-content\/uploads\/2021\/06\/STAG-DIESEL-8.png\",\"datePublished\":\"2021-06-30T09:01:26+00:00\",\"dateModified\":\"2021-11-09T13:59:29+00:00\",\"breadcrumb\":{\"@id\":\"https:\/\/www.stag.pl\/en\/product\/stag-diesel-eng\/#breadcrumb\"},\"inLanguage\":\"en-US\",\"potentialAction\":[{\"@type\":\"ReadAction\",\"target\":[\"https:\/\/www.stag.pl\/en\/product\/stag-diesel-eng\/\"]}]},{\"@type\":\"ImageObject\",\"inLanguage\":\"en-US\",\"@id\":\"https:\/\/www.stag.pl\/en\/product\/stag-diesel-eng\/#primaryimage\",\"url\":\"https:\/\/www.stag.pl\/wp-content\/uploads\/2021\/06\/STAG-DIESEL-8.png\",\"contentUrl\":\"https:\/\/www.stag.pl\/wp-content\/uploads\/2021\/06\/STAG-DIESEL-8.png\",\"width\":800,\"height\":800,\"caption\":\"Sterownik STAG DIESEL\"},{\"@type\":\"BreadcrumbList\",\"@id\":\"https:\/\/www.stag.pl\/en\/product\/stag-diesel-eng\/#breadcrumb\",\"itemListElement\":[{\"@type\":\"ListItem\",\"position\":1,\"name\":\"Strona g\u0142\u00f3wna\",\"item\":\"https:\/\/www.stag.pl\/en\/\"},{\"@type\":\"ListItem\",\"position\":2,\"name\":\"Products\",\"item\":\"https:\/\/www.stag.pl\/en\/products\/\"},{\"@type\":\"ListItem\",\"position\":3,\"name\":\"STAG DIESEL\"}]},{\"@type\":\"WebSite\",\"@id\":\"https:\/\/www.stag.pl\/#website\",\"url\":\"https:\/\/www.stag.pl\/\",\"name\":\"Stag\",\"description\":\"Interesuje Ci\u0119 instalacja autogazu w samochodzie? Instalacja gazowa do samochodu od STAG to gwarancja oszcz\u0119dno\u015bci i bezpiecze\u0144stwa. Sprawd\u017a!\",\"potentialAction\":[{\"@type\":\"SearchAction\",\"target\":{\"@type\":\"EntryPoint\",\"urlTemplate\":\"https:\/\/www.stag.pl\/?s={search_term_string}\"},\"query-input\":{\"@type\":\"PropertyValueSpecification\",\"valueRequired\":true,\"valueName\":\"search_term_string\"}}],\"inLanguage\":\"en-US\"}]}<\/script>\n<!-- \/ Yoast SEO plugin. -->","yoast_head_json":{"title":"STAG DIESEL - Stag","robots":{"index":"index","follow":"follow","max-snippet":"max-snippet:-1","max-image-preview":"max-image-preview:large","max-video-preview":"max-video-preview:-1"},"canonical":"https:\/\/www.stag.pl\/en\/product\/stag-diesel-eng\/","og_locale":"en_US","og_type":"article","og_title":"STAG DIESEL - Stag","og_description":"STAG Diesel is an alternative fuel system for Diesel engines which feature 2 to 16 cylinders. The whole fuel gas system is based on technical solutions for supplying fuel with air, which are mixed in the cylinders with Diesel fuel. STAG Diesel supports switching to the Diesel fuel supply, since the solution does not modify the engine internals.","og_url":"https:\/\/www.stag.pl\/en\/product\/stag-diesel-eng\/","og_site_name":"Stag","article_modified_time":"2021-11-09T13:59:29+00:00","og_image":[{"width":800,"height":800,"url":"https:\/\/www.stag.pl\/wp-content\/uploads\/2021\/06\/STAG-DIESEL-8.png","type":"image\/png"}],"twitter_card":"summary_large_image","twitter_misc":{"Est. reading time":"1 minute"},"schema":{"@context":"https:\/\/schema.org","@graph":[{"@type":"WebPage","@id":"https:\/\/www.stag.pl\/en\/product\/stag-diesel-eng\/","url":"https:\/\/www.stag.pl\/en\/product\/stag-diesel-eng\/","name":"STAG DIESEL - Stag","isPartOf":{"@id":"https:\/\/www.stag.pl\/#website"},"primaryImageOfPage":{"@id":"https:\/\/www.stag.pl\/en\/product\/stag-diesel-eng\/#primaryimage"},"image":{"@id":"https:\/\/www.stag.pl\/en\/product\/stag-diesel-eng\/#primaryimage"},"thumbnailUrl":"https:\/\/www.stag.pl\/wp-content\/uploads\/2021\/06\/STAG-DIESEL-8.png","datePublished":"2021-06-30T09:01:26+00:00","dateModified":"2021-11-09T13:59:29+00:00","breadcrumb":{"@id":"https:\/\/www.stag.pl\/en\/product\/stag-diesel-eng\/#breadcrumb"},"inLanguage":"en-US","potentialAction":[{"@type":"ReadAction","target":["https:\/\/www.stag.pl\/en\/product\/stag-diesel-eng\/"]}]},{"@type":"ImageObject","inLanguage":"en-US","@id":"https:\/\/www.stag.pl\/en\/product\/stag-diesel-eng\/#primaryimage","url":"https:\/\/www.stag.pl\/wp-content\/uploads\/2021\/06\/STAG-DIESEL-8.png","contentUrl":"https:\/\/www.stag.pl\/wp-content\/uploads\/2021\/06\/STAG-DIESEL-8.png","width":800,"height":800,"caption":"Sterownik STAG DIESEL"},{"@type":"BreadcrumbList","@id":"https:\/\/www.stag.pl\/en\/product\/stag-diesel-eng\/#breadcrumb","itemListElement":[{"@type":"ListItem","position":1,"name":"Strona g\u0142\u00f3wna","item":"https:\/\/www.stag.pl\/en\/"},{"@type":"ListItem","position":2,"name":"Products","item":"https:\/\/www.stag.pl\/en\/products\/"},{"@type":"ListItem","position":3,"name":"STAG DIESEL"}]},{"@type":"WebSite","@id":"https:\/\/www.stag.pl\/#website","url":"https:\/\/www.stag.pl\/","name":"Stag","description":"Interesuje Ci\u0119 instalacja autogazu w samochodzie? Instalacja gazowa do samochodu od STAG to gwarancja oszcz\u0119dno\u015bci i bezpiecze\u0144stwa. Sprawd\u017a!","potentialAction":[{"@type":"SearchAction","target":{"@type":"EntryPoint","urlTemplate":"https:\/\/www.stag.pl\/?s={search_term_string}"},"query-input":{"@type":"PropertyValueSpecification","valueRequired":true,"valueName":"search_term_string"}}],"inLanguage":"en-US"}]}},"_links":{"self":[{"href":"https:\/\/www.stag.pl\/en\/wp-json\/wp\/v2\/product\/1891","targetHints":{"allow":["GET"]}}],"collection":[{"href":"https:\/\/www.stag.pl\/en\/wp-json\/wp\/v2\/product"}],"about":[{"href":"https:\/\/www.stag.pl\/en\/wp-json\/wp\/v2\/types\/product"}],"wp:featuredmedia":[{"embeddable":true,"href":"https:\/\/www.stag.pl\/en\/wp-json\/wp\/v2\/media\/970"}],"wp:attachment":[{"href":"https:\/\/www.stag.pl\/en\/wp-json\/wp\/v2\/media?parent=1891"}],"wp:term":[{"taxonomy":"product_brand","embeddable":true,"href":"https:\/\/www.stag.pl\/en\/wp-json\/wp\/v2\/product_brand?post=1891"},{"taxonomy":"product_cat","embeddable":true,"href":"https:\/\/www.stag.pl\/en\/wp-json\/wp\/v2\/product_cat?post=1891"},{"taxonomy":"product_tag","embeddable":true,"href":"https:\/\/www.stag.pl\/en\/wp-json\/wp\/v2\/product_tag?post=1891"}],"curies":[{"name":"wp","href":"https:\/\/api.w.org\/{rel}","templated":true}]}}