{"id":1892,"date":"2021-07-30T10:58:32","date_gmt":"2021-06-30T08:58:32","guid":{"rendered":"https:\/\/www.stag.pl\/produkt\/1892\/"},"modified":"2021-11-09T15:09:00","modified_gmt":"2021-11-09T14:09:00","slug":"stag-400-dpi-eng","status":"publish","type":"product","link":"https:\/\/www.stag.pl\/en\/product\/stag-400-dpi-eng\/","title":{"rendered":"STAG 400 DPI"},"content":{"rendered":"<h3>Application features<\/h3>\n<p>&nbsp;<\/p>\n<ul>\n<li>\u00a0OBD auto-adaptation, supports one and two-bank systems<\/li>\n<li>\u00a0Extensive self-diagnostic system<\/li>\n<li>\u00a0Integrated petrol pressure emulator<\/li>\n<li>\u00a0Dedicated petrol injector emulators:\n<ul>\n<li>SE-Q (Audi engine code: CALB)<\/li>\n<li>ISE-D4 (Toyota engine code: D4)<\/li>\n<li>ISE-VK (Nissan \/ Infiniti engine code: VK)<\/li>\n<\/ul>\n<\/li>\n<li>\u00a03D graphic map<\/li>\n<li>\u00a0Supports additional petrol injection<\/li>\n<li>\u00a0ECU module correction reading<\/li>\n<li>\u00a0Oscilloscope-based performance parameter overview<\/li>\n<li>\u00a0Easy and clear calibration software<\/li>\n<li>\u00a0Supports OBDII\/EOBD connectivity<\/li>\n<li>\u00a0Straight connection port: 90 pin<\/li>\n<li>\u00a0Supports Bluetooth connectivity<\/li>\n<li>\u00a0Supports parameter recorders<\/li>\n<li>\u00a0Supports StagMobile apps<\/li>\n<\/ul>\n<table class=\"table-hover table-striped\" border=\"1\" cellspacing=\"1\" cellpadding=\"1\">\n<thead>\n<tr>\n<th scope=\"col\">Features<\/th>\n<th scope=\"col\">Benefits<\/th>\n<\/tr>\n<\/thead>\n<tbody>\n<tr>\n<td data-title=\"Cecha\">One for all<\/td>\n<td data-title=\"Korzy\u015b\u0107\">Easy and quick conversion of direct fuel injection engines<\/td>\n<\/tr>\n<tr>\n<td data-title=\"Cecha\">Precise fuel gas dosing<\/td>\n<td data-title=\"Korzy\u015b\u0107\">Across the whole RPM range at minimum petrol consumption<\/td>\n<\/tr>\n<tr>\n<td data-title=\"Cecha\">Key engine operating parameters retained<\/td>\n<td data-title=\"Korzy\u015b\u0107\">Runs as if on petrol<\/td>\n<\/tr>\n<\/tbody>\n<\/table>\n","protected":false},"excerpt":{"rendered":"<p><strong>STAG 400 DPI<\/strong> is a high-tech sequential fuel gas injection ECU module for selected vehicle models with direct fuel injection.<\/p>\n","protected":false},"featured_media":958,"template":"","meta":{"_acf_changed":false,"inline_featured_image":false},"product_brand":[],"product_cat":[41],"product_tag":[90,97,99,91],"class_list":{"0":"post-1892","1":"product","2":"type-product","3":"status-publish","4":"has-post-thumbnail","6":"product_cat-controllers","7":"product_tag-cng-en","8":"product_tag-controller","9":"product_tag-direct-petrol-injection-en","10":"product_tag-lpg-en","12":"first","13":"instock","14":"shipping-taxable","15":"product-type-simple"},"acf":{"cechy_produktu":[]},"yoast_head":"<!-- This site is optimized with the Yoast SEO plugin v26.3 - https:\/\/yoast.com\/wordpress\/plugins\/seo\/ -->\n<title>STAG 400 DPI - Stag<\/title>\n<meta name=\"robots\" content=\"index, follow, max-snippet:-1, max-image-preview:large, max-video-preview:-1\" \/>\n<link rel=\"canonical\" href=\"https:\/\/www.stag.pl\/en\/product\/stag-400-dpi-eng\/\" \/>\n<meta property=\"og:locale\" content=\"en_US\" \/>\n<meta property=\"og:type\" content=\"article\" \/>\n<meta property=\"og:title\" content=\"STAG 400 DPI - Stag\" \/>\n<meta property=\"og:description\" content=\"STAG 400 DPI is a high-tech sequential fuel gas injection ECU module for selected vehicle models with direct fuel injection.\" \/>\n<meta property=\"og:url\" content=\"https:\/\/www.stag.pl\/en\/product\/stag-400-dpi-eng\/\" \/>\n<meta property=\"og:site_name\" content=\"Stag\" \/>\n<meta property=\"article:modified_time\" content=\"2021-11-09T14:09:00+00:00\" \/>\n<meta property=\"og:image\" content=\"https:\/\/www.stag.pl\/wp-content\/uploads\/2021\/06\/STAG-400-4-model-B1.png\" \/>\n\t<meta property=\"og:image:width\" content=\"800\" \/>\n\t<meta property=\"og:image:height\" content=\"800\" \/>\n\t<meta property=\"og:image:type\" content=\"image\/png\" \/>\n<meta name=\"twitter:card\" content=\"summary_large_image\" \/>\n<meta name=\"twitter:label1\" content=\"Est. reading time\" \/>\n\t<meta name=\"twitter:data1\" content=\"1 minute\" \/>\n<script type=\"application\/ld+json\" class=\"yoast-schema-graph\">{\"@context\":\"https:\/\/schema.org\",\"@graph\":[{\"@type\":\"WebPage\",\"@id\":\"https:\/\/www.stag.pl\/en\/product\/stag-400-dpi-eng\/\",\"url\":\"https:\/\/www.stag.pl\/en\/product\/stag-400-dpi-eng\/\",\"name\":\"STAG 400 DPI - Stag\",\"isPartOf\":{\"@id\":\"https:\/\/www.stag.pl\/#website\"},\"primaryImageOfPage\":{\"@id\":\"https:\/\/www.stag.pl\/en\/product\/stag-400-dpi-eng\/#primaryimage\"},\"image\":{\"@id\":\"https:\/\/www.stag.pl\/en\/product\/stag-400-dpi-eng\/#primaryimage\"},\"thumbnailUrl\":\"https:\/\/www.stag.pl\/wp-content\/uploads\/2021\/06\/STAG-400-4-model-B1.png\",\"datePublished\":\"2021-06-30T08:58:32+00:00\",\"dateModified\":\"2021-11-09T14:09:00+00:00\",\"breadcrumb\":{\"@id\":\"https:\/\/www.stag.pl\/en\/product\/stag-400-dpi-eng\/#breadcrumb\"},\"inLanguage\":\"en-US\",\"potentialAction\":[{\"@type\":\"ReadAction\",\"target\":[\"https:\/\/www.stag.pl\/en\/product\/stag-400-dpi-eng\/\"]}]},{\"@type\":\"ImageObject\",\"inLanguage\":\"en-US\",\"@id\":\"https:\/\/www.stag.pl\/en\/product\/stag-400-dpi-eng\/#primaryimage\",\"url\":\"https:\/\/www.stag.pl\/wp-content\/uploads\/2021\/06\/STAG-400-4-model-B1.png\",\"contentUrl\":\"https:\/\/www.stag.pl\/wp-content\/uploads\/2021\/06\/STAG-400-4-model-B1.png\",\"width\":800,\"height\":800,\"caption\":\"STAG STAG 400 DPI model B1\"},{\"@type\":\"BreadcrumbList\",\"@id\":\"https:\/\/www.stag.pl\/en\/product\/stag-400-dpi-eng\/#breadcrumb\",\"itemListElement\":[{\"@type\":\"ListItem\",\"position\":1,\"name\":\"Strona g\u0142\u00f3wna\",\"item\":\"https:\/\/www.stag.pl\/en\/\"},{\"@type\":\"ListItem\",\"position\":2,\"name\":\"Products\",\"item\":\"https:\/\/www.stag.pl\/en\/products\/\"},{\"@type\":\"ListItem\",\"position\":3,\"name\":\"STAG 400 DPI\"}]},{\"@type\":\"WebSite\",\"@id\":\"https:\/\/www.stag.pl\/#website\",\"url\":\"https:\/\/www.stag.pl\/\",\"name\":\"Stag\",\"description\":\"Interesuje Ci\u0119 instalacja autogazu w samochodzie? Instalacja gazowa do samochodu od STAG to gwarancja oszcz\u0119dno\u015bci i bezpiecze\u0144stwa. Sprawd\u017a!\",\"potentialAction\":[{\"@type\":\"SearchAction\",\"target\":{\"@type\":\"EntryPoint\",\"urlTemplate\":\"https:\/\/www.stag.pl\/?s={search_term_string}\"},\"query-input\":{\"@type\":\"PropertyValueSpecification\",\"valueRequired\":true,\"valueName\":\"search_term_string\"}}],\"inLanguage\":\"en-US\"}]}<\/script>\n<!-- \/ Yoast SEO plugin. -->","yoast_head_json":{"title":"STAG 400 DPI - Stag","robots":{"index":"index","follow":"follow","max-snippet":"max-snippet:-1","max-image-preview":"max-image-preview:large","max-video-preview":"max-video-preview:-1"},"canonical":"https:\/\/www.stag.pl\/en\/product\/stag-400-dpi-eng\/","og_locale":"en_US","og_type":"article","og_title":"STAG 400 DPI - Stag","og_description":"STAG 400 DPI is a high-tech sequential fuel gas injection ECU module for selected vehicle models with direct fuel injection.","og_url":"https:\/\/www.stag.pl\/en\/product\/stag-400-dpi-eng\/","og_site_name":"Stag","article_modified_time":"2021-11-09T14:09:00+00:00","og_image":[{"width":800,"height":800,"url":"https:\/\/www.stag.pl\/wp-content\/uploads\/2021\/06\/STAG-400-4-model-B1.png","type":"image\/png"}],"twitter_card":"summary_large_image","twitter_misc":{"Est. reading time":"1 minute"},"schema":{"@context":"https:\/\/schema.org","@graph":[{"@type":"WebPage","@id":"https:\/\/www.stag.pl\/en\/product\/stag-400-dpi-eng\/","url":"https:\/\/www.stag.pl\/en\/product\/stag-400-dpi-eng\/","name":"STAG 400 DPI - Stag","isPartOf":{"@id":"https:\/\/www.stag.pl\/#website"},"primaryImageOfPage":{"@id":"https:\/\/www.stag.pl\/en\/product\/stag-400-dpi-eng\/#primaryimage"},"image":{"@id":"https:\/\/www.stag.pl\/en\/product\/stag-400-dpi-eng\/#primaryimage"},"thumbnailUrl":"https:\/\/www.stag.pl\/wp-content\/uploads\/2021\/06\/STAG-400-4-model-B1.png","datePublished":"2021-06-30T08:58:32+00:00","dateModified":"2021-11-09T14:09:00+00:00","breadcrumb":{"@id":"https:\/\/www.stag.pl\/en\/product\/stag-400-dpi-eng\/#breadcrumb"},"inLanguage":"en-US","potentialAction":[{"@type":"ReadAction","target":["https:\/\/www.stag.pl\/en\/product\/stag-400-dpi-eng\/"]}]},{"@type":"ImageObject","inLanguage":"en-US","@id":"https:\/\/www.stag.pl\/en\/product\/stag-400-dpi-eng\/#primaryimage","url":"https:\/\/www.stag.pl\/wp-content\/uploads\/2021\/06\/STAG-400-4-model-B1.png","contentUrl":"https:\/\/www.stag.pl\/wp-content\/uploads\/2021\/06\/STAG-400-4-model-B1.png","width":800,"height":800,"caption":"STAG STAG 400 DPI model B1"},{"@type":"BreadcrumbList","@id":"https:\/\/www.stag.pl\/en\/product\/stag-400-dpi-eng\/#breadcrumb","itemListElement":[{"@type":"ListItem","position":1,"name":"Strona g\u0142\u00f3wna","item":"https:\/\/www.stag.pl\/en\/"},{"@type":"ListItem","position":2,"name":"Products","item":"https:\/\/www.stag.pl\/en\/products\/"},{"@type":"ListItem","position":3,"name":"STAG 400 DPI"}]},{"@type":"WebSite","@id":"https:\/\/www.stag.pl\/#website","url":"https:\/\/www.stag.pl\/","name":"Stag","description":"Interesuje Ci\u0119 instalacja autogazu w samochodzie? Instalacja gazowa do samochodu od STAG to gwarancja oszcz\u0119dno\u015bci i bezpiecze\u0144stwa. Sprawd\u017a!","potentialAction":[{"@type":"SearchAction","target":{"@type":"EntryPoint","urlTemplate":"https:\/\/www.stag.pl\/?s={search_term_string}"},"query-input":{"@type":"PropertyValueSpecification","valueRequired":true,"valueName":"search_term_string"}}],"inLanguage":"en-US"}]}},"_links":{"self":[{"href":"https:\/\/www.stag.pl\/en\/wp-json\/wp\/v2\/product\/1892","targetHints":{"allow":["GET"]}}],"collection":[{"href":"https:\/\/www.stag.pl\/en\/wp-json\/wp\/v2\/product"}],"about":[{"href":"https:\/\/www.stag.pl\/en\/wp-json\/wp\/v2\/types\/product"}],"wp:featuredmedia":[{"embeddable":true,"href":"https:\/\/www.stag.pl\/en\/wp-json\/wp\/v2\/media\/958"}],"wp:attachment":[{"href":"https:\/\/www.stag.pl\/en\/wp-json\/wp\/v2\/media?parent=1892"}],"wp:term":[{"taxonomy":"product_brand","embeddable":true,"href":"https:\/\/www.stag.pl\/en\/wp-json\/wp\/v2\/product_brand?post=1892"},{"taxonomy":"product_cat","embeddable":true,"href":"https:\/\/www.stag.pl\/en\/wp-json\/wp\/v2\/product_cat?post=1892"},{"taxonomy":"product_tag","embeddable":true,"href":"https:\/\/www.stag.pl\/en\/wp-json\/wp\/v2\/product_tag?post=1892"}],"curies":[{"name":"wp","href":"https:\/\/api.w.org\/{rel}","templated":true}]}}