{"id":1895,"date":"2021-05-27T09:31:57","date_gmt":"2021-05-27T07:31:57","guid":{"rendered":"https:\/\/www.stag.pl\/produkt\/stag-qmax-plus-eng\/"},"modified":"2021-11-09T15:24:44","modified_gmt":"2021-11-09T14:24:44","slug":"stag-qmax-plus-eng","status":"publish","type":"product","link":"https:\/\/www.stag.pl\/en\/product\/stag-qmax-plus-eng\/","title":{"rendered":"STAG QMAX PLUS"},"content":{"rendered":"<p><strong>STAG Q-Generation\u00a0<\/strong>is a line of modern STAG autogas ECU (engine control units) modules (QBOX, QNEXT, and QMAX) developed by the most experienced engineers working for STAG.<\/p>\n<h3>Application features<\/h3>\n<ul>\n<li>\u00a0OBD auto-adaptation<\/li>\n<li>\u00a0Proprietary ISA3 auto-adaptation<\/li>\n<li>\u00a0Supports CAN and K-LINE with OBD2\/EOBD compliance<\/li>\n<li>\u00a0Optional extended OBD tool functionality automatic DTC deletion<\/li>\n<li>\u00a0Fuel source overlap during supply switchover<\/li>\n<li>\u00a0FLE-FC and FL-JC fuel level emulators<\/li>\n<li>\u00a0FPE-A fuel pressure emulator<\/li>\n<li>\u00a0Fully supports both cylinder banks<\/li>\n<li>\u00a0Straight connection port: 90 pin<\/li>\n<li>\u00a0Supports Bluetooth connectivity<\/li>\n<li>\u00a0Supports parameter recorders<\/li>\n<li>\u00a0Supports mobile apps<\/li>\n<\/ul>\n<table class=\"table-hover table-striped\" border=\"1\" cellspacing=\"1\" cellpadding=\"1\">\n<thead>\n<tr>\n<th scope=\"col\">Features\u00a0<span class=\"fa-check faIconStyle\">\u00a0<\/span><\/th>\n<th scope=\"col\">Benefits\u00a0<span class=\"fa-thumbs-up faIconStyle\">\u00a0<\/span><\/th>\n<\/tr>\n<\/thead>\n<tbody>\n<tr>\n<td data-title=\"Features\">OBD connectivity<\/td>\n<td data-title=\"Benefits\">Auto-adaptation can be enabled<\/td>\n<\/tr>\n<tr>\n<td data-title=\"Features\">OBD connectivity<\/td>\n<td data-title=\"Benefits\">No external OBD tool required<\/td>\n<\/tr>\n<tr>\n<td data-title=\"Features\">OBD connectivity<\/td>\n<td data-title=\"Benefits\">ECU module performance overview on a smartphone<\/td>\n<\/tr>\n<\/tbody>\n<\/table>\n","protected":false},"excerpt":{"rendered":"<p><strong>STAG QMAX PLUS<\/strong> carries on the STAG QBOX PLUS ECU and is dedicated tofor 1 and 8-cylinder port fuel injection engines. Like other Q-generation ECUs, high-tech application and performance solutions are onboard, plus an extensive package of integrated fuel-efficiency functionalities.<\/p>\n","protected":false},"featured_media":938,"template":"","meta":{"_acf_changed":false,"inline_featured_image":false},"product_brand":[],"product_cat":[41],"product_tag":[90,97,98,91,100],"class_list":{"0":"post-1895","1":"product","2":"type-product","3":"status-publish","4":"has-post-thumbnail","6":"product_cat-controllers","7":"product_tag-cng-en","8":"product_tag-controller","9":"product_tag-direct-petrol-injection","10":"product_tag-lpg-en","11":"product_tag-qgeneration","13":"first","14":"instock","15":"shipping-taxable","16":"product-type-simple"},"acf":{"cechy_produktu":[]},"yoast_head":"<!-- This site is optimized with the Yoast SEO plugin v26.3 - https:\/\/yoast.com\/wordpress\/plugins\/seo\/ -->\n<title>STAG QMAX PLUS - Stag<\/title>\n<meta name=\"robots\" content=\"index, follow, max-snippet:-1, max-image-preview:large, max-video-preview:-1\" \/>\n<link rel=\"canonical\" href=\"https:\/\/www.stag.pl\/en\/product\/stag-qmax-plus-eng\/\" \/>\n<meta property=\"og:locale\" content=\"en_US\" \/>\n<meta property=\"og:type\" content=\"article\" \/>\n<meta property=\"og:title\" content=\"STAG QMAX PLUS - Stag\" \/>\n<meta property=\"og:description\" content=\"STAG QMAX PLUS carries on the STAG QBOX PLUS ECU and is dedicated tofor 1 and 8-cylinder port fuel injection engines. Like other Q-generation ECUs, high-tech application and performance solutions are onboard, plus an extensive package of integrated fuel-efficiency functionalities.\" \/>\n<meta property=\"og:url\" content=\"https:\/\/www.stag.pl\/en\/product\/stag-qmax-plus-eng\/\" \/>\n<meta property=\"og:site_name\" content=\"Stag\" \/>\n<meta property=\"article:modified_time\" content=\"2021-11-09T14:24:44+00:00\" \/>\n<meta property=\"og:image\" content=\"https:\/\/www.stag.pl\/wp-content\/uploads\/2021\/06\/stag.png\" \/>\n\t<meta property=\"og:image:width\" content=\"600\" \/>\n\t<meta property=\"og:image:height\" content=\"315\" \/>\n\t<meta property=\"og:image:type\" content=\"image\/png\" \/>\n<meta name=\"twitter:card\" content=\"summary_large_image\" \/>\n<meta name=\"twitter:label1\" content=\"Est. reading time\" \/>\n\t<meta name=\"twitter:data1\" content=\"1 minute\" \/>\n<script type=\"application\/ld+json\" class=\"yoast-schema-graph\">{\"@context\":\"https:\/\/schema.org\",\"@graph\":[{\"@type\":\"WebPage\",\"@id\":\"https:\/\/www.stag.pl\/en\/product\/stag-qmax-plus-eng\/\",\"url\":\"https:\/\/www.stag.pl\/en\/product\/stag-qmax-plus-eng\/\",\"name\":\"STAG QMAX PLUS - Stag\",\"isPartOf\":{\"@id\":\"https:\/\/www.stag.pl\/#website\"},\"primaryImageOfPage\":{\"@id\":\"https:\/\/www.stag.pl\/en\/product\/stag-qmax-plus-eng\/#primaryimage\"},\"image\":{\"@id\":\"https:\/\/www.stag.pl\/en\/product\/stag-qmax-plus-eng\/#primaryimage\"},\"thumbnailUrl\":\"https:\/\/www.stag.pl\/wp-content\/uploads\/2021\/05\/STAG-300-8-QMAX-PLUS.png\",\"datePublished\":\"2021-05-27T07:31:57+00:00\",\"dateModified\":\"2021-11-09T14:24:44+00:00\",\"breadcrumb\":{\"@id\":\"https:\/\/www.stag.pl\/en\/product\/stag-qmax-plus-eng\/#breadcrumb\"},\"inLanguage\":\"en-US\",\"potentialAction\":[{\"@type\":\"ReadAction\",\"target\":[\"https:\/\/www.stag.pl\/en\/product\/stag-qmax-plus-eng\/\"]}]},{\"@type\":\"ImageObject\",\"inLanguage\":\"en-US\",\"@id\":\"https:\/\/www.stag.pl\/en\/product\/stag-qmax-plus-eng\/#primaryimage\",\"url\":\"https:\/\/www.stag.pl\/wp-content\/uploads\/2021\/05\/STAG-300-8-QMAX-PLUS.png\",\"contentUrl\":\"https:\/\/www.stag.pl\/wp-content\/uploads\/2021\/05\/STAG-300-8-QMAX-PLUS.png\",\"width\":800,\"height\":800,\"caption\":\"Sterownik STAG QMAX PLUS wersja 300-8\"},{\"@type\":\"BreadcrumbList\",\"@id\":\"https:\/\/www.stag.pl\/en\/product\/stag-qmax-plus-eng\/#breadcrumb\",\"itemListElement\":[{\"@type\":\"ListItem\",\"position\":1,\"name\":\"Strona g\u0142\u00f3wna\",\"item\":\"https:\/\/www.stag.pl\/en\/\"},{\"@type\":\"ListItem\",\"position\":2,\"name\":\"Products\",\"item\":\"https:\/\/www.stag.pl\/en\/products\/\"},{\"@type\":\"ListItem\",\"position\":3,\"name\":\"STAG QMAX PLUS\"}]},{\"@type\":\"WebSite\",\"@id\":\"https:\/\/www.stag.pl\/#website\",\"url\":\"https:\/\/www.stag.pl\/\",\"name\":\"Stag\",\"description\":\"Interesuje Ci\u0119 instalacja autogazu w samochodzie? Instalacja gazowa do samochodu od STAG to gwarancja oszcz\u0119dno\u015bci i bezpiecze\u0144stwa. Sprawd\u017a!\",\"potentialAction\":[{\"@type\":\"SearchAction\",\"target\":{\"@type\":\"EntryPoint\",\"urlTemplate\":\"https:\/\/www.stag.pl\/?s={search_term_string}\"},\"query-input\":{\"@type\":\"PropertyValueSpecification\",\"valueRequired\":true,\"valueName\":\"search_term_string\"}}],\"inLanguage\":\"en-US\"}]}<\/script>\n<!-- \/ Yoast SEO plugin. -->","yoast_head_json":{"title":"STAG QMAX PLUS - Stag","robots":{"index":"index","follow":"follow","max-snippet":"max-snippet:-1","max-image-preview":"max-image-preview:large","max-video-preview":"max-video-preview:-1"},"canonical":"https:\/\/www.stag.pl\/en\/product\/stag-qmax-plus-eng\/","og_locale":"en_US","og_type":"article","og_title":"STAG QMAX PLUS - Stag","og_description":"STAG QMAX PLUS carries on the STAG QBOX PLUS ECU and is dedicated tofor 1 and 8-cylinder port fuel injection engines. Like other Q-generation ECUs, high-tech application and performance solutions are onboard, plus an extensive package of integrated fuel-efficiency functionalities.","og_url":"https:\/\/www.stag.pl\/en\/product\/stag-qmax-plus-eng\/","og_site_name":"Stag","article_modified_time":"2021-11-09T14:24:44+00:00","og_image":[{"width":600,"height":315,"url":"https:\/\/www.stag.pl\/wp-content\/uploads\/2021\/06\/stag.png","type":"image\/png"}],"twitter_card":"summary_large_image","twitter_misc":{"Est. reading time":"1 minute"},"schema":{"@context":"https:\/\/schema.org","@graph":[{"@type":"WebPage","@id":"https:\/\/www.stag.pl\/en\/product\/stag-qmax-plus-eng\/","url":"https:\/\/www.stag.pl\/en\/product\/stag-qmax-plus-eng\/","name":"STAG QMAX PLUS - Stag","isPartOf":{"@id":"https:\/\/www.stag.pl\/#website"},"primaryImageOfPage":{"@id":"https:\/\/www.stag.pl\/en\/product\/stag-qmax-plus-eng\/#primaryimage"},"image":{"@id":"https:\/\/www.stag.pl\/en\/product\/stag-qmax-plus-eng\/#primaryimage"},"thumbnailUrl":"https:\/\/www.stag.pl\/wp-content\/uploads\/2021\/05\/STAG-300-8-QMAX-PLUS.png","datePublished":"2021-05-27T07:31:57+00:00","dateModified":"2021-11-09T14:24:44+00:00","breadcrumb":{"@id":"https:\/\/www.stag.pl\/en\/product\/stag-qmax-plus-eng\/#breadcrumb"},"inLanguage":"en-US","potentialAction":[{"@type":"ReadAction","target":["https:\/\/www.stag.pl\/en\/product\/stag-qmax-plus-eng\/"]}]},{"@type":"ImageObject","inLanguage":"en-US","@id":"https:\/\/www.stag.pl\/en\/product\/stag-qmax-plus-eng\/#primaryimage","url":"https:\/\/www.stag.pl\/wp-content\/uploads\/2021\/05\/STAG-300-8-QMAX-PLUS.png","contentUrl":"https:\/\/www.stag.pl\/wp-content\/uploads\/2021\/05\/STAG-300-8-QMAX-PLUS.png","width":800,"height":800,"caption":"Sterownik STAG QMAX PLUS wersja 300-8"},{"@type":"BreadcrumbList","@id":"https:\/\/www.stag.pl\/en\/product\/stag-qmax-plus-eng\/#breadcrumb","itemListElement":[{"@type":"ListItem","position":1,"name":"Strona g\u0142\u00f3wna","item":"https:\/\/www.stag.pl\/en\/"},{"@type":"ListItem","position":2,"name":"Products","item":"https:\/\/www.stag.pl\/en\/products\/"},{"@type":"ListItem","position":3,"name":"STAG QMAX PLUS"}]},{"@type":"WebSite","@id":"https:\/\/www.stag.pl\/#website","url":"https:\/\/www.stag.pl\/","name":"Stag","description":"Interesuje Ci\u0119 instalacja autogazu w samochodzie? Instalacja gazowa do samochodu od STAG to gwarancja oszcz\u0119dno\u015bci i bezpiecze\u0144stwa. Sprawd\u017a!","potentialAction":[{"@type":"SearchAction","target":{"@type":"EntryPoint","urlTemplate":"https:\/\/www.stag.pl\/?s={search_term_string}"},"query-input":{"@type":"PropertyValueSpecification","valueRequired":true,"valueName":"search_term_string"}}],"inLanguage":"en-US"}]}},"_links":{"self":[{"href":"https:\/\/www.stag.pl\/en\/wp-json\/wp\/v2\/product\/1895","targetHints":{"allow":["GET"]}}],"collection":[{"href":"https:\/\/www.stag.pl\/en\/wp-json\/wp\/v2\/product"}],"about":[{"href":"https:\/\/www.stag.pl\/en\/wp-json\/wp\/v2\/types\/product"}],"wp:featuredmedia":[{"embeddable":true,"href":"https:\/\/www.stag.pl\/en\/wp-json\/wp\/v2\/media\/938"}],"wp:attachment":[{"href":"https:\/\/www.stag.pl\/en\/wp-json\/wp\/v2\/media?parent=1895"}],"wp:term":[{"taxonomy":"product_brand","embeddable":true,"href":"https:\/\/www.stag.pl\/en\/wp-json\/wp\/v2\/product_brand?post=1895"},{"taxonomy":"product_cat","embeddable":true,"href":"https:\/\/www.stag.pl\/en\/wp-json\/wp\/v2\/product_cat?post=1895"},{"taxonomy":"product_tag","embeddable":true,"href":"https:\/\/www.stag.pl\/en\/wp-json\/wp\/v2\/product_tag?post=1895"}],"curies":[{"name":"wp","href":"https:\/\/api.w.org\/{rel}","templated":true}]}}