{"id":2299,"date":"2022-03-10T07:55:50","date_gmt":"2022-03-10T06:55:50","guid":{"rendered":"https:\/\/www.stag.pl\/produkt\/ring-for-led-600\/"},"modified":"2022-03-10T07:55:50","modified_gmt":"2022-03-10T06:55:50","slug":"ring-for-led-600","status":"publish","type":"product","link":"https:\/\/www.stag.pl\/en\/product\/ring-for-led-600\/","title":{"rendered":"Ring for LED 600"},"content":{"rendered":"<p>The ring for LED 600 provides a visually appealing finish to our most popular b\/g switch.<br \/>\nTwo color versions &#8211; gold and silver, allow you to personalize the appearance of the switchboard according to your tastes.<\/p>\n<p><strong>Parameters<\/strong><br \/>\n<strong>Product:<\/strong> Ring for LED 600<br \/>\n<strong>Cooperation with b\/g switch:<\/strong> STAG LED 600<br \/>\nRecommended mounting hole 32mm<\/p>\n","protected":false},"excerpt":{"rendered":"<p><strong>Accessory for LED 600 petrol\/gas switch. <\/strong><\/p>\n","protected":false},"featured_media":2290,"template":"","meta":{"_acf_changed":false,"inline_featured_image":false},"product_brand":[],"product_cat":[39],"product_tag":[92,98,99,95],"class_list":{"0":"post-2299","1":"product","2":"type-product","3":"status-publish","4":"has-post-thumbnail","6":"product_cat-switches","7":"product_tag-diesel-en","8":"product_tag-direct-petrol-injection","9":"product_tag-direct-petrol-injection-en","10":"product_tag-switches-petro-gas","12":"first","13":"instock","14":"shipping-taxable","15":"product-type-simple"},"acf":{"cechy_produktu":[]},"yoast_head":"<!-- This site is optimized with the Yoast SEO plugin v26.3 - https:\/\/yoast.com\/wordpress\/plugins\/seo\/ -->\n<title>Ring for LED 600 - Stag<\/title>\n<meta name=\"robots\" content=\"index, follow, max-snippet:-1, max-image-preview:large, max-video-preview:-1\" \/>\n<link rel=\"canonical\" href=\"https:\/\/www.stag.pl\/en\/product\/ring-for-led-600\/\" \/>\n<meta property=\"og:locale\" content=\"en_US\" \/>\n<meta property=\"og:type\" content=\"article\" \/>\n<meta property=\"og:title\" content=\"Ring for LED 600 - Stag\" \/>\n<meta property=\"og:description\" content=\"Accessory for LED 600 petrol\/gas switch.\" \/>\n<meta property=\"og:url\" content=\"https:\/\/www.stag.pl\/en\/product\/ring-for-led-600\/\" \/>\n<meta property=\"og:site_name\" content=\"Stag\" \/>\n<meta property=\"og:image\" content=\"https:\/\/www.stag.pl\/wp-content\/uploads\/2022\/03\/pierscien-srebrny-z2.png\" \/>\n\t<meta property=\"og:image:width\" content=\"600\" \/>\n\t<meta property=\"og:image:height\" content=\"666\" \/>\n\t<meta property=\"og:image:type\" content=\"image\/png\" \/>\n<meta name=\"twitter:card\" content=\"summary_large_image\" \/>\n<script type=\"application\/ld+json\" class=\"yoast-schema-graph\">{\"@context\":\"https:\/\/schema.org\",\"@graph\":[{\"@type\":\"WebPage\",\"@id\":\"https:\/\/www.stag.pl\/en\/product\/ring-for-led-600\/\",\"url\":\"https:\/\/www.stag.pl\/en\/product\/ring-for-led-600\/\",\"name\":\"Ring for LED 600 - Stag\",\"isPartOf\":{\"@id\":\"https:\/\/www.stag.pl\/#website\"},\"primaryImageOfPage\":{\"@id\":\"https:\/\/www.stag.pl\/en\/product\/ring-for-led-600\/#primaryimage\"},\"image\":{\"@id\":\"https:\/\/www.stag.pl\/en\/product\/ring-for-led-600\/#primaryimage\"},\"thumbnailUrl\":\"https:\/\/www.stag.pl\/wp-content\/uploads\/2022\/03\/pierscien-srebrny-z2.png\",\"datePublished\":\"2022-03-10T06:55:50+00:00\",\"breadcrumb\":{\"@id\":\"https:\/\/www.stag.pl\/en\/product\/ring-for-led-600\/#breadcrumb\"},\"inLanguage\":\"en-US\",\"potentialAction\":[{\"@type\":\"ReadAction\",\"target\":[\"https:\/\/www.stag.pl\/en\/product\/ring-for-led-600\/\"]}]},{\"@type\":\"ImageObject\",\"inLanguage\":\"en-US\",\"@id\":\"https:\/\/www.stag.pl\/en\/product\/ring-for-led-600\/#primaryimage\",\"url\":\"https:\/\/www.stag.pl\/wp-content\/uploads\/2022\/03\/pierscien-srebrny-z2.png\",\"contentUrl\":\"https:\/\/www.stag.pl\/wp-content\/uploads\/2022\/03\/pierscien-srebrny-z2.png\",\"width\":600,\"height\":666},{\"@type\":\"BreadcrumbList\",\"@id\":\"https:\/\/www.stag.pl\/en\/product\/ring-for-led-600\/#breadcrumb\",\"itemListElement\":[{\"@type\":\"ListItem\",\"position\":1,\"name\":\"Strona g\u0142\u00f3wna\",\"item\":\"https:\/\/www.stag.pl\/en\/\"},{\"@type\":\"ListItem\",\"position\":2,\"name\":\"Products\",\"item\":\"https:\/\/www.stag.pl\/en\/products\/\"},{\"@type\":\"ListItem\",\"position\":3,\"name\":\"Ring for LED 600\"}]},{\"@type\":\"WebSite\",\"@id\":\"https:\/\/www.stag.pl\/#website\",\"url\":\"https:\/\/www.stag.pl\/\",\"name\":\"Stag\",\"description\":\"Interesuje Ci\u0119 instalacja autogazu w samochodzie? Instalacja gazowa do samochodu od STAG to gwarancja oszcz\u0119dno\u015bci i bezpiecze\u0144stwa. Sprawd\u017a!\",\"potentialAction\":[{\"@type\":\"SearchAction\",\"target\":{\"@type\":\"EntryPoint\",\"urlTemplate\":\"https:\/\/www.stag.pl\/?s={search_term_string}\"},\"query-input\":{\"@type\":\"PropertyValueSpecification\",\"valueRequired\":true,\"valueName\":\"search_term_string\"}}],\"inLanguage\":\"en-US\"}]}<\/script>\n<!-- \/ Yoast SEO plugin. -->","yoast_head_json":{"title":"Ring for LED 600 - Stag","robots":{"index":"index","follow":"follow","max-snippet":"max-snippet:-1","max-image-preview":"max-image-preview:large","max-video-preview":"max-video-preview:-1"},"canonical":"https:\/\/www.stag.pl\/en\/product\/ring-for-led-600\/","og_locale":"en_US","og_type":"article","og_title":"Ring for LED 600 - Stag","og_description":"Accessory for LED 600 petrol\/gas switch.","og_url":"https:\/\/www.stag.pl\/en\/product\/ring-for-led-600\/","og_site_name":"Stag","og_image":[{"width":600,"height":666,"url":"https:\/\/www.stag.pl\/wp-content\/uploads\/2022\/03\/pierscien-srebrny-z2.png","type":"image\/png"}],"twitter_card":"summary_large_image","schema":{"@context":"https:\/\/schema.org","@graph":[{"@type":"WebPage","@id":"https:\/\/www.stag.pl\/en\/product\/ring-for-led-600\/","url":"https:\/\/www.stag.pl\/en\/product\/ring-for-led-600\/","name":"Ring for LED 600 - Stag","isPartOf":{"@id":"https:\/\/www.stag.pl\/#website"},"primaryImageOfPage":{"@id":"https:\/\/www.stag.pl\/en\/product\/ring-for-led-600\/#primaryimage"},"image":{"@id":"https:\/\/www.stag.pl\/en\/product\/ring-for-led-600\/#primaryimage"},"thumbnailUrl":"https:\/\/www.stag.pl\/wp-content\/uploads\/2022\/03\/pierscien-srebrny-z2.png","datePublished":"2022-03-10T06:55:50+00:00","breadcrumb":{"@id":"https:\/\/www.stag.pl\/en\/product\/ring-for-led-600\/#breadcrumb"},"inLanguage":"en-US","potentialAction":[{"@type":"ReadAction","target":["https:\/\/www.stag.pl\/en\/product\/ring-for-led-600\/"]}]},{"@type":"ImageObject","inLanguage":"en-US","@id":"https:\/\/www.stag.pl\/en\/product\/ring-for-led-600\/#primaryimage","url":"https:\/\/www.stag.pl\/wp-content\/uploads\/2022\/03\/pierscien-srebrny-z2.png","contentUrl":"https:\/\/www.stag.pl\/wp-content\/uploads\/2022\/03\/pierscien-srebrny-z2.png","width":600,"height":666},{"@type":"BreadcrumbList","@id":"https:\/\/www.stag.pl\/en\/product\/ring-for-led-600\/#breadcrumb","itemListElement":[{"@type":"ListItem","position":1,"name":"Strona g\u0142\u00f3wna","item":"https:\/\/www.stag.pl\/en\/"},{"@type":"ListItem","position":2,"name":"Products","item":"https:\/\/www.stag.pl\/en\/products\/"},{"@type":"ListItem","position":3,"name":"Ring for LED 600"}]},{"@type":"WebSite","@id":"https:\/\/www.stag.pl\/#website","url":"https:\/\/www.stag.pl\/","name":"Stag","description":"Interesuje Ci\u0119 instalacja autogazu w samochodzie? Instalacja gazowa do samochodu od STAG to gwarancja oszcz\u0119dno\u015bci i bezpiecze\u0144stwa. Sprawd\u017a!","potentialAction":[{"@type":"SearchAction","target":{"@type":"EntryPoint","urlTemplate":"https:\/\/www.stag.pl\/?s={search_term_string}"},"query-input":{"@type":"PropertyValueSpecification","valueRequired":true,"valueName":"search_term_string"}}],"inLanguage":"en-US"}]}},"_links":{"self":[{"href":"https:\/\/www.stag.pl\/en\/wp-json\/wp\/v2\/product\/2299","targetHints":{"allow":["GET"]}}],"collection":[{"href":"https:\/\/www.stag.pl\/en\/wp-json\/wp\/v2\/product"}],"about":[{"href":"https:\/\/www.stag.pl\/en\/wp-json\/wp\/v2\/types\/product"}],"wp:featuredmedia":[{"embeddable":true,"href":"https:\/\/www.stag.pl\/en\/wp-json\/wp\/v2\/media\/2290"}],"wp:attachment":[{"href":"https:\/\/www.stag.pl\/en\/wp-json\/wp\/v2\/media?parent=2299"}],"wp:term":[{"taxonomy":"product_brand","embeddable":true,"href":"https:\/\/www.stag.pl\/en\/wp-json\/wp\/v2\/product_brand?post=2299"},{"taxonomy":"product_cat","embeddable":true,"href":"https:\/\/www.stag.pl\/en\/wp-json\/wp\/v2\/product_cat?post=2299"},{"taxonomy":"product_tag","embeddable":true,"href":"https:\/\/www.stag.pl\/en\/wp-json\/wp\/v2\/product_tag?post=2299"}],"curies":[{"name":"wp","href":"https:\/\/api.w.org\/{rel}","templated":true}]}}