{"id":370,"date":"2021-05-27T10:13:47","date_gmt":"2021-05-27T08:13:47","guid":{"rendered":"https:\/\/www.stag.pl\/produkt\/stag-qbox-basic\/"},"modified":"2021-11-09T15:27:17","modified_gmt":"2021-11-09T14:27:17","slug":"stag-qbox-basic-eng","status":"publish","type":"product","link":"https:\/\/www.stag.pl\/en\/product\/stag-qbox-basic-eng\/","title":{"rendered":"STAG QBOX BASIC"},"content":{"rendered":"<h3>Application features<\/h3>\n<ul>\n<li>Max cylinder no.: 4<\/li>\n<li>Easy and quick installation &amp; calibration<\/li>\n<li>Elbow connection port: 48 pin<\/li>\n<li>Supports Bluetooth connectivity<\/li>\n<li>Supports parameter recorders<\/li>\n<li>Supports StagMobile and GasComputer apps<\/li>\n<\/ul>\n<table class=\"table-hover table-striped\" border=\"1\" cellspacing=\"1\" cellpadding=\"1\">\n<thead>\n<tr>\n<th scope=\"col\">Features&nbsp;<span class=\"fa-check faIconStyle\">&nbsp;<\/span><\/th>\n<th scope=\"col\">Benefits&nbsp;<span class=\"fa-thumbs-up faIconStyle\">&nbsp;<\/span><\/th>\n<\/tr>\n<\/thead>\n<tbody>\n<tr>\n<td data-title=\"Features\">RPM analysis<\/td>\n<td data-title=\"Benefits\">RPM reading from petrol injection pulses<\/td>\n<\/tr>\n<tr>\n<td data-title=\"Features\">Injection sequence management<\/td>\n<td data-title=\"Benefits\">Changeable injection sequence<\/td>\n<\/tr>\n<tr>\n<td data-title=\"Features\">ECU firmware updates<\/td>\n<td data-title=\"Benefits\">Continuously upgradeable ECU firmware<\/td>\n<\/tr>\n<tr>\n<td data-title=\"Features\">DTC support<\/td>\n<td data-title=\"Benefits\">ECU module DTC freeze frame recording<\/td>\n<\/tr>\n<\/tbody>\n<\/table>\n","protected":false},"excerpt":{"rendered":"<p>The <strong>STAG QBOX BASIC<\/strong> sequential fuel gas injection system is the first of the new generation of autogas ECU modules from AC S.A. Designed for automotive vehicles engines with up to 4 cylinders and indirect fuel injection.<\/p>\n","protected":false},"featured_media":943,"template":"","meta":{"_acf_changed":false,"inline_featured_image":false},"product_brand":[],"product_cat":[41],"product_tag":[90,97,98,91,100],"class_list":{"0":"post-370","1":"product","2":"type-product","3":"status-publish","4":"has-post-thumbnail","6":"product_cat-controllers","7":"product_tag-cng-en","8":"product_tag-controller","9":"product_tag-direct-petrol-injection","10":"product_tag-lpg-en","11":"product_tag-qgeneration","13":"first","14":"instock","15":"shipping-taxable","16":"product-type-simple"},"acf":{"cechy_produktu":["<img src=\"\/images\/ikonki\/android.svg\">","<img src=\"\/images\/ikonki\/obd.svg\">","<img src=\"\/images\/ikonki\/isa3.svg\">","<img src=\"\/images\/ikonki\/32bit.svg\">","<img src=\"\/images\/ikonki\/tested.svg\">","<img src=\"\/images\/ikonki\/5lat.svg\">"]},"yoast_head":"<!-- This site is optimized with the Yoast SEO plugin v26.3 - https:\/\/yoast.com\/wordpress\/plugins\/seo\/ -->\n<title>STAG QBOX BASIC - Stag<\/title>\n<meta name=\"robots\" content=\"index, follow, max-snippet:-1, max-image-preview:large, max-video-preview:-1\" \/>\n<link rel=\"canonical\" href=\"https:\/\/www.stag.pl\/en\/product\/stag-qbox-basic-eng\/\" \/>\n<meta property=\"og:locale\" content=\"en_US\" \/>\n<meta property=\"og:type\" content=\"article\" \/>\n<meta property=\"og:title\" content=\"STAG QBOX BASIC - Stag\" \/>\n<meta property=\"og:description\" content=\"The STAG QBOX BASIC sequential fuel gas injection system is the first of the new generation of autogas ECU modules from AC S.A. Designed for automotive vehicles engines with up to 4 cylinders and indirect fuel injection.\" \/>\n<meta property=\"og:url\" content=\"https:\/\/www.stag.pl\/en\/product\/stag-qbox-basic-eng\/\" \/>\n<meta property=\"og:site_name\" content=\"Stag\" \/>\n<meta property=\"article:modified_time\" content=\"2021-11-09T14:27:17+00:00\" \/>\n<meta property=\"og:image\" content=\"https:\/\/www.stag.pl\/wp-content\/uploads\/2021\/05\/STAG-4-QBOX_BASIC1.png\" \/>\n\t<meta property=\"og:image:width\" content=\"800\" \/>\n\t<meta property=\"og:image:height\" content=\"800\" \/>\n\t<meta property=\"og:image:type\" content=\"image\/png\" \/>\n<meta name=\"twitter:card\" content=\"summary_large_image\" \/>\n<script type=\"application\/ld+json\" class=\"yoast-schema-graph\">{\"@context\":\"https:\/\/schema.org\",\"@graph\":[{\"@type\":\"WebPage\",\"@id\":\"https:\/\/www.stag.pl\/en\/product\/stag-qbox-basic-eng\/\",\"url\":\"https:\/\/www.stag.pl\/en\/product\/stag-qbox-basic-eng\/\",\"name\":\"STAG QBOX BASIC - Stag\",\"isPartOf\":{\"@id\":\"https:\/\/www.stag.pl\/#website\"},\"primaryImageOfPage\":{\"@id\":\"https:\/\/www.stag.pl\/en\/product\/stag-qbox-basic-eng\/#primaryimage\"},\"image\":{\"@id\":\"https:\/\/www.stag.pl\/en\/product\/stag-qbox-basic-eng\/#primaryimage\"},\"thumbnailUrl\":\"https:\/\/www.stag.pl\/wp-content\/uploads\/2021\/05\/STAG-4-QBOX_BASIC1.png\",\"datePublished\":\"2021-05-27T08:13:47+00:00\",\"dateModified\":\"2021-11-09T14:27:17+00:00\",\"breadcrumb\":{\"@id\":\"https:\/\/www.stag.pl\/en\/product\/stag-qbox-basic-eng\/#breadcrumb\"},\"inLanguage\":\"en-US\",\"potentialAction\":[{\"@type\":\"ReadAction\",\"target\":[\"https:\/\/www.stag.pl\/en\/product\/stag-qbox-basic-eng\/\"]}]},{\"@type\":\"ImageObject\",\"inLanguage\":\"en-US\",\"@id\":\"https:\/\/www.stag.pl\/en\/product\/stag-qbox-basic-eng\/#primaryimage\",\"url\":\"https:\/\/www.stag.pl\/wp-content\/uploads\/2021\/05\/STAG-4-QBOX_BASIC1.png\",\"contentUrl\":\"https:\/\/www.stag.pl\/wp-content\/uploads\/2021\/05\/STAG-4-QBOX_BASIC1.png\",\"width\":800,\"height\":800,\"caption\":\"sterownik STAG QBOX BASIC\"},{\"@type\":\"BreadcrumbList\",\"@id\":\"https:\/\/www.stag.pl\/en\/product\/stag-qbox-basic-eng\/#breadcrumb\",\"itemListElement\":[{\"@type\":\"ListItem\",\"position\":1,\"name\":\"Strona g\u0142\u00f3wna\",\"item\":\"https:\/\/www.stag.pl\/en\/\"},{\"@type\":\"ListItem\",\"position\":2,\"name\":\"Products\",\"item\":\"https:\/\/www.stag.pl\/en\/products\/\"},{\"@type\":\"ListItem\",\"position\":3,\"name\":\"STAG QBOX BASIC\"}]},{\"@type\":\"WebSite\",\"@id\":\"https:\/\/www.stag.pl\/#website\",\"url\":\"https:\/\/www.stag.pl\/\",\"name\":\"Stag\",\"description\":\"Interesuje Ci\u0119 instalacja autogazu w samochodzie? Instalacja gazowa do samochodu od STAG to gwarancja oszcz\u0119dno\u015bci i bezpiecze\u0144stwa. Sprawd\u017a!\",\"potentialAction\":[{\"@type\":\"SearchAction\",\"target\":{\"@type\":\"EntryPoint\",\"urlTemplate\":\"https:\/\/www.stag.pl\/?s={search_term_string}\"},\"query-input\":{\"@type\":\"PropertyValueSpecification\",\"valueRequired\":true,\"valueName\":\"search_term_string\"}}],\"inLanguage\":\"en-US\"}]}<\/script>\n<!-- \/ Yoast SEO plugin. -->","yoast_head_json":{"title":"STAG QBOX BASIC - Stag","robots":{"index":"index","follow":"follow","max-snippet":"max-snippet:-1","max-image-preview":"max-image-preview:large","max-video-preview":"max-video-preview:-1"},"canonical":"https:\/\/www.stag.pl\/en\/product\/stag-qbox-basic-eng\/","og_locale":"en_US","og_type":"article","og_title":"STAG QBOX BASIC - Stag","og_description":"The STAG QBOX BASIC sequential fuel gas injection system is the first of the new generation of autogas ECU modules from AC S.A. Designed for automotive vehicles engines with up to 4 cylinders and indirect fuel injection.","og_url":"https:\/\/www.stag.pl\/en\/product\/stag-qbox-basic-eng\/","og_site_name":"Stag","article_modified_time":"2021-11-09T14:27:17+00:00","og_image":[{"width":800,"height":800,"url":"https:\/\/www.stag.pl\/wp-content\/uploads\/2021\/05\/STAG-4-QBOX_BASIC1.png","type":"image\/png"}],"twitter_card":"summary_large_image","schema":{"@context":"https:\/\/schema.org","@graph":[{"@type":"WebPage","@id":"https:\/\/www.stag.pl\/en\/product\/stag-qbox-basic-eng\/","url":"https:\/\/www.stag.pl\/en\/product\/stag-qbox-basic-eng\/","name":"STAG QBOX BASIC - Stag","isPartOf":{"@id":"https:\/\/www.stag.pl\/#website"},"primaryImageOfPage":{"@id":"https:\/\/www.stag.pl\/en\/product\/stag-qbox-basic-eng\/#primaryimage"},"image":{"@id":"https:\/\/www.stag.pl\/en\/product\/stag-qbox-basic-eng\/#primaryimage"},"thumbnailUrl":"https:\/\/www.stag.pl\/wp-content\/uploads\/2021\/05\/STAG-4-QBOX_BASIC1.png","datePublished":"2021-05-27T08:13:47+00:00","dateModified":"2021-11-09T14:27:17+00:00","breadcrumb":{"@id":"https:\/\/www.stag.pl\/en\/product\/stag-qbox-basic-eng\/#breadcrumb"},"inLanguage":"en-US","potentialAction":[{"@type":"ReadAction","target":["https:\/\/www.stag.pl\/en\/product\/stag-qbox-basic-eng\/"]}]},{"@type":"ImageObject","inLanguage":"en-US","@id":"https:\/\/www.stag.pl\/en\/product\/stag-qbox-basic-eng\/#primaryimage","url":"https:\/\/www.stag.pl\/wp-content\/uploads\/2021\/05\/STAG-4-QBOX_BASIC1.png","contentUrl":"https:\/\/www.stag.pl\/wp-content\/uploads\/2021\/05\/STAG-4-QBOX_BASIC1.png","width":800,"height":800,"caption":"sterownik STAG QBOX BASIC"},{"@type":"BreadcrumbList","@id":"https:\/\/www.stag.pl\/en\/product\/stag-qbox-basic-eng\/#breadcrumb","itemListElement":[{"@type":"ListItem","position":1,"name":"Strona g\u0142\u00f3wna","item":"https:\/\/www.stag.pl\/en\/"},{"@type":"ListItem","position":2,"name":"Products","item":"https:\/\/www.stag.pl\/en\/products\/"},{"@type":"ListItem","position":3,"name":"STAG QBOX BASIC"}]},{"@type":"WebSite","@id":"https:\/\/www.stag.pl\/#website","url":"https:\/\/www.stag.pl\/","name":"Stag","description":"Interesuje Ci\u0119 instalacja autogazu w samochodzie? Instalacja gazowa do samochodu od STAG to gwarancja oszcz\u0119dno\u015bci i bezpiecze\u0144stwa. Sprawd\u017a!","potentialAction":[{"@type":"SearchAction","target":{"@type":"EntryPoint","urlTemplate":"https:\/\/www.stag.pl\/?s={search_term_string}"},"query-input":{"@type":"PropertyValueSpecification","valueRequired":true,"valueName":"search_term_string"}}],"inLanguage":"en-US"}]}},"_links":{"self":[{"href":"https:\/\/www.stag.pl\/en\/wp-json\/wp\/v2\/product\/370","targetHints":{"allow":["GET"]}}],"collection":[{"href":"https:\/\/www.stag.pl\/en\/wp-json\/wp\/v2\/product"}],"about":[{"href":"https:\/\/www.stag.pl\/en\/wp-json\/wp\/v2\/types\/product"}],"wp:featuredmedia":[{"embeddable":true,"href":"https:\/\/www.stag.pl\/en\/wp-json\/wp\/v2\/media\/943"}],"wp:attachment":[{"href":"https:\/\/www.stag.pl\/en\/wp-json\/wp\/v2\/media?parent=370"}],"wp:term":[{"taxonomy":"product_brand","embeddable":true,"href":"https:\/\/www.stag.pl\/en\/wp-json\/wp\/v2\/product_brand?post=370"},{"taxonomy":"product_cat","embeddable":true,"href":"https:\/\/www.stag.pl\/en\/wp-json\/wp\/v2\/product_cat?post=370"},{"taxonomy":"product_tag","embeddable":true,"href":"https:\/\/www.stag.pl\/en\/wp-json\/wp\/v2\/product_tag?post=370"}],"curies":[{"name":"wp","href":"https:\/\/api.w.org\/{rel}","templated":true}]}}