{"id":4139,"date":"2023-07-03T10:04:46","date_gmt":"2023-07-03T08:04:46","guid":{"rendered":"https:\/\/www.stag.pl\/produkt\/stag-fpr-en\/"},"modified":"2023-07-03T10:04:46","modified_gmt":"2023-07-03T08:04:46","slug":"stag-fpr-en","status":"publish","type":"product","link":"https:\/\/www.stag.pl\/en\/product\/stag-fpr-en\/","title":{"rendered":"STAG FPR"},"content":{"rendered":"<h3>Parameters<\/h3>\n<div class=\"parameters\">\n<p><strong>Product:<\/strong> fuel pressure regulator<br \/>\n<strong>Application:<\/strong> the STAG FPR regulator maintains the appropriate fuel pressure at the manifold without disabling the high-pressure pump. Thus, the device does not allow unwanted overpressure or underpressure. STAG FPR, in cooperation with the new SHPAE emulation system, helps remove damaging (causing failure mode) OBD pressure errors. It can also help reduce gasoline consumption by lowering manifold pressure.<br \/>\n<strong>Autogas fuel type:<\/strong> LPG<br \/>\n<strong>Warranty time<\/strong>: 2 years<\/p>\n<h3>Features<\/h3>\n<ul>\n<li>Prevents the formation of excessive pressure in the fuel rail of a direct injection engine<\/li>\n<li>Combined with the new SHPAE emulation system, the STAG FPR regulator helps eliminate destructive (causing failure mode) OBD pressure errors<\/li>\n<li>Reduces pressure in the fuel rail &#8211; can contribute to lower gasoline combustion<\/li>\n<\/ul>\n<\/div>\n","protected":false},"excerpt":{"rendered":"<p><span class=\"TextRun SCXW56313530 BCX9\" lang=\"PL-PL\" xml:lang=\"PL-PL\" data-contrast=\"auto\"><span class=\"NormalTextRun SCXW56313530 BCX9\"><strong>STAG FPR<\/strong> is an extension of autogas installation based on STAG-400 DPI controller. It prevents the formation of excessive pressure in the fuel rail of a direct injection engine. The controller is designed for configuration with selected engine codes.w.<\/span><span class=\"NormalTextRun SCXW56313530 BCX9\">\u00a0<\/span><\/span><span class=\"EOP SCXW56313530 BCX9\" data-ccp-props=\"{&quot;201341983&quot;:0,&quot;335559739&quot;:160,&quot;335559740&quot;:259}\">\u00a0<\/span><\/p>\n","protected":false},"featured_media":4137,"template":"","meta":{"_acf_changed":false,"inline_featured_image":false},"product_brand":[],"product_cat":[37],"product_tag":[99,91],"class_list":{"0":"post-4139","1":"product","2":"type-product","3":"status-publish","4":"has-post-thumbnail","6":"product_cat-emulators","7":"product_tag-direct-petrol-injection-en","8":"product_tag-lpg-en","10":"first","11":"instock","12":"shipping-taxable","13":"product-type-simple"},"acf":{"cechy_produktu":[]},"yoast_head":"<!-- This site is optimized with the Yoast SEO plugin v26.3 - https:\/\/yoast.com\/wordpress\/plugins\/seo\/ -->\n<title>STAG FPR - Stag<\/title>\n<meta name=\"robots\" content=\"index, follow, max-snippet:-1, max-image-preview:large, max-video-preview:-1\" \/>\n<link rel=\"canonical\" href=\"https:\/\/www.stag.pl\/en\/product\/stag-fpr-en\/\" \/>\n<meta property=\"og:locale\" content=\"en_US\" \/>\n<meta property=\"og:type\" content=\"article\" \/>\n<meta property=\"og:title\" content=\"STAG FPR - Stag\" \/>\n<meta property=\"og:description\" content=\"STAG FPR is an extension of autogas installation based on STAG-400 DPI controller. It prevents the formation of excessive pressure in the fuel rail of a direct injection engine. The controller is designed for configuration with selected engine codes.w.\u00a0\u00a0\" \/>\n<meta property=\"og:url\" content=\"https:\/\/www.stag.pl\/en\/product\/stag-fpr-en\/\" \/>\n<meta property=\"og:site_name\" content=\"Stag\" \/>\n<meta property=\"og:image\" content=\"https:\/\/www.stag.pl\/wp-content\/uploads\/2023\/07\/FPR.png\" \/>\n\t<meta property=\"og:image:width\" content=\"800\" \/>\n\t<meta property=\"og:image:height\" content=\"800\" \/>\n\t<meta property=\"og:image:type\" content=\"image\/png\" \/>\n<meta name=\"twitter:card\" content=\"summary_large_image\" \/>\n<meta name=\"twitter:label1\" content=\"Est. reading time\" \/>\n\t<meta name=\"twitter:data1\" content=\"1 minute\" \/>\n<script type=\"application\/ld+json\" class=\"yoast-schema-graph\">{\"@context\":\"https:\/\/schema.org\",\"@graph\":[{\"@type\":\"WebPage\",\"@id\":\"https:\/\/www.stag.pl\/en\/product\/stag-fpr-en\/\",\"url\":\"https:\/\/www.stag.pl\/en\/product\/stag-fpr-en\/\",\"name\":\"STAG FPR - Stag\",\"isPartOf\":{\"@id\":\"https:\/\/www.stag.pl\/#website\"},\"primaryImageOfPage\":{\"@id\":\"https:\/\/www.stag.pl\/en\/product\/stag-fpr-en\/#primaryimage\"},\"image\":{\"@id\":\"https:\/\/www.stag.pl\/en\/product\/stag-fpr-en\/#primaryimage\"},\"thumbnailUrl\":\"https:\/\/www.stag.pl\/wp-content\/uploads\/2023\/07\/FPR.png\",\"datePublished\":\"2023-07-03T08:04:46+00:00\",\"breadcrumb\":{\"@id\":\"https:\/\/www.stag.pl\/en\/product\/stag-fpr-en\/#breadcrumb\"},\"inLanguage\":\"en-US\",\"potentialAction\":[{\"@type\":\"ReadAction\",\"target\":[\"https:\/\/www.stag.pl\/en\/product\/stag-fpr-en\/\"]}]},{\"@type\":\"ImageObject\",\"inLanguage\":\"en-US\",\"@id\":\"https:\/\/www.stag.pl\/en\/product\/stag-fpr-en\/#primaryimage\",\"url\":\"https:\/\/www.stag.pl\/wp-content\/uploads\/2023\/07\/FPR.png\",\"contentUrl\":\"https:\/\/www.stag.pl\/wp-content\/uploads\/2023\/07\/FPR.png\",\"width\":800,\"height\":800},{\"@type\":\"BreadcrumbList\",\"@id\":\"https:\/\/www.stag.pl\/en\/product\/stag-fpr-en\/#breadcrumb\",\"itemListElement\":[{\"@type\":\"ListItem\",\"position\":1,\"name\":\"Strona g\u0142\u00f3wna\",\"item\":\"https:\/\/www.stag.pl\/en\/\"},{\"@type\":\"ListItem\",\"position\":2,\"name\":\"Products\",\"item\":\"https:\/\/www.stag.pl\/en\/products\/\"},{\"@type\":\"ListItem\",\"position\":3,\"name\":\"STAG FPR\"}]},{\"@type\":\"WebSite\",\"@id\":\"https:\/\/www.stag.pl\/#website\",\"url\":\"https:\/\/www.stag.pl\/\",\"name\":\"Stag\",\"description\":\"Interesuje Ci\u0119 instalacja autogazu w samochodzie? Instalacja gazowa do samochodu od STAG to gwarancja oszcz\u0119dno\u015bci i bezpiecze\u0144stwa. Sprawd\u017a!\",\"potentialAction\":[{\"@type\":\"SearchAction\",\"target\":{\"@type\":\"EntryPoint\",\"urlTemplate\":\"https:\/\/www.stag.pl\/?s={search_term_string}\"},\"query-input\":{\"@type\":\"PropertyValueSpecification\",\"valueRequired\":true,\"valueName\":\"search_term_string\"}}],\"inLanguage\":\"en-US\"}]}<\/script>\n<!-- \/ Yoast SEO plugin. -->","yoast_head_json":{"title":"STAG FPR - Stag","robots":{"index":"index","follow":"follow","max-snippet":"max-snippet:-1","max-image-preview":"max-image-preview:large","max-video-preview":"max-video-preview:-1"},"canonical":"https:\/\/www.stag.pl\/en\/product\/stag-fpr-en\/","og_locale":"en_US","og_type":"article","og_title":"STAG FPR - Stag","og_description":"STAG FPR is an extension of autogas installation based on STAG-400 DPI controller. It prevents the formation of excessive pressure in the fuel rail of a direct injection engine. The controller is designed for configuration with selected engine codes.w.\u00a0\u00a0","og_url":"https:\/\/www.stag.pl\/en\/product\/stag-fpr-en\/","og_site_name":"Stag","og_image":[{"width":800,"height":800,"url":"https:\/\/www.stag.pl\/wp-content\/uploads\/2023\/07\/FPR.png","type":"image\/png"}],"twitter_card":"summary_large_image","twitter_misc":{"Est. reading time":"1 minute"},"schema":{"@context":"https:\/\/schema.org","@graph":[{"@type":"WebPage","@id":"https:\/\/www.stag.pl\/en\/product\/stag-fpr-en\/","url":"https:\/\/www.stag.pl\/en\/product\/stag-fpr-en\/","name":"STAG FPR - Stag","isPartOf":{"@id":"https:\/\/www.stag.pl\/#website"},"primaryImageOfPage":{"@id":"https:\/\/www.stag.pl\/en\/product\/stag-fpr-en\/#primaryimage"},"image":{"@id":"https:\/\/www.stag.pl\/en\/product\/stag-fpr-en\/#primaryimage"},"thumbnailUrl":"https:\/\/www.stag.pl\/wp-content\/uploads\/2023\/07\/FPR.png","datePublished":"2023-07-03T08:04:46+00:00","breadcrumb":{"@id":"https:\/\/www.stag.pl\/en\/product\/stag-fpr-en\/#breadcrumb"},"inLanguage":"en-US","potentialAction":[{"@type":"ReadAction","target":["https:\/\/www.stag.pl\/en\/product\/stag-fpr-en\/"]}]},{"@type":"ImageObject","inLanguage":"en-US","@id":"https:\/\/www.stag.pl\/en\/product\/stag-fpr-en\/#primaryimage","url":"https:\/\/www.stag.pl\/wp-content\/uploads\/2023\/07\/FPR.png","contentUrl":"https:\/\/www.stag.pl\/wp-content\/uploads\/2023\/07\/FPR.png","width":800,"height":800},{"@type":"BreadcrumbList","@id":"https:\/\/www.stag.pl\/en\/product\/stag-fpr-en\/#breadcrumb","itemListElement":[{"@type":"ListItem","position":1,"name":"Strona g\u0142\u00f3wna","item":"https:\/\/www.stag.pl\/en\/"},{"@type":"ListItem","position":2,"name":"Products","item":"https:\/\/www.stag.pl\/en\/products\/"},{"@type":"ListItem","position":3,"name":"STAG FPR"}]},{"@type":"WebSite","@id":"https:\/\/www.stag.pl\/#website","url":"https:\/\/www.stag.pl\/","name":"Stag","description":"Interesuje Ci\u0119 instalacja autogazu w samochodzie? Instalacja gazowa do samochodu od STAG to gwarancja oszcz\u0119dno\u015bci i bezpiecze\u0144stwa. Sprawd\u017a!","potentialAction":[{"@type":"SearchAction","target":{"@type":"EntryPoint","urlTemplate":"https:\/\/www.stag.pl\/?s={search_term_string}"},"query-input":{"@type":"PropertyValueSpecification","valueRequired":true,"valueName":"search_term_string"}}],"inLanguage":"en-US"}]}},"_links":{"self":[{"href":"https:\/\/www.stag.pl\/en\/wp-json\/wp\/v2\/product\/4139","targetHints":{"allow":["GET"]}}],"collection":[{"href":"https:\/\/www.stag.pl\/en\/wp-json\/wp\/v2\/product"}],"about":[{"href":"https:\/\/www.stag.pl\/en\/wp-json\/wp\/v2\/types\/product"}],"wp:featuredmedia":[{"embeddable":true,"href":"https:\/\/www.stag.pl\/en\/wp-json\/wp\/v2\/media\/4137"}],"wp:attachment":[{"href":"https:\/\/www.stag.pl\/en\/wp-json\/wp\/v2\/media?parent=4139"}],"wp:term":[{"taxonomy":"product_brand","embeddable":true,"href":"https:\/\/www.stag.pl\/en\/wp-json\/wp\/v2\/product_brand?post=4139"},{"taxonomy":"product_cat","embeddable":true,"href":"https:\/\/www.stag.pl\/en\/wp-json\/wp\/v2\/product_cat?post=4139"},{"taxonomy":"product_tag","embeddable":true,"href":"https:\/\/www.stag.pl\/en\/wp-json\/wp\/v2\/product_tag?post=4139"}],"curies":[{"name":"wp","href":"https:\/\/api.w.org\/{rel}","templated":true}]}}