{"id":4271,"date":"2023-10-04T11:54:10","date_gmt":"2023-10-04T09:54:10","guid":{"rendered":"https:\/\/www.stag.pl\/produkt\/gas-vapor-phase-filter-type-gf01-with-2x12-outlet-kpl\/"},"modified":"2023-10-04T13:41:29","modified_gmt":"2023-10-04T11:41:29","slug":"gas-vapor-phase-filter-type-gf01-with-2x12-outlet-kpl","status":"publish","type":"product","link":"https:\/\/www.stag.pl\/en\/product\/gas-vapor-phase-filter-type-gf01-with-2x12-outlet-kpl\/","title":{"rendered":"Gas vapor phase filter type GF01 with 2&#215;12 outlet KPL"},"content":{"rendered":"<div class=\"table-to-list\">\n<h2>LPG and CNG volatile phase filter type GF01 output 2X12 KPL<\/h2>\n<p>LPG and CNG vapor phase filter. It separates solid and liquid particles contaminating gas in the vapor phase i.e. vaporized LPG or expanded CNG. Double outlet 2 x fi 12 allows you to operate\/connect two injection bars simultaneously without the need for an additional filter.<\/p>\n<blockquote><p>IMPORTANT: The use of fiberglass insert extends the warranty on injectors to 3 years!<\/p><\/blockquote>\n<p>&nbsp;<\/p>\n<table class=\"table-hover table-striped\" border=\"1\" cellspacing=\"1\" cellpadding=\"1\">\n<thead>\n<tr>\n<th scope=\"col\">Feature<\/th>\n<th scope=\"col\">Benefit<\/th>\n<\/tr>\n<\/thead>\n<tbody>\n<tr>\n<td data-title=\"Feature\">Two fi 12 outlets<\/td>\n<td data-title=\"Benefit\">Possibility to connect two injection bars at the same time<\/td>\n<\/tr>\n<tr>\n<td data-title=\"Feature\">Easy replacement of the filter cartridge<\/td>\n<td data-title=\"Benefit\">No need to remove the gas lines<\/td>\n<\/tr>\n<tr>\n<td data-title=\"Feature\">Complete interchangeability of stubs and elbows, also with R01 R02 reducers<\/td>\n<td data-title=\"Benefit\">Full freedom in the location of the filter in the engine compartment<\/td>\n<\/tr>\n<tr>\n<td data-title=\"Feature\">Stubs (elbows) of the inlet in the filter cover<\/td>\n<td data-title=\"Benefit\">Free adjustment of the angle of setting of the elbows<\/td>\n<\/tr>\n<\/tbody>\n<\/table>\n<\/div>\n<p>&nbsp;<\/p>\n<h3>Features:<\/h3>\n<ul>\n<li>2 diameters of inlet spigots (elbows) &#8211; \u00d8 12 and \u00d8 16.<\/li>\n<li>Available spigots and elbows with angles of 60, 90 and 120 \u00b0.<\/li>\n<li>Strainers attached to the filter cover with 4 screws.<\/li>\n<li>Cartridge availability: standard fiberglass filter cartridges<\/li>\n<li>100 times higher filtration efficiency compared to standard tube filters<\/li>\n<li>Effective protection of injectors from oily substances and particulates.<\/li>\n<li>Significant impact on the faultlessness of the entire gas supply system of the vehicle.<\/li>\n<li>Reduction of maintenance costs of a car equipped with a gas installation.<\/li>\n<\/ul>\n<p>&nbsp;<\/p>\n<p>&nbsp;<\/p>\n<p>&nbsp;<\/p>\n","protected":false},"excerpt":{"rendered":"<p>LPG and CNG vapor phase filter. It separates solid and liquid particles contaminating gas in the vapor phase i.e. vaporized LPG or expanded CNG. The new version of the STAG GF01 filter introduces an innovative functionality: it allows the connection of two injection strips simultaneously.<\/p>\n","protected":false},"featured_media":3631,"template":"","meta":{"_acf_changed":false,"inline_featured_image":false},"product_brand":[],"product_cat":[15],"product_tag":[],"class_list":{"0":"post-4271","1":"product","2":"type-product","3":"status-publish","4":"has-post-thumbnail","6":"product_cat-bez-kategorii","8":"first","9":"instock","10":"shipping-taxable","11":"product-type-simple"},"acf":{"cechy_produktu":[]},"yoast_head":"<!-- This site is optimized with the Yoast SEO plugin v26.3 - https:\/\/yoast.com\/wordpress\/plugins\/seo\/ -->\n<title>Gas vapor phase filter type GF01 with 2x12 outlet KPL - Stag<\/title>\n<meta name=\"robots\" content=\"index, follow, max-snippet:-1, max-image-preview:large, max-video-preview:-1\" \/>\n<link rel=\"canonical\" href=\"https:\/\/www.stag.pl\/en\/product\/gas-vapor-phase-filter-type-gf01-with-2x12-outlet-kpl\/\" \/>\n<meta property=\"og:locale\" content=\"en_US\" \/>\n<meta property=\"og:type\" content=\"article\" \/>\n<meta property=\"og:title\" content=\"Gas vapor phase filter type GF01 with 2x12 outlet KPL - Stag\" \/>\n<meta property=\"og:description\" content=\"LPG and CNG vapor phase filter. It separates solid and liquid particles contaminating gas in the vapor phase i.e. vaporized LPG or expanded CNG. The new version of the STAG GF01 filter introduces an innovative functionality: it allows the connection of two injection strips simultaneously.\" \/>\n<meta property=\"og:url\" content=\"https:\/\/www.stag.pl\/en\/product\/gas-vapor-phase-filter-type-gf01-with-2x12-outlet-kpl\/\" \/>\n<meta property=\"og:site_name\" content=\"Stag\" \/>\n<meta property=\"article:modified_time\" content=\"2023-10-04T11:41:29+00:00\" \/>\n<meta property=\"og:image\" content=\"https:\/\/www.stag.pl\/wp-content\/uploads\/2023\/01\/GF01.png\" \/>\n\t<meta property=\"og:image:width\" content=\"800\" \/>\n\t<meta property=\"og:image:height\" content=\"800\" \/>\n\t<meta property=\"og:image:type\" content=\"image\/png\" \/>\n<meta name=\"twitter:card\" content=\"summary_large_image\" \/>\n<meta name=\"twitter:label1\" content=\"Est. reading time\" \/>\n\t<meta name=\"twitter:data1\" content=\"1 minute\" \/>\n<script type=\"application\/ld+json\" class=\"yoast-schema-graph\">{\"@context\":\"https:\/\/schema.org\",\"@graph\":[{\"@type\":\"WebPage\",\"@id\":\"https:\/\/www.stag.pl\/en\/product\/gas-vapor-phase-filter-type-gf01-with-2x12-outlet-kpl\/\",\"url\":\"https:\/\/www.stag.pl\/en\/product\/gas-vapor-phase-filter-type-gf01-with-2x12-outlet-kpl\/\",\"name\":\"Gas vapor phase filter type GF01 with 2x12 outlet KPL - Stag\",\"isPartOf\":{\"@id\":\"https:\/\/www.stag.pl\/#website\"},\"primaryImageOfPage\":{\"@id\":\"https:\/\/www.stag.pl\/en\/product\/gas-vapor-phase-filter-type-gf01-with-2x12-outlet-kpl\/#primaryimage\"},\"image\":{\"@id\":\"https:\/\/www.stag.pl\/en\/product\/gas-vapor-phase-filter-type-gf01-with-2x12-outlet-kpl\/#primaryimage\"},\"thumbnailUrl\":\"https:\/\/www.stag.pl\/wp-content\/uploads\/2023\/01\/GF01.png\",\"datePublished\":\"2023-10-04T09:54:10+00:00\",\"dateModified\":\"2023-10-04T11:41:29+00:00\",\"breadcrumb\":{\"@id\":\"https:\/\/www.stag.pl\/en\/product\/gas-vapor-phase-filter-type-gf01-with-2x12-outlet-kpl\/#breadcrumb\"},\"inLanguage\":\"en-US\",\"potentialAction\":[{\"@type\":\"ReadAction\",\"target\":[\"https:\/\/www.stag.pl\/en\/product\/gas-vapor-phase-filter-type-gf01-with-2x12-outlet-kpl\/\"]}]},{\"@type\":\"ImageObject\",\"inLanguage\":\"en-US\",\"@id\":\"https:\/\/www.stag.pl\/en\/product\/gas-vapor-phase-filter-type-gf01-with-2x12-outlet-kpl\/#primaryimage\",\"url\":\"https:\/\/www.stag.pl\/wp-content\/uploads\/2023\/01\/GF01.png\",\"contentUrl\":\"https:\/\/www.stag.pl\/wp-content\/uploads\/2023\/01\/GF01.png\",\"width\":800,\"height\":800,\"caption\":\"Gas vapor phase filter GF 01\"},{\"@type\":\"BreadcrumbList\",\"@id\":\"https:\/\/www.stag.pl\/en\/product\/gas-vapor-phase-filter-type-gf01-with-2x12-outlet-kpl\/#breadcrumb\",\"itemListElement\":[{\"@type\":\"ListItem\",\"position\":1,\"name\":\"Strona g\u0142\u00f3wna\",\"item\":\"https:\/\/www.stag.pl\/en\/\"},{\"@type\":\"ListItem\",\"position\":2,\"name\":\"Products\",\"item\":\"https:\/\/www.stag.pl\/en\/products\/\"},{\"@type\":\"ListItem\",\"position\":3,\"name\":\"Gas vapor phase filter type GF01 with 2&#215;12 outlet KPL\"}]},{\"@type\":\"WebSite\",\"@id\":\"https:\/\/www.stag.pl\/#website\",\"url\":\"https:\/\/www.stag.pl\/\",\"name\":\"Stag\",\"description\":\"Interesuje Ci\u0119 instalacja autogazu w samochodzie? Instalacja gazowa do samochodu od STAG to gwarancja oszcz\u0119dno\u015bci i bezpiecze\u0144stwa. Sprawd\u017a!\",\"potentialAction\":[{\"@type\":\"SearchAction\",\"target\":{\"@type\":\"EntryPoint\",\"urlTemplate\":\"https:\/\/www.stag.pl\/?s={search_term_string}\"},\"query-input\":{\"@type\":\"PropertyValueSpecification\",\"valueRequired\":true,\"valueName\":\"search_term_string\"}}],\"inLanguage\":\"en-US\"}]}<\/script>\n<!-- \/ Yoast SEO plugin. -->","yoast_head_json":{"title":"Gas vapor phase filter type GF01 with 2x12 outlet KPL - Stag","robots":{"index":"index","follow":"follow","max-snippet":"max-snippet:-1","max-image-preview":"max-image-preview:large","max-video-preview":"max-video-preview:-1"},"canonical":"https:\/\/www.stag.pl\/en\/product\/gas-vapor-phase-filter-type-gf01-with-2x12-outlet-kpl\/","og_locale":"en_US","og_type":"article","og_title":"Gas vapor phase filter type GF01 with 2x12 outlet KPL - Stag","og_description":"LPG and CNG vapor phase filter. It separates solid and liquid particles contaminating gas in the vapor phase i.e. vaporized LPG or expanded CNG. The new version of the STAG GF01 filter introduces an innovative functionality: it allows the connection of two injection strips simultaneously.","og_url":"https:\/\/www.stag.pl\/en\/product\/gas-vapor-phase-filter-type-gf01-with-2x12-outlet-kpl\/","og_site_name":"Stag","article_modified_time":"2023-10-04T11:41:29+00:00","og_image":[{"width":800,"height":800,"url":"https:\/\/www.stag.pl\/wp-content\/uploads\/2023\/01\/GF01.png","type":"image\/png"}],"twitter_card":"summary_large_image","twitter_misc":{"Est. reading time":"1 minute"},"schema":{"@context":"https:\/\/schema.org","@graph":[{"@type":"WebPage","@id":"https:\/\/www.stag.pl\/en\/product\/gas-vapor-phase-filter-type-gf01-with-2x12-outlet-kpl\/","url":"https:\/\/www.stag.pl\/en\/product\/gas-vapor-phase-filter-type-gf01-with-2x12-outlet-kpl\/","name":"Gas vapor phase filter type GF01 with 2x12 outlet KPL - Stag","isPartOf":{"@id":"https:\/\/www.stag.pl\/#website"},"primaryImageOfPage":{"@id":"https:\/\/www.stag.pl\/en\/product\/gas-vapor-phase-filter-type-gf01-with-2x12-outlet-kpl\/#primaryimage"},"image":{"@id":"https:\/\/www.stag.pl\/en\/product\/gas-vapor-phase-filter-type-gf01-with-2x12-outlet-kpl\/#primaryimage"},"thumbnailUrl":"https:\/\/www.stag.pl\/wp-content\/uploads\/2023\/01\/GF01.png","datePublished":"2023-10-04T09:54:10+00:00","dateModified":"2023-10-04T11:41:29+00:00","breadcrumb":{"@id":"https:\/\/www.stag.pl\/en\/product\/gas-vapor-phase-filter-type-gf01-with-2x12-outlet-kpl\/#breadcrumb"},"inLanguage":"en-US","potentialAction":[{"@type":"ReadAction","target":["https:\/\/www.stag.pl\/en\/product\/gas-vapor-phase-filter-type-gf01-with-2x12-outlet-kpl\/"]}]},{"@type":"ImageObject","inLanguage":"en-US","@id":"https:\/\/www.stag.pl\/en\/product\/gas-vapor-phase-filter-type-gf01-with-2x12-outlet-kpl\/#primaryimage","url":"https:\/\/www.stag.pl\/wp-content\/uploads\/2023\/01\/GF01.png","contentUrl":"https:\/\/www.stag.pl\/wp-content\/uploads\/2023\/01\/GF01.png","width":800,"height":800,"caption":"Gas vapor phase filter GF 01"},{"@type":"BreadcrumbList","@id":"https:\/\/www.stag.pl\/en\/product\/gas-vapor-phase-filter-type-gf01-with-2x12-outlet-kpl\/#breadcrumb","itemListElement":[{"@type":"ListItem","position":1,"name":"Strona g\u0142\u00f3wna","item":"https:\/\/www.stag.pl\/en\/"},{"@type":"ListItem","position":2,"name":"Products","item":"https:\/\/www.stag.pl\/en\/products\/"},{"@type":"ListItem","position":3,"name":"Gas vapor phase filter type GF01 with 2&#215;12 outlet KPL"}]},{"@type":"WebSite","@id":"https:\/\/www.stag.pl\/#website","url":"https:\/\/www.stag.pl\/","name":"Stag","description":"Interesuje Ci\u0119 instalacja autogazu w samochodzie? Instalacja gazowa do samochodu od STAG to gwarancja oszcz\u0119dno\u015bci i bezpiecze\u0144stwa. Sprawd\u017a!","potentialAction":[{"@type":"SearchAction","target":{"@type":"EntryPoint","urlTemplate":"https:\/\/www.stag.pl\/?s={search_term_string}"},"query-input":{"@type":"PropertyValueSpecification","valueRequired":true,"valueName":"search_term_string"}}],"inLanguage":"en-US"}]}},"_links":{"self":[{"href":"https:\/\/www.stag.pl\/en\/wp-json\/wp\/v2\/product\/4271","targetHints":{"allow":["GET"]}}],"collection":[{"href":"https:\/\/www.stag.pl\/en\/wp-json\/wp\/v2\/product"}],"about":[{"href":"https:\/\/www.stag.pl\/en\/wp-json\/wp\/v2\/types\/product"}],"wp:featuredmedia":[{"embeddable":true,"href":"https:\/\/www.stag.pl\/en\/wp-json\/wp\/v2\/media\/3631"}],"wp:attachment":[{"href":"https:\/\/www.stag.pl\/en\/wp-json\/wp\/v2\/media?parent=4271"}],"wp:term":[{"taxonomy":"product_brand","embeddable":true,"href":"https:\/\/www.stag.pl\/en\/wp-json\/wp\/v2\/product_brand?post=4271"},{"taxonomy":"product_cat","embeddable":true,"href":"https:\/\/www.stag.pl\/en\/wp-json\/wp\/v2\/product_cat?post=4271"},{"taxonomy":"product_tag","embeddable":true,"href":"https:\/\/www.stag.pl\/en\/wp-json\/wp\/v2\/product_tag?post=4271"}],"curies":[{"name":"wp","href":"https:\/\/api.w.org\/{rel}","templated":true}]}}