{"id":4817,"date":"2024-10-01T17:46:07","date_gmt":"2024-10-01T15:46:08","guid":{"rendered":"https:\/\/www.stag.pl\/?post_type=product&#038;p=4817"},"modified":"2024-10-02T13:21:40","modified_gmt":"2024-10-02T11:21:40","slug":"stag-r02-el-kopia","status":"publish","type":"product","link":"https:\/\/www.stag.pl\/en\/product\/stag-r02-el-kopia\/","title":{"rendered":"STAG R02 DPI"},"content":{"rendered":"<h3>STAG R02 DPI gas regulator<\/h3>\n<div class=\"parameters\"><strong>Autogas fuel type: <\/strong>LPG<br \/>\n<strong>Warranty time:<\/strong> 2 years without mileage limit<\/div>\n<div class=\"parameters\"><strong>Dedicated to engines with power:<\/strong> 220HP<\/div>\n<h3><\/h3>\n<div class=\"parameters\">\n<h3>Features:<\/h3>\n<ul>\n<li>2 diaphragms &#8211; adjusting the gas pressure at the reducer output optimally to the vacuum changes in the engine intake manifold<\/li>\n<li>Smaller size compared to reducers for this engine power<\/li>\n<li>Adaptation to work with engines with direct injection and turbocharged engines<\/li>\n<li>Possibility to supply gas to engines with very short injection times at low revs<\/li>\n<li>Increasing the supported power by 70 hp compared to the standard version of the R02 reducer<\/li>\n<li>Rotatable water and gas elbows<\/li>\n<li>Can be used for operation with naturally aspirated engines<\/li>\n<\/ul>\n<\/div>\n<div class=\"table-to-list\">\n<table class=\"table-hover table-striped\" border=\"1\" cellspacing=\"1\" cellpadding=\"1\">\n<thead>\n<tr>\n<th scope=\"col\">Feature<\/th>\n<th scope=\"col\">Benefit<\/th>\n<\/tr>\n<\/thead>\n<tbody>\n<tr>\n<td data-title=\"Cecha\">Smaller size<\/td>\n<td data-title=\"Korzy\u015b\u0107\">Can be installed even in small spaces under the hood.<\/td>\n<\/tr>\n<tr>\n<td data-title=\"Cecha\">Control of two diaphragms<\/td>\n<td data-title=\"Korzy\u015b\u0107\">Elimination of the problem of looping gas injectors, i.e. opening them permanently<\/td>\n<\/tr>\n<tr>\n<td data-title=\"Cecha\">Universal mounting system<\/td>\n<td data-title=\"Korzy\u015b\u0107\">Mounting of the reducer in virtually any position<\/td>\n<\/tr>\n<tr>\n<td data-title=\"Cecha\">Rotatable water and gas elbows<\/td>\n<td data-title=\"Korzy\u015b\u0107\">Free configuration for easy installation<\/td>\n<\/tr>\n<\/tbody>\n<\/table>\n<\/div>\n<p>&nbsp;<\/p>\n","protected":false},"excerpt":{"rendered":"<p>Dual-membrane STAG R02 DPI reducer designed for installation in cars equipped with direct injection and turbocharged engines.<br \/>\nIts compact dimensions make it noticeably smaller than other reducers available on the market.<br \/>\nThanks to the use of two diaphragms, the reducer adapts to the current engine load by increasing the gas pressure at the output, optimally to the vacuum changes in the engine intake manifold.<\/p>\n","protected":false},"featured_media":4820,"template":"","meta":{"_acf_changed":false,"inline_featured_image":false},"product_brand":[],"product_cat":[40],"product_tag":[92,99,91,94],"class_list":{"0":"post-4817","1":"product","2":"type-product","3":"status-publish","4":"has-post-thumbnail","6":"product_cat-reducers","7":"product_tag-diesel-en","8":"product_tag-direct-petrol-injection-en","9":"product_tag-lpg-en","10":"product_tag-reducer","12":"first","13":"instock","14":"shipping-taxable","15":"product-type-simple"},"acf":{"cechy_produktu":[]},"yoast_head":"<!-- This site is optimized with the Yoast SEO plugin v26.3 - https:\/\/yoast.com\/wordpress\/plugins\/seo\/ -->\n<title>STAG R02 DPI - Stag<\/title>\n<meta name=\"robots\" content=\"index, follow, max-snippet:-1, max-image-preview:large, max-video-preview:-1\" \/>\n<link rel=\"canonical\" href=\"https:\/\/www.stag.pl\/en\/product\/stag-r02-el-kopia\/\" \/>\n<meta property=\"og:locale\" content=\"en_US\" \/>\n<meta property=\"og:type\" content=\"article\" \/>\n<meta property=\"og:title\" content=\"STAG R02 DPI - Stag\" \/>\n<meta property=\"og:description\" content=\"Dual-membrane STAG R02 DPI reducer designed for installation in cars equipped with direct injection and turbocharged engines. Its compact dimensions make it noticeably smaller than other reducers available on the market. Thanks to the use of two diaphragms, the reducer adapts to the current engine load by increasing the gas pressure at the output, optimally to the vacuum changes in the engine intake manifold.\" \/>\n<meta property=\"og:url\" content=\"https:\/\/www.stag.pl\/en\/product\/stag-r02-el-kopia\/\" \/>\n<meta property=\"og:site_name\" content=\"Stag\" \/>\n<meta property=\"article:modified_time\" content=\"2024-10-02T11:21:40+00:00\" \/>\n<meta property=\"og:image\" content=\"https:\/\/www.stag.pl\/wp-content\/uploads\/2024\/10\/W3G-8001-V1.png\" \/>\n\t<meta property=\"og:image:width\" content=\"800\" \/>\n\t<meta property=\"og:image:height\" content=\"800\" \/>\n\t<meta property=\"og:image:type\" content=\"image\/png\" \/>\n<meta name=\"twitter:card\" content=\"summary_large_image\" \/>\n<meta name=\"twitter:label1\" content=\"Est. reading time\" \/>\n\t<meta name=\"twitter:data1\" content=\"1 minute\" \/>\n<script type=\"application\/ld+json\" class=\"yoast-schema-graph\">{\"@context\":\"https:\/\/schema.org\",\"@graph\":[{\"@type\":\"WebPage\",\"@id\":\"https:\/\/www.stag.pl\/en\/product\/stag-r02-el-kopia\/\",\"url\":\"https:\/\/www.stag.pl\/en\/product\/stag-r02-el-kopia\/\",\"name\":\"STAG R02 DPI - Stag\",\"isPartOf\":{\"@id\":\"https:\/\/www.stag.pl\/#website\"},\"primaryImageOfPage\":{\"@id\":\"https:\/\/www.stag.pl\/en\/product\/stag-r02-el-kopia\/#primaryimage\"},\"image\":{\"@id\":\"https:\/\/www.stag.pl\/en\/product\/stag-r02-el-kopia\/#primaryimage\"},\"thumbnailUrl\":\"https:\/\/www.stag.pl\/wp-content\/uploads\/2024\/10\/W3G-8001-V1.png\",\"datePublished\":\"2024-10-01T15:46:08+00:00\",\"dateModified\":\"2024-10-02T11:21:40+00:00\",\"breadcrumb\":{\"@id\":\"https:\/\/www.stag.pl\/en\/product\/stag-r02-el-kopia\/#breadcrumb\"},\"inLanguage\":\"en-US\",\"potentialAction\":[{\"@type\":\"ReadAction\",\"target\":[\"https:\/\/www.stag.pl\/en\/product\/stag-r02-el-kopia\/\"]}]},{\"@type\":\"ImageObject\",\"inLanguage\":\"en-US\",\"@id\":\"https:\/\/www.stag.pl\/en\/product\/stag-r02-el-kopia\/#primaryimage\",\"url\":\"https:\/\/www.stag.pl\/wp-content\/uploads\/2024\/10\/W3G-8001-V1.png\",\"contentUrl\":\"https:\/\/www.stag.pl\/wp-content\/uploads\/2024\/10\/W3G-8001-V1.png\",\"width\":800,\"height\":800},{\"@type\":\"BreadcrumbList\",\"@id\":\"https:\/\/www.stag.pl\/en\/product\/stag-r02-el-kopia\/#breadcrumb\",\"itemListElement\":[{\"@type\":\"ListItem\",\"position\":1,\"name\":\"Strona g\u0142\u00f3wna\",\"item\":\"https:\/\/www.stag.pl\/en\/\"},{\"@type\":\"ListItem\",\"position\":2,\"name\":\"Products\",\"item\":\"https:\/\/www.stag.pl\/en\/products\/\"},{\"@type\":\"ListItem\",\"position\":3,\"name\":\"STAG R02 DPI\"}]},{\"@type\":\"WebSite\",\"@id\":\"https:\/\/www.stag.pl\/#website\",\"url\":\"https:\/\/www.stag.pl\/\",\"name\":\"Stag\",\"description\":\"Interesuje Ci\u0119 instalacja autogazu w samochodzie? Instalacja gazowa do samochodu od STAG to gwarancja oszcz\u0119dno\u015bci i bezpiecze\u0144stwa. Sprawd\u017a!\",\"potentialAction\":[{\"@type\":\"SearchAction\",\"target\":{\"@type\":\"EntryPoint\",\"urlTemplate\":\"https:\/\/www.stag.pl\/?s={search_term_string}\"},\"query-input\":{\"@type\":\"PropertyValueSpecification\",\"valueRequired\":true,\"valueName\":\"search_term_string\"}}],\"inLanguage\":\"en-US\"}]}<\/script>\n<!-- \/ Yoast SEO plugin. -->","yoast_head_json":{"title":"STAG R02 DPI - Stag","robots":{"index":"index","follow":"follow","max-snippet":"max-snippet:-1","max-image-preview":"max-image-preview:large","max-video-preview":"max-video-preview:-1"},"canonical":"https:\/\/www.stag.pl\/en\/product\/stag-r02-el-kopia\/","og_locale":"en_US","og_type":"article","og_title":"STAG R02 DPI - Stag","og_description":"Dual-membrane STAG R02 DPI reducer designed for installation in cars equipped with direct injection and turbocharged engines. Its compact dimensions make it noticeably smaller than other reducers available on the market. Thanks to the use of two diaphragms, the reducer adapts to the current engine load by increasing the gas pressure at the output, optimally to the vacuum changes in the engine intake manifold.","og_url":"https:\/\/www.stag.pl\/en\/product\/stag-r02-el-kopia\/","og_site_name":"Stag","article_modified_time":"2024-10-02T11:21:40+00:00","og_image":[{"width":800,"height":800,"url":"https:\/\/www.stag.pl\/wp-content\/uploads\/2024\/10\/W3G-8001-V1.png","type":"image\/png"}],"twitter_card":"summary_large_image","twitter_misc":{"Est. reading time":"1 minute"},"schema":{"@context":"https:\/\/schema.org","@graph":[{"@type":"WebPage","@id":"https:\/\/www.stag.pl\/en\/product\/stag-r02-el-kopia\/","url":"https:\/\/www.stag.pl\/en\/product\/stag-r02-el-kopia\/","name":"STAG R02 DPI - Stag","isPartOf":{"@id":"https:\/\/www.stag.pl\/#website"},"primaryImageOfPage":{"@id":"https:\/\/www.stag.pl\/en\/product\/stag-r02-el-kopia\/#primaryimage"},"image":{"@id":"https:\/\/www.stag.pl\/en\/product\/stag-r02-el-kopia\/#primaryimage"},"thumbnailUrl":"https:\/\/www.stag.pl\/wp-content\/uploads\/2024\/10\/W3G-8001-V1.png","datePublished":"2024-10-01T15:46:08+00:00","dateModified":"2024-10-02T11:21:40+00:00","breadcrumb":{"@id":"https:\/\/www.stag.pl\/en\/product\/stag-r02-el-kopia\/#breadcrumb"},"inLanguage":"en-US","potentialAction":[{"@type":"ReadAction","target":["https:\/\/www.stag.pl\/en\/product\/stag-r02-el-kopia\/"]}]},{"@type":"ImageObject","inLanguage":"en-US","@id":"https:\/\/www.stag.pl\/en\/product\/stag-r02-el-kopia\/#primaryimage","url":"https:\/\/www.stag.pl\/wp-content\/uploads\/2024\/10\/W3G-8001-V1.png","contentUrl":"https:\/\/www.stag.pl\/wp-content\/uploads\/2024\/10\/W3G-8001-V1.png","width":800,"height":800},{"@type":"BreadcrumbList","@id":"https:\/\/www.stag.pl\/en\/product\/stag-r02-el-kopia\/#breadcrumb","itemListElement":[{"@type":"ListItem","position":1,"name":"Strona g\u0142\u00f3wna","item":"https:\/\/www.stag.pl\/en\/"},{"@type":"ListItem","position":2,"name":"Products","item":"https:\/\/www.stag.pl\/en\/products\/"},{"@type":"ListItem","position":3,"name":"STAG R02 DPI"}]},{"@type":"WebSite","@id":"https:\/\/www.stag.pl\/#website","url":"https:\/\/www.stag.pl\/","name":"Stag","description":"Interesuje Ci\u0119 instalacja autogazu w samochodzie? Instalacja gazowa do samochodu od STAG to gwarancja oszcz\u0119dno\u015bci i bezpiecze\u0144stwa. Sprawd\u017a!","potentialAction":[{"@type":"SearchAction","target":{"@type":"EntryPoint","urlTemplate":"https:\/\/www.stag.pl\/?s={search_term_string}"},"query-input":{"@type":"PropertyValueSpecification","valueRequired":true,"valueName":"search_term_string"}}],"inLanguage":"en-US"}]}},"_links":{"self":[{"href":"https:\/\/www.stag.pl\/en\/wp-json\/wp\/v2\/product\/4817","targetHints":{"allow":["GET"]}}],"collection":[{"href":"https:\/\/www.stag.pl\/en\/wp-json\/wp\/v2\/product"}],"about":[{"href":"https:\/\/www.stag.pl\/en\/wp-json\/wp\/v2\/types\/product"}],"wp:featuredmedia":[{"embeddable":true,"href":"https:\/\/www.stag.pl\/en\/wp-json\/wp\/v2\/media\/4820"}],"wp:attachment":[{"href":"https:\/\/www.stag.pl\/en\/wp-json\/wp\/v2\/media?parent=4817"}],"wp:term":[{"taxonomy":"product_brand","embeddable":true,"href":"https:\/\/www.stag.pl\/en\/wp-json\/wp\/v2\/product_brand?post=4817"},{"taxonomy":"product_cat","embeddable":true,"href":"https:\/\/www.stag.pl\/en\/wp-json\/wp\/v2\/product_cat?post=4817"},{"taxonomy":"product_tag","embeddable":true,"href":"https:\/\/www.stag.pl\/en\/wp-json\/wp\/v2\/product_tag?post=4817"}],"curies":[{"name":"wp","href":"https:\/\/api.w.org\/{rel}","templated":true}]}}