{"id":4935,"date":"2025-02-05T11:38:14","date_gmt":"2025-02-05T10:38:14","guid":{"rendered":"https:\/\/www.stag.pl\/produkt\/ps-04-max\/"},"modified":"2025-02-05T11:50:38","modified_gmt":"2025-02-05T10:50:38","slug":"ps-04-max","status":"publish","type":"product","link":"https:\/\/www.stag.pl\/en\/product\/ps-04-max\/","title":{"rendered":"PS-04 MAX"},"content":{"rendered":"<p><strong>Product:<\/strong> pressure sensor<br \/>\n<strong>Autogas fuel type:<\/strong> LPG and CNG<br \/>\n<strong>Warranty time:<\/strong> 2 years<\/p>\n<p>The PS-04 MAX sensor is equipped with pressure and vacuum sensors up to 5.5 bar. In the previous version of the sensor, PS-04 PLUS, both types of sensors had a measurement range of up to 3.5 bar.<br \/>\nIn demanding turbocharged engines, the system switches to gasoline when the sensor reading is exceeded. That&#8217;s why we created the PS-04 MAX sensor. By replacing the existing pressure sensor with a new one with a higher measuring range, we eliminated the problem of too small a measuring range.<br \/>\nThe new pressure sensors used in this version are more resistant to impurities in LPG. As a result, the sensor is more durable, and the installation equipped with it can operate longer and more efficiently.<\/p>\n<p><strong>Features:<\/strong><\/p>\n<ul>\n<li>Designed for LPG and CNG gas injection systems in all cars regardless of engine power, including turbocharged ones<\/li>\n<li>Measurement of gas pressure, manifold vacuum and gas temperature in the gas path<\/li>\n<li>Interchangeable use with previous versions of PS measuring units<\/li>\n<li>Large number of mounting configurations<\/li>\n<li>Low inertia of response to a change in gas temperature<\/li>\n<\/ul>\n","protected":false},"excerpt":{"rendered":"<p>The device that measures gas pressure, temperature and vacuum in the intake manifold. 3 in 1 &#8211; measures gas pressure, vacuum and temperature. The latest version of the popular STAG sensor has been equipped with pressure and vacuum sensors up to 5.5 bar. Thanks to this, the PS-04 MAX can handle turbocharged engines<\/p>\n","protected":false},"featured_media":4930,"template":"","meta":{"_acf_changed":false,"inline_featured_image":false},"product_brand":[],"product_cat":[36],"product_tag":[90,98,99,91,96],"class_list":{"0":"post-4935","1":"product","2":"type-product","3":"status-publish","4":"has-post-thumbnail","6":"product_cat-lpg-cng-pressure-sensor","7":"product_tag-cng-en","8":"product_tag-direct-petrol-injection","9":"product_tag-direct-petrol-injection-en","10":"product_tag-lpg-en","11":"product_tag-the-pressure-sensor","13":"first","14":"instock","15":"shipping-taxable","16":"product-type-simple"},"acf":{"cechy_produktu":[]},"yoast_head":"<!-- This site is optimized with the Yoast SEO plugin v26.3 - https:\/\/yoast.com\/wordpress\/plugins\/seo\/ -->\n<title>PS-04 MAX - Stag<\/title>\n<meta name=\"description\" content=\"The latest version of the STAG sensor has been equipped with pressure and vacuum sensors up to 5.5 bar. PS-04 MAX can support turbocharged engines\" \/>\n<meta name=\"robots\" content=\"index, follow, max-snippet:-1, max-image-preview:large, max-video-preview:-1\" \/>\n<link rel=\"canonical\" href=\"https:\/\/www.stag.pl\/en\/product\/ps-04-max\/\" \/>\n<meta property=\"og:locale\" content=\"en_US\" \/>\n<meta property=\"og:type\" content=\"article\" \/>\n<meta property=\"og:title\" content=\"PS-04 MAX - Stag\" \/>\n<meta property=\"og:description\" content=\"The latest version of the STAG sensor has been equipped with pressure and vacuum sensors up to 5.5 bar. PS-04 MAX can support turbocharged engines\" \/>\n<meta property=\"og:url\" content=\"https:\/\/www.stag.pl\/en\/product\/ps-04-max\/\" \/>\n<meta property=\"og:site_name\" content=\"Stag\" \/>\n<meta property=\"article:modified_time\" content=\"2025-02-05T10:50:38+00:00\" \/>\n<meta property=\"og:image\" content=\"https:\/\/www.stag.pl\/wp-content\/uploads\/2025\/02\/PS-04-MAX.png\" \/>\n\t<meta property=\"og:image:width\" content=\"800\" \/>\n\t<meta property=\"og:image:height\" content=\"800\" \/>\n\t<meta property=\"og:image:type\" content=\"image\/png\" \/>\n<meta name=\"twitter:card\" content=\"summary_large_image\" \/>\n<meta name=\"twitter:label1\" content=\"Est. reading time\" \/>\n\t<meta name=\"twitter:data1\" content=\"1 minute\" \/>\n<script type=\"application\/ld+json\" class=\"yoast-schema-graph\">{\"@context\":\"https:\/\/schema.org\",\"@graph\":[{\"@type\":\"WebPage\",\"@id\":\"https:\/\/www.stag.pl\/en\/product\/ps-04-max\/\",\"url\":\"https:\/\/www.stag.pl\/en\/product\/ps-04-max\/\",\"name\":\"PS-04 MAX - Stag\",\"isPartOf\":{\"@id\":\"https:\/\/www.stag.pl\/#website\"},\"primaryImageOfPage\":{\"@id\":\"https:\/\/www.stag.pl\/en\/product\/ps-04-max\/#primaryimage\"},\"image\":{\"@id\":\"https:\/\/www.stag.pl\/en\/product\/ps-04-max\/#primaryimage\"},\"thumbnailUrl\":\"https:\/\/www.stag.pl\/wp-content\/uploads\/2025\/02\/PS-04-MAX.png\",\"datePublished\":\"2025-02-05T10:38:14+00:00\",\"dateModified\":\"2025-02-05T10:50:38+00:00\",\"description\":\"The latest version of the STAG sensor has been equipped with pressure and vacuum sensors up to 5.5 bar. PS-04 MAX can support turbocharged engines\",\"breadcrumb\":{\"@id\":\"https:\/\/www.stag.pl\/en\/product\/ps-04-max\/#breadcrumb\"},\"inLanguage\":\"en-US\",\"potentialAction\":[{\"@type\":\"ReadAction\",\"target\":[\"https:\/\/www.stag.pl\/en\/product\/ps-04-max\/\"]}]},{\"@type\":\"ImageObject\",\"inLanguage\":\"en-US\",\"@id\":\"https:\/\/www.stag.pl\/en\/product\/ps-04-max\/#primaryimage\",\"url\":\"https:\/\/www.stag.pl\/wp-content\/uploads\/2025\/02\/PS-04-MAX.png\",\"contentUrl\":\"https:\/\/www.stag.pl\/wp-content\/uploads\/2025\/02\/PS-04-MAX.png\",\"width\":800,\"height\":800},{\"@type\":\"BreadcrumbList\",\"@id\":\"https:\/\/www.stag.pl\/en\/product\/ps-04-max\/#breadcrumb\",\"itemListElement\":[{\"@type\":\"ListItem\",\"position\":1,\"name\":\"Strona g\u0142\u00f3wna\",\"item\":\"https:\/\/www.stag.pl\/en\/\"},{\"@type\":\"ListItem\",\"position\":2,\"name\":\"Products\",\"item\":\"https:\/\/www.stag.pl\/en\/products\/\"},{\"@type\":\"ListItem\",\"position\":3,\"name\":\"PS-04 MAX\"}]},{\"@type\":\"WebSite\",\"@id\":\"https:\/\/www.stag.pl\/#website\",\"url\":\"https:\/\/www.stag.pl\/\",\"name\":\"Stag\",\"description\":\"Interesuje Ci\u0119 instalacja autogazu w samochodzie? Instalacja gazowa do samochodu od STAG to gwarancja oszcz\u0119dno\u015bci i bezpiecze\u0144stwa. Sprawd\u017a!\",\"potentialAction\":[{\"@type\":\"SearchAction\",\"target\":{\"@type\":\"EntryPoint\",\"urlTemplate\":\"https:\/\/www.stag.pl\/?s={search_term_string}\"},\"query-input\":{\"@type\":\"PropertyValueSpecification\",\"valueRequired\":true,\"valueName\":\"search_term_string\"}}],\"inLanguage\":\"en-US\"}]}<\/script>\n<!-- \/ Yoast SEO plugin. -->","yoast_head_json":{"title":"PS-04 MAX - Stag","description":"The latest version of the STAG sensor has been equipped with pressure and vacuum sensors up to 5.5 bar. PS-04 MAX can support turbocharged engines","robots":{"index":"index","follow":"follow","max-snippet":"max-snippet:-1","max-image-preview":"max-image-preview:large","max-video-preview":"max-video-preview:-1"},"canonical":"https:\/\/www.stag.pl\/en\/product\/ps-04-max\/","og_locale":"en_US","og_type":"article","og_title":"PS-04 MAX - Stag","og_description":"The latest version of the STAG sensor has been equipped with pressure and vacuum sensors up to 5.5 bar. PS-04 MAX can support turbocharged engines","og_url":"https:\/\/www.stag.pl\/en\/product\/ps-04-max\/","og_site_name":"Stag","article_modified_time":"2025-02-05T10:50:38+00:00","og_image":[{"width":800,"height":800,"url":"https:\/\/www.stag.pl\/wp-content\/uploads\/2025\/02\/PS-04-MAX.png","type":"image\/png"}],"twitter_card":"summary_large_image","twitter_misc":{"Est. reading time":"1 minute"},"schema":{"@context":"https:\/\/schema.org","@graph":[{"@type":"WebPage","@id":"https:\/\/www.stag.pl\/en\/product\/ps-04-max\/","url":"https:\/\/www.stag.pl\/en\/product\/ps-04-max\/","name":"PS-04 MAX - Stag","isPartOf":{"@id":"https:\/\/www.stag.pl\/#website"},"primaryImageOfPage":{"@id":"https:\/\/www.stag.pl\/en\/product\/ps-04-max\/#primaryimage"},"image":{"@id":"https:\/\/www.stag.pl\/en\/product\/ps-04-max\/#primaryimage"},"thumbnailUrl":"https:\/\/www.stag.pl\/wp-content\/uploads\/2025\/02\/PS-04-MAX.png","datePublished":"2025-02-05T10:38:14+00:00","dateModified":"2025-02-05T10:50:38+00:00","description":"The latest version of the STAG sensor has been equipped with pressure and vacuum sensors up to 5.5 bar. PS-04 MAX can support turbocharged engines","breadcrumb":{"@id":"https:\/\/www.stag.pl\/en\/product\/ps-04-max\/#breadcrumb"},"inLanguage":"en-US","potentialAction":[{"@type":"ReadAction","target":["https:\/\/www.stag.pl\/en\/product\/ps-04-max\/"]}]},{"@type":"ImageObject","inLanguage":"en-US","@id":"https:\/\/www.stag.pl\/en\/product\/ps-04-max\/#primaryimage","url":"https:\/\/www.stag.pl\/wp-content\/uploads\/2025\/02\/PS-04-MAX.png","contentUrl":"https:\/\/www.stag.pl\/wp-content\/uploads\/2025\/02\/PS-04-MAX.png","width":800,"height":800},{"@type":"BreadcrumbList","@id":"https:\/\/www.stag.pl\/en\/product\/ps-04-max\/#breadcrumb","itemListElement":[{"@type":"ListItem","position":1,"name":"Strona g\u0142\u00f3wna","item":"https:\/\/www.stag.pl\/en\/"},{"@type":"ListItem","position":2,"name":"Products","item":"https:\/\/www.stag.pl\/en\/products\/"},{"@type":"ListItem","position":3,"name":"PS-04 MAX"}]},{"@type":"WebSite","@id":"https:\/\/www.stag.pl\/#website","url":"https:\/\/www.stag.pl\/","name":"Stag","description":"Interesuje Ci\u0119 instalacja autogazu w samochodzie? Instalacja gazowa do samochodu od STAG to gwarancja oszcz\u0119dno\u015bci i bezpiecze\u0144stwa. Sprawd\u017a!","potentialAction":[{"@type":"SearchAction","target":{"@type":"EntryPoint","urlTemplate":"https:\/\/www.stag.pl\/?s={search_term_string}"},"query-input":{"@type":"PropertyValueSpecification","valueRequired":true,"valueName":"search_term_string"}}],"inLanguage":"en-US"}]}},"_links":{"self":[{"href":"https:\/\/www.stag.pl\/en\/wp-json\/wp\/v2\/product\/4935","targetHints":{"allow":["GET"]}}],"collection":[{"href":"https:\/\/www.stag.pl\/en\/wp-json\/wp\/v2\/product"}],"about":[{"href":"https:\/\/www.stag.pl\/en\/wp-json\/wp\/v2\/types\/product"}],"wp:featuredmedia":[{"embeddable":true,"href":"https:\/\/www.stag.pl\/en\/wp-json\/wp\/v2\/media\/4930"}],"wp:attachment":[{"href":"https:\/\/www.stag.pl\/en\/wp-json\/wp\/v2\/media?parent=4935"}],"wp:term":[{"taxonomy":"product_brand","embeddable":true,"href":"https:\/\/www.stag.pl\/en\/wp-json\/wp\/v2\/product_brand?post=4935"},{"taxonomy":"product_cat","embeddable":true,"href":"https:\/\/www.stag.pl\/en\/wp-json\/wp\/v2\/product_cat?post=4935"},{"taxonomy":"product_tag","embeddable":true,"href":"https:\/\/www.stag.pl\/en\/wp-json\/wp\/v2\/product_tag?post=4935"}],"curies":[{"name":"wp","href":"https:\/\/api.w.org\/{rel}","templated":true}]}}