{"id":1639,"date":"2021-06-30T11:48:32","date_gmt":"2021-06-30T09:48:32","guid":{"rendered":"https:\/\/www.stag.pl\/produkt\/led-gofast-ru\/"},"modified":"2021-06-30T11:48:32","modified_gmt":"2021-06-30T09:48:32","slug":"led-gofast-ru","status":"publish","type":"product","link":"https:\/\/www.stag.pl\/ru\/\u043f\u0440\u043e\u0434\u0443\u043a\u0442\/led-gofast-ru\/","title":{"rendered":"LED GoFast"},"content":{"rendered":"<p>\u041f\u0435\u0440\u0435\u043a\u043b\u044e\u0447\u0430\u0442\u0435\u043b\u044c \u0432\u044b\u043f\u043e\u043b\u043d\u044f\u0435\u0442 \u0440\u044f\u0434 \u0444\u0443\u043d\u043a\u0446\u0438\u0439, \u043d\u0430\u0447\u0438\u043d\u0430\u044f \u043e\u0442 \u0432\u044b\u0431\u043e\u0440\u0430, \u043e\u043f\u0442\u0438\u0447\u0435\u0441\u043a\u043e\u0439 \u0438 \u0430\u043a\u0443\u0441\u0442\u0438\u0447\u0435\u0441\u043a\u043e\u0439 \u0441\u0438\u0433\u043d\u0430\u043b\u0438\u0437\u0430\u0446\u0438\u0438, \u0443\u0432\u0435\u0434\u043e\u043c\u043b\u044f\u044e\u0449\u0435\u0439 \u043e \u0440\u0435\u0436\u0438\u043c\u0435 \u0440\u0430\u0431\u043e\u0442\u044b, \u0438 \u0437\u0430\u043a\u0430\u043d\u0447\u0438\u0432\u0430\u044f \u043f\u043e\u043a\u0430\u0437\u0430\u043d\u0438\u0435\u043c \u0443\u0440\u043e\u0432\u043d\u044f \u0433\u0430\u0437\u0430 \u0432 \u0430\u0432\u0442\u043e\u043c\u043e\u0431\u0438\u043b\u044f\u0445 \u0441 \u0443\u0441\u0442\u0430\u043d\u043e\u0432\u043a\u043e\u0439, \u0430\u0434\u0430\u043f\u0442\u0438\u0440\u043e\u0432\u0430\u043d\u043d\u043e\u0439 \u0434\u043b\u044f \u043f\u043e\u0434\u0430\u0447\u0438 \u0432 \u043f\u0440\u0438\u0432\u043e\u0434\u043d\u0443\u044e \u0441\u0438\u0441\u0442\u0435\u043c\u0443 \u0430\u043b\u044c\u0442\u0435\u0440\u043d\u0430\u0442\u0438\u0432\u043d\u043e\u0433\u043e \u0438\u0441\u0442\u043e\u0447\u043d\u0438\u043a\u0430 \u043f\u0438\u0442\u0430\u043d\u0438\u044f, \u0432 \u0447\u0430\u0441\u0442\u043d\u043e\u0441\u0442\u0438, \u0433\u0430\u0437\u043e\u043e\u0431\u0440\u0430\u0437\u043d\u043e\u0433\u043e \u0442\u043e\u043f\u043b\u0438\u0432\u0430.<\/p>\n<p>\u041e\u0441\u043d\u043e\u0432\u043d\u044b\u0435 \u0445\u0430\u0440\u0430\u043a\u0442\u0435\u0440\u0438\u0441\u0442\u0438\u043a\u0438 \u0438 \u043f\u0440\u0435\u0438\u043c\u0443\u0449\u0435\u0441\u0442\u0432\u0430 LED GoFast:<br \/>\n1.    \u043a\u043e\u043c\u043f\u0430\u043a\u0442\u043d\u0430\u044f \u043a\u043e\u043d\u0441\u0442\u0440\u0443\u043a\u0446\u0438\u044f \u043d\u0435\u0431\u043e\u043b\u044c\u0448\u043e\u0433\u043e \u0440\u0430\u0437\u043c\u0435\u0440\u0430,<br \/>\n2.    \u0432\u0441\u0435\u0433\u043e \u0442\u0440\u0438 \u043f\u0440\u043e\u0432\u043e\u0434\u0430 \u0434\u043b\u044f \u043f\u043e\u0434\u043a\u043b\u044e\u0447\u0435\u043d\u0438\u044f, \u0447\u0442\u043e \u0441\u043e\u043a\u0440\u0430\u0449\u0430\u0435\u0442 \u0432\u0440\u0435\u043c\u044f \u043c\u043e\u043d\u0442\u0430\u0436\u0430,<br \/>\n3.    \u0432\u044b\u043f\u043e\u043b\u043d\u044f\u0435\u0442 \u0444\u0443\u043d\u043a\u0446\u0438\u044e \u0434\u0430\u0442\u0447\u0438\u043a\u0430 \u0443\u0440\u043e\u0432\u043d\u044f \u0442\u043e\u043f\u043b\u0438\u0432\u0430 \u0438 \u0441\u0438\u0433\u043d\u0430\u043b\u0438\u0437\u0438\u0440\u0443\u0435\u0442 \u043e \u0440\u0430\u0437\u043d\u044b\u0445 \u0440\u0435\u0436\u0438\u043c\u0430\u0445 \u0440\u0430\u0431\u043e\u0442\u044b,<br \/>\n4.    \u0432\u0441\u0442\u0440\u043e\u0435\u043d\u043d\u044b\u0439 \u0437\u0443\u043c\u043c\u0435\u0440.<\/p>\n","protected":false},"excerpt":{"rendered":"<p>\u0426\u0438\u0444\u0440\u043e\u0432\u043e\u0439 \u0442\u0440\u0435\u0445\u043f\u0440\u043e\u0432\u043e\u0434\u043d\u043e\u0439 \u043f\u0435\u0440\u0435\u043a\u043b\u044e\u0447\u0430\u0442\u0435\u043b\u044c, \u043f\u0440\u0435\u0434\u043d\u0430\u0437\u043d\u0430\u0447\u0435\u043d\u043d\u044b\u0439 \u0434\u043b\u044f \u0443\u0441\u0442\u0430\u043d\u043e\u0432\u043a\u0438 \u0430\u0432\u0442\u043e\u0433\u0430\u0437, \u0441 \u0431\u043b\u043e\u043a\u043e\u043c \u0443\u043f\u0440\u0430\u0432\u043b\u0435\u043d\u0438\u044f STAG GoFast.<\/p>\n","protected":false},"featured_media":1641,"template":"","meta":{"_acf_changed":false,"inline_featured_image":false},"product_brand":[],"product_cat":[71],"product_tag":[88,80,104],"class_list":{"0":"post-1639","1":"product","2":"type-product","3":"status-publish","4":"has-post-thumbnail","6":"product_cat-71","7":"product_tag-cng-ru","8":"product_tag-lpg-ru","9":"product_tag-104","11":"first","12":"instock","13":"shipping-taxable","14":"product-type-simple"},"acf":{"cechy_produktu":[]},"yoast_head":"<!-- This site is optimized with the Yoast SEO plugin v26.3 - https:\/\/yoast.com\/wordpress\/plugins\/seo\/ -->\n<title>LED GoFast - Stag<\/title>\n<meta name=\"robots\" content=\"index, follow, max-snippet:-1, max-image-preview:large, max-video-preview:-1\" \/>\n<link rel=\"canonical\" href=\"https:\/\/www.stag.pl\/ru\/\u043f\u0440\u043e\u0434\u0443\u043a\u0442\/led-gofast-ru\/\" \/>\n<meta property=\"og:locale\" content=\"ru_RU\" \/>\n<meta property=\"og:type\" content=\"article\" \/>\n<meta property=\"og:title\" content=\"LED GoFast - Stag\" \/>\n<meta property=\"og:description\" content=\"\u0426\u0438\u0444\u0440\u043e\u0432\u043e\u0439 \u0442\u0440\u0435\u0445\u043f\u0440\u043e\u0432\u043e\u0434\u043d\u043e\u0439 \u043f\u0435\u0440\u0435\u043a\u043b\u044e\u0447\u0430\u0442\u0435\u043b\u044c, \u043f\u0440\u0435\u0434\u043d\u0430\u0437\u043d\u0430\u0447\u0435\u043d\u043d\u044b\u0439 \u0434\u043b\u044f \u0443\u0441\u0442\u0430\u043d\u043e\u0432\u043a\u0438 \u0430\u0432\u0442\u043e\u0433\u0430\u0437, \u0441 \u0431\u043b\u043e\u043a\u043e\u043c \u0443\u043f\u0440\u0430\u0432\u043b\u0435\u043d\u0438\u044f STAG GoFast.\" \/>\n<meta property=\"og:url\" content=\"https:\/\/www.stag.pl\/ru\/\u043f\u0440\u043e\u0434\u0443\u043a\u0442\/led-gofast-ru\/\" \/>\n<meta property=\"og:site_name\" content=\"Stag\" \/>\n<meta property=\"og:image\" content=\"https:\/\/www.stag.pl\/wp-content\/uploads\/2021\/06\/LED-GoFast.png\" \/>\n\t<meta property=\"og:image:width\" content=\"800\" \/>\n\t<meta property=\"og:image:height\" content=\"800\" \/>\n\t<meta property=\"og:image:type\" content=\"image\/png\" \/>\n<meta name=\"twitter:card\" content=\"summary_large_image\" \/>\n<script type=\"application\/ld+json\" class=\"yoast-schema-graph\">{\"@context\":\"https:\/\/schema.org\",\"@graph\":[{\"@type\":\"WebPage\",\"@id\":\"https:\/\/www.stag.pl\/ru\/\u043f\u0440\u043e\u0434\u0443\u043a\u0442\/led-gofast-ru\/\",\"url\":\"https:\/\/www.stag.pl\/ru\/\u043f\u0440\u043e\u0434\u0443\u043a\u0442\/led-gofast-ru\/\",\"name\":\"LED GoFast - Stag\",\"isPartOf\":{\"@id\":\"https:\/\/www.stag.pl\/#website\"},\"primaryImageOfPage\":{\"@id\":\"https:\/\/www.stag.pl\/ru\/\u043f\u0440\u043e\u0434\u0443\u043a\u0442\/led-gofast-ru\/#primaryimage\"},\"image\":{\"@id\":\"https:\/\/www.stag.pl\/ru\/\u043f\u0440\u043e\u0434\u0443\u043a\u0442\/led-gofast-ru\/#primaryimage\"},\"thumbnailUrl\":\"https:\/\/www.stag.pl\/wp-content\/uploads\/2021\/06\/LED-GoFast.png\",\"datePublished\":\"2021-06-30T09:48:32+00:00\",\"breadcrumb\":{\"@id\":\"https:\/\/www.stag.pl\/ru\/\u043f\u0440\u043e\u0434\u0443\u043a\u0442\/led-gofast-ru\/#breadcrumb\"},\"inLanguage\":\"ru-RU\",\"potentialAction\":[{\"@type\":\"ReadAction\",\"target\":[\"https:\/\/www.stag.pl\/ru\/\u043f\u0440\u043e\u0434\u0443\u043a\u0442\/led-gofast-ru\/\"]}]},{\"@type\":\"ImageObject\",\"inLanguage\":\"ru-RU\",\"@id\":\"https:\/\/www.stag.pl\/ru\/\u043f\u0440\u043e\u0434\u0443\u043a\u0442\/led-gofast-ru\/#primaryimage\",\"url\":\"https:\/\/www.stag.pl\/wp-content\/uploads\/2021\/06\/LED-GoFast.png\",\"contentUrl\":\"https:\/\/www.stag.pl\/wp-content\/uploads\/2021\/06\/LED-GoFast.png\",\"width\":800,\"height\":800,\"caption\":\"Centralka LED GOFAST\"},{\"@type\":\"BreadcrumbList\",\"@id\":\"https:\/\/www.stag.pl\/ru\/\u043f\u0440\u043e\u0434\u0443\u043a\u0442\/led-gofast-ru\/#breadcrumb\",\"itemListElement\":[{\"@type\":\"ListItem\",\"position\":1,\"name\":\"Strona g\u0142\u00f3wna\",\"item\":\"https:\/\/www.stag.pl\/ru\/\"},{\"@type\":\"ListItem\",\"position\":2,\"name\":\"\u041f\u0440\u043e\u0434\u0443\u043a\u0442\u044b\",\"item\":\"https:\/\/www.stag.pl\/ru\/%d0%bf%d1%80%d0%be%d0%b4%d1%83%d0%ba%d1%82%d1%8b\/\"},{\"@type\":\"ListItem\",\"position\":3,\"name\":\"LED GoFast\"}]},{\"@type\":\"WebSite\",\"@id\":\"https:\/\/www.stag.pl\/#website\",\"url\":\"https:\/\/www.stag.pl\/\",\"name\":\"Stag\",\"description\":\"Interesuje Ci\u0119 instalacja autogazu w samochodzie? Instalacja gazowa do samochodu od STAG to gwarancja oszcz\u0119dno\u015bci i bezpiecze\u0144stwa. Sprawd\u017a!\",\"potentialAction\":[{\"@type\":\"SearchAction\",\"target\":{\"@type\":\"EntryPoint\",\"urlTemplate\":\"https:\/\/www.stag.pl\/?s={search_term_string}\"},\"query-input\":{\"@type\":\"PropertyValueSpecification\",\"valueRequired\":true,\"valueName\":\"search_term_string\"}}],\"inLanguage\":\"ru-RU\"}]}<\/script>\n<!-- \/ Yoast SEO plugin. -->","yoast_head_json":{"title":"LED GoFast - Stag","robots":{"index":"index","follow":"follow","max-snippet":"max-snippet:-1","max-image-preview":"max-image-preview:large","max-video-preview":"max-video-preview:-1"},"canonical":"https:\/\/www.stag.pl\/ru\/\u043f\u0440\u043e\u0434\u0443\u043a\u0442\/led-gofast-ru\/","og_locale":"ru_RU","og_type":"article","og_title":"LED GoFast - Stag","og_description":"\u0426\u0438\u0444\u0440\u043e\u0432\u043e\u0439 \u0442\u0440\u0435\u0445\u043f\u0440\u043e\u0432\u043e\u0434\u043d\u043e\u0439 \u043f\u0435\u0440\u0435\u043a\u043b\u044e\u0447\u0430\u0442\u0435\u043b\u044c, \u043f\u0440\u0435\u0434\u043d\u0430\u0437\u043d\u0430\u0447\u0435\u043d\u043d\u044b\u0439 \u0434\u043b\u044f \u0443\u0441\u0442\u0430\u043d\u043e\u0432\u043a\u0438 \u0430\u0432\u0442\u043e\u0433\u0430\u0437, \u0441 \u0431\u043b\u043e\u043a\u043e\u043c \u0443\u043f\u0440\u0430\u0432\u043b\u0435\u043d\u0438\u044f STAG GoFast.","og_url":"https:\/\/www.stag.pl\/ru\/\u043f\u0440\u043e\u0434\u0443\u043a\u0442\/led-gofast-ru\/","og_site_name":"Stag","og_image":[{"width":800,"height":800,"url":"https:\/\/www.stag.pl\/wp-content\/uploads\/2021\/06\/LED-GoFast.png","type":"image\/png"}],"twitter_card":"summary_large_image","schema":{"@context":"https:\/\/schema.org","@graph":[{"@type":"WebPage","@id":"https:\/\/www.stag.pl\/ru\/\u043f\u0440\u043e\u0434\u0443\u043a\u0442\/led-gofast-ru\/","url":"https:\/\/www.stag.pl\/ru\/\u043f\u0440\u043e\u0434\u0443\u043a\u0442\/led-gofast-ru\/","name":"LED GoFast - Stag","isPartOf":{"@id":"https:\/\/www.stag.pl\/#website"},"primaryImageOfPage":{"@id":"https:\/\/www.stag.pl\/ru\/\u043f\u0440\u043e\u0434\u0443\u043a\u0442\/led-gofast-ru\/#primaryimage"},"image":{"@id":"https:\/\/www.stag.pl\/ru\/\u043f\u0440\u043e\u0434\u0443\u043a\u0442\/led-gofast-ru\/#primaryimage"},"thumbnailUrl":"https:\/\/www.stag.pl\/wp-content\/uploads\/2021\/06\/LED-GoFast.png","datePublished":"2021-06-30T09:48:32+00:00","breadcrumb":{"@id":"https:\/\/www.stag.pl\/ru\/\u043f\u0440\u043e\u0434\u0443\u043a\u0442\/led-gofast-ru\/#breadcrumb"},"inLanguage":"ru-RU","potentialAction":[{"@type":"ReadAction","target":["https:\/\/www.stag.pl\/ru\/\u043f\u0440\u043e\u0434\u0443\u043a\u0442\/led-gofast-ru\/"]}]},{"@type":"ImageObject","inLanguage":"ru-RU","@id":"https:\/\/www.stag.pl\/ru\/\u043f\u0440\u043e\u0434\u0443\u043a\u0442\/led-gofast-ru\/#primaryimage","url":"https:\/\/www.stag.pl\/wp-content\/uploads\/2021\/06\/LED-GoFast.png","contentUrl":"https:\/\/www.stag.pl\/wp-content\/uploads\/2021\/06\/LED-GoFast.png","width":800,"height":800,"caption":"Centralka LED GOFAST"},{"@type":"BreadcrumbList","@id":"https:\/\/www.stag.pl\/ru\/\u043f\u0440\u043e\u0434\u0443\u043a\u0442\/led-gofast-ru\/#breadcrumb","itemListElement":[{"@type":"ListItem","position":1,"name":"Strona g\u0142\u00f3wna","item":"https:\/\/www.stag.pl\/ru\/"},{"@type":"ListItem","position":2,"name":"\u041f\u0440\u043e\u0434\u0443\u043a\u0442\u044b","item":"https:\/\/www.stag.pl\/ru\/%d0%bf%d1%80%d0%be%d0%b4%d1%83%d0%ba%d1%82%d1%8b\/"},{"@type":"ListItem","position":3,"name":"LED GoFast"}]},{"@type":"WebSite","@id":"https:\/\/www.stag.pl\/#website","url":"https:\/\/www.stag.pl\/","name":"Stag","description":"Interesuje Ci\u0119 instalacja autogazu w samochodzie? Instalacja gazowa do samochodu od STAG to gwarancja oszcz\u0119dno\u015bci i bezpiecze\u0144stwa. Sprawd\u017a!","potentialAction":[{"@type":"SearchAction","target":{"@type":"EntryPoint","urlTemplate":"https:\/\/www.stag.pl\/?s={search_term_string}"},"query-input":{"@type":"PropertyValueSpecification","valueRequired":true,"valueName":"search_term_string"}}],"inLanguage":"ru-RU"}]}},"_links":{"self":[{"href":"https:\/\/www.stag.pl\/ru\/wp-json\/wp\/v2\/product\/1639","targetHints":{"allow":["GET"]}}],"collection":[{"href":"https:\/\/www.stag.pl\/ru\/wp-json\/wp\/v2\/product"}],"about":[{"href":"https:\/\/www.stag.pl\/ru\/wp-json\/wp\/v2\/types\/product"}],"wp:featuredmedia":[{"embeddable":true,"href":"https:\/\/www.stag.pl\/ru\/wp-json\/wp\/v2\/media\/1641"}],"wp:attachment":[{"href":"https:\/\/www.stag.pl\/ru\/wp-json\/wp\/v2\/media?parent=1639"}],"wp:term":[{"taxonomy":"product_brand","embeddable":true,"href":"https:\/\/www.stag.pl\/ru\/wp-json\/wp\/v2\/product_brand?post=1639"},{"taxonomy":"product_cat","embeddable":true,"href":"https:\/\/www.stag.pl\/ru\/wp-json\/wp\/v2\/product_cat?post=1639"},{"taxonomy":"product_tag","embeddable":true,"href":"https:\/\/www.stag.pl\/ru\/wp-json\/wp\/v2\/product_tag?post=1639"}],"curies":[{"name":"wp","href":"https:\/\/api.w.org\/{rel}","templated":true}]}}