{"id":1691,"date":"2021-05-27T09:31:57","date_gmt":"2021-05-27T07:31:57","guid":{"rendered":"https:\/\/www.stag.pl\/produkt\/stag-qmax-plus-ru\/"},"modified":"2021-10-14T10:58:44","modified_gmt":"2021-10-14T08:58:44","slug":"stag-qmax-plus-ru","status":"publish","type":"product","link":"https:\/\/www.stag.pl\/ru\/\u043f\u0440\u043e\u0434\u0443\u043a\u0442\/stag-qmax-plus-ru\/","title":{"rendered":"STAG QMAX PLUS"},"content":{"rendered":"<p><strong>\u0425\u0430\u0440\u0430\u043a\u0442\u0435\u0440\u0438\u0441\u0442\u0438\u043a\u0430\u00a0<\/strong><\/p>\n<ol>\n<li>\u0410\u043d\u0430\u043b\u0438\u0437 \u043e\u0431\u043e\u0440\u043e\u0442\u043e\u0432<\/li>\n<li>\u041a\u043e\u043d\u0442\u0440\u043e\u043b\u044c \u043f\u043e\u0441\u043b\u0435\u0434\u043e\u0432\u0430\u0442\u0435\u043b\u044c\u043d\u043e\u0441\u0442\u0438 \u0432\u043f\u0440\u044b\u0441\u043a\u0430<\/li>\n<li>\u041e\u0431\u043d\u043e\u0432\u043b\u0435\u043d\u0438\u0435 \u043a\u043e\u043d\u0442\u0440\u043e\u043b\u043b\u0435\u0440\u0430<\/li>\n<li>\u041e\u0431\u0440\u0430\u0431\u043e\u0442\u043a\u0430 \u043e\u0448\u0438\u0431\u043e\u043a<\/li>\n<\/ol>\n<p>&nbsp;<\/p>\n<p><strong>\u041f\u0440\u0435\u0438\u043c\u0443\u0449\u0435\u0441\u0442\u0432\u043e<\/strong><\/p>\n<ol>\n<li>\u0421\u0447\u0438\u0442\u044b\u0432\u0430\u043d\u0438\u0435 \u043e\u0431\u043e\u0440\u043e\u0442\u043e\u0432 \u043d\u0430 \u043e\u0441\u043d\u043e\u0432\u0435 \u0441\u0438\u0433\u043d\u0430\u043b\u043e\u0432 \u043e\u0442 \u0444\u043e\u0440\u0441\u0443\u043d\u043e\u043a \u0431\u0435\u043d\u0437\u0438\u043d\u0430<\/li>\n<li>\u0412\u043e\u0437\u043c\u043e\u0436\u043d\u043e\u0441\u0442\u044c \u0438\u0437\u043c\u0435\u043d\u0435\u043d\u0438\u044f \u043f\u043e\u0441\u043b\u0435\u0434\u043e\u0432\u0430\u0442\u0435\u043b\u044c\u043d\u043e\u0441\u0442\u0438 \u0432\u043f\u0440\u044b\u0441\u043a\u0430<\/li>\n<li>\u041f\u0440\u043e\u0433\u0440\u0430\u043c\u043c\u043d\u043e\u0435 \u043e\u0431\u0435\u0441\u043f\u0435\u0447\u0435\u043d\u0438\u0435, \u043e\u0431\u0435\u0441\u043f\u0435\u0447\u0438\u0432\u0430\u044e\u0449\u0435\u0435 \u043d\u0435\u043f\u0440\u0435\u0440\u044b\u0432\u043d\u043e\u0435 \u0440\u0430\u0437\u0432\u0438\u0442\u0438\u0435 \u043a\u043e\u043d\u0442\u0440\u043e\u043b\u043b\u0435\u0440\u0430<\/li>\n<li>\u041f\u0440\u043e\u0442\u043e\u043a\u043e\u043b\u0438\u0440\u043e\u0432\u0430\u043d\u0438\u0435 \u043a\u0430\u0434\u0440\u043e\u0432 \u0437\u0430\u043c\u043e\u0440\u043e\u0436\u0435\u043d\u043d\u044b\u0445 \u043e\u0448\u0438\u0431\u043e\u043a \u043a\u043e\u043d\u0442\u0440\u043e\u043b\u043b\u0435\u0440\u0430 \u0433\u0430\u0437\u0430<\/li>\n<\/ol>\n<p>&nbsp;<\/p>\n<p><strong>\u042d\u043a\u0441\u043f\u043b\u0443\u0430\u0442\u0430\u0446\u0438\u043e\u043d\u043d\u044b\u0435 \u0441\u0432\u043e\u0439\u0441\u0442\u0432\u0430<\/strong><br \/>\n\u0414\u0432\u0438\u0433\u0430\u0442\u0435\u043b\u0438 \u043c\u0430\u043a\u0441. 4 \u0446\u0438\u043b\u0438\u043d\u0434\u0440\u0430<br \/>\n\u041f\u0440\u043e\u0441\u0442\u043e\u0442\u0430 \u0438 \u0441\u043a\u043e\u0440\u043e\u0441\u0442\u044c \u0441\u0431\u043e\u0440\u043a\u0438 \u0438 \u0440\u0435\u0433\u0443\u043b\u0438\u0440\u043e\u0432\u043a\u0438<br \/>\n\u0423\u0433\u043b\u043e\u0432\u043e\u0439 \u0440\u0430\u0437\u044a\u0435\u043c 48 \u043a\u043e\u043d\u0442\u0430\u043a\u0442\u043e\u0432<br \/>\n\u0421\u043e\u0432\u043c\u0435\u0441\u0442\u043d\u0430\u044f \u0440\u0430\u0431\u043e\u0442\u0430 \u0441 bluetooth<br \/>\n\u0421\u043e\u0432\u043c\u0435\u0441\u0442\u043d\u0430\u044f \u0440\u0430\u0431\u043e\u0442\u0430 \u0441 \u0440\u0435\u0433\u0438\u0441\u0442\u0440\u0430\u0442\u043e\u0440\u043e\u043c \u043f\u0430\u0440\u0430\u043c\u0435\u0442\u0440\u043e\u0432<br \/>\n\u041f\u043e\u0434\u0434\u0435\u0440\u0436\u043a\u0430 \u043c\u043e\u0431\u0438\u043b\u044c\u043d\u044b\u0445 \u043f\u0440\u0438\u043b\u043e\u0436\u0435\u043d\u0438\u0439 StagMobile \u0438 GasComputer<\/p>\n","protected":false},"excerpt":{"rendered":"<p>STAG QMAX PLUS \u044f\u0432\u043b\u044f\u0435\u0442\u0441\u044f \u043f\u0440\u043e\u0434\u043e\u043b\u0436\u0435\u043d\u0438\u0435\u043c \u043a\u043e\u043d\u0442\u0440\u043e\u043b\u043b\u0435\u0440\u0430 STAG QBOX PLUS, \u0441\u043f\u0435\u0446\u0438\u0430\u043b\u044c\u043d\u043e \u0440\u0430\u0437\u0440\u0430\u0431\u043e\u0442\u0430\u043d\u043d\u043e\u0433\u043e \u0434\u043b\u044f 1 \u0438 8-\u0446\u0438\u043b\u0438\u043d\u0434\u0440\u043e\u0432\u044b\u0445 \u0434\u0432\u0438\u0433\u0430\u0442\u0435\u043b\u0435\u0439 \u0441 \u043d\u0435\u043f\u0440\u044f\u043c\u044b\u043c \u0432\u043f\u0440\u044b\u0441\u043a\u043e\u043c \u0442\u043e\u043f\u043b\u0438\u0432\u0430. \u041e\u043d \u0445\u0430\u0440\u0430\u043a\u0442\u0435\u0440\u0438\u0437\u0443\u0435\u0442\u0441\u044f \u0442\u0435\u0445\u043d\u0438\u0447\u0435\u0441\u043a\u0438\u043c \u0443\u0441\u043e\u0432\u0435\u0440\u0448\u0435\u043d\u0441\u0442\u0432\u043e\u0432\u0430\u043d\u0438\u0435\u043c, \u043e\u0442\u043b\u0438\u0447\u0430\u044e\u0449\u0438\u043c \u0441\u0435\u043c\u0435\u0439\u0441\u0442\u0432\u043e \u043a\u043e\u043d\u0442\u0440\u043e\u043b\u043b\u0435\u0440\u043e\u0432 \u041a\u044a\u044e-\u0433\u0435\u043d\u0435\u0440\u0430\u0446\u0438\u0438, \u0432 \u0441\u043e\u0447\u0435\u0442\u0430\u043d\u0438\u0438 \u0441 \u043e\u0431\u0448\u0438\u0440\u043d\u044b\u043c \u043f\u0430\u043a\u0435\u0442\u043e\u043c \u0432\u0441\u0442\u0440\u043e\u0435\u043d\u043d\u044b\u0445 \u0444\u0443\u043d\u043a\u0446\u0438\u0439.<\/p>\n","protected":false},"featured_media":1726,"template":"","meta":{"_acf_changed":false,"inline_featured_image":false},"product_brand":[],"product_cat":[73],"product_tag":[88,80,102],"class_list":{"0":"post-1691","1":"product","2":"type-product","3":"status-publish","4":"has-post-thumbnail","6":"product_cat-73","7":"product_tag-cng-ru","8":"product_tag-lpg-ru","9":"product_tag-102","11":"first","12":"instock","13":"shipping-taxable","14":"product-type-simple"},"acf":{"cechy_produktu":[]},"yoast_head":"<!-- This site is optimized with the Yoast SEO plugin v26.3 - https:\/\/yoast.com\/wordpress\/plugins\/seo\/ -->\n<title>STAG QMAX PLUS - Stag<\/title>\n<meta name=\"robots\" content=\"index, follow, max-snippet:-1, max-image-preview:large, max-video-preview:-1\" \/>\n<link rel=\"canonical\" href=\"https:\/\/www.stag.pl\/ru\/\u043f\u0440\u043e\u0434\u0443\u043a\u0442\/stag-qmax-plus-ru\/\" \/>\n<meta property=\"og:locale\" content=\"ru_RU\" \/>\n<meta property=\"og:type\" content=\"article\" \/>\n<meta property=\"og:title\" content=\"STAG QMAX PLUS - Stag\" \/>\n<meta property=\"og:description\" content=\"STAG QMAX PLUS \u044f\u0432\u043b\u044f\u0435\u0442\u0441\u044f \u043f\u0440\u043e\u0434\u043e\u043b\u0436\u0435\u043d\u0438\u0435\u043c \u043a\u043e\u043d\u0442\u0440\u043e\u043b\u043b\u0435\u0440\u0430 STAG QBOX PLUS, \u0441\u043f\u0435\u0446\u0438\u0430\u043b\u044c\u043d\u043e \u0440\u0430\u0437\u0440\u0430\u0431\u043e\u0442\u0430\u043d\u043d\u043e\u0433\u043e \u0434\u043b\u044f 1 \u0438 8-\u0446\u0438\u043b\u0438\u043d\u0434\u0440\u043e\u0432\u044b\u0445 \u0434\u0432\u0438\u0433\u0430\u0442\u0435\u043b\u0435\u0439 \u0441 \u043d\u0435\u043f\u0440\u044f\u043c\u044b\u043c \u0432\u043f\u0440\u044b\u0441\u043a\u043e\u043c \u0442\u043e\u043f\u043b\u0438\u0432\u0430. \u041e\u043d \u0445\u0430\u0440\u0430\u043a\u0442\u0435\u0440\u0438\u0437\u0443\u0435\u0442\u0441\u044f \u0442\u0435\u0445\u043d\u0438\u0447\u0435\u0441\u043a\u0438\u043c \u0443\u0441\u043e\u0432\u0435\u0440\u0448\u0435\u043d\u0441\u0442\u0432\u043e\u0432\u0430\u043d\u0438\u0435\u043c, \u043e\u0442\u043b\u0438\u0447\u0430\u044e\u0449\u0438\u043c \u0441\u0435\u043c\u0435\u0439\u0441\u0442\u0432\u043e \u043a\u043e\u043d\u0442\u0440\u043e\u043b\u043b\u0435\u0440\u043e\u0432 \u041a\u044a\u044e-\u0433\u0435\u043d\u0435\u0440\u0430\u0446\u0438\u0438, \u0432 \u0441\u043e\u0447\u0435\u0442\u0430\u043d\u0438\u0438 \u0441 \u043e\u0431\u0448\u0438\u0440\u043d\u044b\u043c \u043f\u0430\u043a\u0435\u0442\u043e\u043c \u0432\u0441\u0442\u0440\u043e\u0435\u043d\u043d\u044b\u0445 \u0444\u0443\u043d\u043a\u0446\u0438\u0439.\" \/>\n<meta property=\"og:url\" content=\"https:\/\/www.stag.pl\/ru\/\u043f\u0440\u043e\u0434\u0443\u043a\u0442\/stag-qmax-plus-ru\/\" \/>\n<meta property=\"og:site_name\" content=\"Stag\" \/>\n<meta property=\"article:modified_time\" content=\"2021-10-14T08:58:44+00:00\" \/>\n<meta property=\"og:image\" content=\"https:\/\/www.stag.pl\/wp-content\/uploads\/2021\/05\/STAG-300-8-QMAX-PLUS-1.png\" \/>\n\t<meta property=\"og:image:width\" content=\"800\" \/>\n\t<meta property=\"og:image:height\" content=\"800\" \/>\n\t<meta property=\"og:image:type\" content=\"image\/png\" \/>\n<meta name=\"twitter:card\" content=\"summary_large_image\" \/>\n<script type=\"application\/ld+json\" class=\"yoast-schema-graph\">{\"@context\":\"https:\/\/schema.org\",\"@graph\":[{\"@type\":\"WebPage\",\"@id\":\"https:\/\/www.stag.pl\/ru\/\u043f\u0440\u043e\u0434\u0443\u043a\u0442\/stag-qmax-plus-ru\/\",\"url\":\"https:\/\/www.stag.pl\/ru\/\u043f\u0440\u043e\u0434\u0443\u043a\u0442\/stag-qmax-plus-ru\/\",\"name\":\"STAG QMAX PLUS - Stag\",\"isPartOf\":{\"@id\":\"https:\/\/www.stag.pl\/#website\"},\"primaryImageOfPage\":{\"@id\":\"https:\/\/www.stag.pl\/ru\/\u043f\u0440\u043e\u0434\u0443\u043a\u0442\/stag-qmax-plus-ru\/#primaryimage\"},\"image\":{\"@id\":\"https:\/\/www.stag.pl\/ru\/\u043f\u0440\u043e\u0434\u0443\u043a\u0442\/stag-qmax-plus-ru\/#primaryimage\"},\"thumbnailUrl\":\"https:\/\/www.stag.pl\/wp-content\/uploads\/2021\/05\/STAG-300-8-QMAX-PLUS-1.png\",\"datePublished\":\"2021-05-27T07:31:57+00:00\",\"dateModified\":\"2021-10-14T08:58:44+00:00\",\"breadcrumb\":{\"@id\":\"https:\/\/www.stag.pl\/ru\/\u043f\u0440\u043e\u0434\u0443\u043a\u0442\/stag-qmax-plus-ru\/#breadcrumb\"},\"inLanguage\":\"ru-RU\",\"potentialAction\":[{\"@type\":\"ReadAction\",\"target\":[\"https:\/\/www.stag.pl\/ru\/\u043f\u0440\u043e\u0434\u0443\u043a\u0442\/stag-qmax-plus-ru\/\"]}]},{\"@type\":\"ImageObject\",\"inLanguage\":\"ru-RU\",\"@id\":\"https:\/\/www.stag.pl\/ru\/\u043f\u0440\u043e\u0434\u0443\u043a\u0442\/stag-qmax-plus-ru\/#primaryimage\",\"url\":\"https:\/\/www.stag.pl\/wp-content\/uploads\/2021\/05\/STAG-300-8-QMAX-PLUS-1.png\",\"contentUrl\":\"https:\/\/www.stag.pl\/wp-content\/uploads\/2021\/05\/STAG-300-8-QMAX-PLUS-1.png\",\"width\":800,\"height\":800},{\"@type\":\"BreadcrumbList\",\"@id\":\"https:\/\/www.stag.pl\/ru\/\u043f\u0440\u043e\u0434\u0443\u043a\u0442\/stag-qmax-plus-ru\/#breadcrumb\",\"itemListElement\":[{\"@type\":\"ListItem\",\"position\":1,\"name\":\"Strona g\u0142\u00f3wna\",\"item\":\"https:\/\/www.stag.pl\/ru\/\"},{\"@type\":\"ListItem\",\"position\":2,\"name\":\"\u041f\u0440\u043e\u0434\u0443\u043a\u0442\u044b\",\"item\":\"https:\/\/www.stag.pl\/ru\/%d0%bf%d1%80%d0%be%d0%b4%d1%83%d0%ba%d1%82%d1%8b\/\"},{\"@type\":\"ListItem\",\"position\":3,\"name\":\"STAG QMAX PLUS\"}]},{\"@type\":\"WebSite\",\"@id\":\"https:\/\/www.stag.pl\/#website\",\"url\":\"https:\/\/www.stag.pl\/\",\"name\":\"Stag\",\"description\":\"Interesuje Ci\u0119 instalacja autogazu w samochodzie? Instalacja gazowa do samochodu od STAG to gwarancja oszcz\u0119dno\u015bci i bezpiecze\u0144stwa. Sprawd\u017a!\",\"potentialAction\":[{\"@type\":\"SearchAction\",\"target\":{\"@type\":\"EntryPoint\",\"urlTemplate\":\"https:\/\/www.stag.pl\/?s={search_term_string}\"},\"query-input\":{\"@type\":\"PropertyValueSpecification\",\"valueRequired\":true,\"valueName\":\"search_term_string\"}}],\"inLanguage\":\"ru-RU\"}]}<\/script>\n<!-- \/ Yoast SEO plugin. -->","yoast_head_json":{"title":"STAG QMAX PLUS - Stag","robots":{"index":"index","follow":"follow","max-snippet":"max-snippet:-1","max-image-preview":"max-image-preview:large","max-video-preview":"max-video-preview:-1"},"canonical":"https:\/\/www.stag.pl\/ru\/\u043f\u0440\u043e\u0434\u0443\u043a\u0442\/stag-qmax-plus-ru\/","og_locale":"ru_RU","og_type":"article","og_title":"STAG QMAX PLUS - Stag","og_description":"STAG QMAX PLUS \u044f\u0432\u043b\u044f\u0435\u0442\u0441\u044f \u043f\u0440\u043e\u0434\u043e\u043b\u0436\u0435\u043d\u0438\u0435\u043c \u043a\u043e\u043d\u0442\u0440\u043e\u043b\u043b\u0435\u0440\u0430 STAG QBOX PLUS, \u0441\u043f\u0435\u0446\u0438\u0430\u043b\u044c\u043d\u043e \u0440\u0430\u0437\u0440\u0430\u0431\u043e\u0442\u0430\u043d\u043d\u043e\u0433\u043e \u0434\u043b\u044f 1 \u0438 8-\u0446\u0438\u043b\u0438\u043d\u0434\u0440\u043e\u0432\u044b\u0445 \u0434\u0432\u0438\u0433\u0430\u0442\u0435\u043b\u0435\u0439 \u0441 \u043d\u0435\u043f\u0440\u044f\u043c\u044b\u043c \u0432\u043f\u0440\u044b\u0441\u043a\u043e\u043c \u0442\u043e\u043f\u043b\u0438\u0432\u0430. \u041e\u043d \u0445\u0430\u0440\u0430\u043a\u0442\u0435\u0440\u0438\u0437\u0443\u0435\u0442\u0441\u044f \u0442\u0435\u0445\u043d\u0438\u0447\u0435\u0441\u043a\u0438\u043c \u0443\u0441\u043e\u0432\u0435\u0440\u0448\u0435\u043d\u0441\u0442\u0432\u043e\u0432\u0430\u043d\u0438\u0435\u043c, \u043e\u0442\u043b\u0438\u0447\u0430\u044e\u0449\u0438\u043c \u0441\u0435\u043c\u0435\u0439\u0441\u0442\u0432\u043e \u043a\u043e\u043d\u0442\u0440\u043e\u043b\u043b\u0435\u0440\u043e\u0432 \u041a\u044a\u044e-\u0433\u0435\u043d\u0435\u0440\u0430\u0446\u0438\u0438, \u0432 \u0441\u043e\u0447\u0435\u0442\u0430\u043d\u0438\u0438 \u0441 \u043e\u0431\u0448\u0438\u0440\u043d\u044b\u043c \u043f\u0430\u043a\u0435\u0442\u043e\u043c \u0432\u0441\u0442\u0440\u043e\u0435\u043d\u043d\u044b\u0445 \u0444\u0443\u043d\u043a\u0446\u0438\u0439.","og_url":"https:\/\/www.stag.pl\/ru\/\u043f\u0440\u043e\u0434\u0443\u043a\u0442\/stag-qmax-plus-ru\/","og_site_name":"Stag","article_modified_time":"2021-10-14T08:58:44+00:00","og_image":[{"width":800,"height":800,"url":"https:\/\/www.stag.pl\/wp-content\/uploads\/2021\/05\/STAG-300-8-QMAX-PLUS-1.png","type":"image\/png"}],"twitter_card":"summary_large_image","schema":{"@context":"https:\/\/schema.org","@graph":[{"@type":"WebPage","@id":"https:\/\/www.stag.pl\/ru\/\u043f\u0440\u043e\u0434\u0443\u043a\u0442\/stag-qmax-plus-ru\/","url":"https:\/\/www.stag.pl\/ru\/\u043f\u0440\u043e\u0434\u0443\u043a\u0442\/stag-qmax-plus-ru\/","name":"STAG QMAX PLUS - Stag","isPartOf":{"@id":"https:\/\/www.stag.pl\/#website"},"primaryImageOfPage":{"@id":"https:\/\/www.stag.pl\/ru\/\u043f\u0440\u043e\u0434\u0443\u043a\u0442\/stag-qmax-plus-ru\/#primaryimage"},"image":{"@id":"https:\/\/www.stag.pl\/ru\/\u043f\u0440\u043e\u0434\u0443\u043a\u0442\/stag-qmax-plus-ru\/#primaryimage"},"thumbnailUrl":"https:\/\/www.stag.pl\/wp-content\/uploads\/2021\/05\/STAG-300-8-QMAX-PLUS-1.png","datePublished":"2021-05-27T07:31:57+00:00","dateModified":"2021-10-14T08:58:44+00:00","breadcrumb":{"@id":"https:\/\/www.stag.pl\/ru\/\u043f\u0440\u043e\u0434\u0443\u043a\u0442\/stag-qmax-plus-ru\/#breadcrumb"},"inLanguage":"ru-RU","potentialAction":[{"@type":"ReadAction","target":["https:\/\/www.stag.pl\/ru\/\u043f\u0440\u043e\u0434\u0443\u043a\u0442\/stag-qmax-plus-ru\/"]}]},{"@type":"ImageObject","inLanguage":"ru-RU","@id":"https:\/\/www.stag.pl\/ru\/\u043f\u0440\u043e\u0434\u0443\u043a\u0442\/stag-qmax-plus-ru\/#primaryimage","url":"https:\/\/www.stag.pl\/wp-content\/uploads\/2021\/05\/STAG-300-8-QMAX-PLUS-1.png","contentUrl":"https:\/\/www.stag.pl\/wp-content\/uploads\/2021\/05\/STAG-300-8-QMAX-PLUS-1.png","width":800,"height":800},{"@type":"BreadcrumbList","@id":"https:\/\/www.stag.pl\/ru\/\u043f\u0440\u043e\u0434\u0443\u043a\u0442\/stag-qmax-plus-ru\/#breadcrumb","itemListElement":[{"@type":"ListItem","position":1,"name":"Strona g\u0142\u00f3wna","item":"https:\/\/www.stag.pl\/ru\/"},{"@type":"ListItem","position":2,"name":"\u041f\u0440\u043e\u0434\u0443\u043a\u0442\u044b","item":"https:\/\/www.stag.pl\/ru\/%d0%bf%d1%80%d0%be%d0%b4%d1%83%d0%ba%d1%82%d1%8b\/"},{"@type":"ListItem","position":3,"name":"STAG QMAX PLUS"}]},{"@type":"WebSite","@id":"https:\/\/www.stag.pl\/#website","url":"https:\/\/www.stag.pl\/","name":"Stag","description":"Interesuje Ci\u0119 instalacja autogazu w samochodzie? Instalacja gazowa do samochodu od STAG to gwarancja oszcz\u0119dno\u015bci i bezpiecze\u0144stwa. Sprawd\u017a!","potentialAction":[{"@type":"SearchAction","target":{"@type":"EntryPoint","urlTemplate":"https:\/\/www.stag.pl\/?s={search_term_string}"},"query-input":{"@type":"PropertyValueSpecification","valueRequired":true,"valueName":"search_term_string"}}],"inLanguage":"ru-RU"}]}},"_links":{"self":[{"href":"https:\/\/www.stag.pl\/ru\/wp-json\/wp\/v2\/product\/1691","targetHints":{"allow":["GET"]}}],"collection":[{"href":"https:\/\/www.stag.pl\/ru\/wp-json\/wp\/v2\/product"}],"about":[{"href":"https:\/\/www.stag.pl\/ru\/wp-json\/wp\/v2\/types\/product"}],"wp:featuredmedia":[{"embeddable":true,"href":"https:\/\/www.stag.pl\/ru\/wp-json\/wp\/v2\/media\/1726"}],"wp:attachment":[{"href":"https:\/\/www.stag.pl\/ru\/wp-json\/wp\/v2\/media?parent=1691"}],"wp:term":[{"taxonomy":"product_brand","embeddable":true,"href":"https:\/\/www.stag.pl\/ru\/wp-json\/wp\/v2\/product_brand?post=1691"},{"taxonomy":"product_cat","embeddable":true,"href":"https:\/\/www.stag.pl\/ru\/wp-json\/wp\/v2\/product_cat?post=1691"},{"taxonomy":"product_tag","embeddable":true,"href":"https:\/\/www.stag.pl\/ru\/wp-json\/wp\/v2\/product_tag?post=1691"}],"curies":[{"name":"wp","href":"https:\/\/api.w.org\/{rel}","templated":true}]}}